{"id":18,"date":"2018-11-15T00:52:19","date_gmt":"2018-11-15T00:52:19","guid":{"rendered":"https:\/\/aagts.brasilia.fiocruz.br\/?page_id=12"},"modified":"2022-03-25T16:08:30","modified_gmt":"2022-03-25T19:08:30","slug":"participacao-social-popart","status":"publish","type":"page","link":"https:\/\/brasilia.fiocruz.br\/aagts\/participacao-social-popart\/","title":{"rendered":"Participa\u00e7\u00e3o social POPART"},"content":{"rendered":"<p>[et_pb_section fb_built=&#8221;1&#8243; fullwidth=&#8221;on&#8221; _builder_version=&#8221;3.22.3&#8243; bottom_divider_color=&#8221;#ffffff&#8221;][et_pb_fullwidth_header title=&#8221;Participa\u00e7\u00e3o Social POPART&#8221; text_orientation=&#8221;center&#8221; background_overlay_color=&#8221;rgba(22,78,112,0.46)&#8221; _builder_version=&#8221;4.5.3&#8243; title_font=&#8221;Lora|700|||||||&#8221; title_text_align=&#8221;center&#8221; title_font_size=&#8221;50px&#8221; background_image=&#8221;https:\/\/brasilia.fiocruz.br\/aagts\/wp-content\/uploads\/sites\/4\/2020\/07\/fundo-site.jpg&#8221; custom_padding=&#8221;150px||10px&#8221; hover_enabled=&#8221;0&#8243; title_text_shadow_style=&#8221;preset2&#8243; title_text=&#8221;fundo-site&#8221;][\/et_pb_fullwidth_header][\/et_pb_section][et_pb_section fb_built=&#8221;1&#8243; admin_label=&#8221;About Section&#8221; _builder_version=&#8221;3.22.3&#8243; background_color=&#8221;#ffffff&#8221; custom_padding=&#8221;0|0|96px|0|false|false&#8221;][et_pb_row _builder_version=&#8221;3.25&#8243; custom_padding=&#8221;100px|0px|0|0px|false|false&#8221;][et_pb_column type=&#8221;4_4&#8243; _builder_version=&#8221;3.25&#8243; custom_padding__hover=&#8221;|||&#8221;][et_pb_text _builder_version=&#8221;3.27.4&#8243; text_font=&#8221;||||||||&#8221; header_font=&#8221;||||||||&#8221; header_2_font=&#8221;Lora|700|||||||&#8221; header_2_font_size=&#8221;50px&#8221; header_2_line_height=&#8221;1.5em&#8221; header_5_font=&#8221;Oswald|||on|||||&#8221; header_5_text_color=&#8221;rgba(0,0,0,0.4)&#8221; header_5_font_size=&#8221;20px&#8221; header_5_letter_spacing=&#8221;3px&#8221; header_5_line_height=&#8221;1.7em&#8221; text_orientation=&#8221;center&#8221; max_width=&#8221;600px&#8221; module_alignment=&#8221;center&#8221; text_line_height_last_edited=&#8221;off|desktop&#8221; header_2_font_size_tablet=&#8221;&#8221; header_2_font_size_phone=&#8221;36px&#8221; header_2_font_size_last_edited=&#8221;on|desktop&#8221;]<\/p>\n<h5>sobre o<\/h5>\n<h2>Subprojeto<\/h2>\n<p>[\/et_pb_text][et_pb_text _builder_version=&#8221;3.27.4&#8243; text_font=&#8221;|600|||||||&#8221; text_font_size=&#8221;16px&#8221; text_line_height=&#8221;1.9em&#8221;]<\/p>\n<p style=\"text-align: center\">O subprojeto POPART est\u00e1 focado no desenvolvimento de metodologias de consulta p\u00fablica sobre tecnologias em sa\u00fade e na sua an\u00e1lise.<\/p>\n<p>[\/et_pb_text][\/et_pb_column][\/et_pb_row][et_pb_row _builder_version=&#8221;3.25&#8243; custom_padding=&#8221;98px|0px|26.25px|0px|false|false&#8221;][et_pb_column type=&#8221;4_4&#8243; _builder_version=&#8221;3.25&#8243; custom_padding__hover=&#8221;|||&#8221;][et_pb_text _builder_version=&#8221;3.27.4&#8243; text_font=&#8221;||||||||&#8221; header_font=&#8221;||||||||&#8221; header_2_font=&#8221;Lora|700|||||||&#8221; header_2_font_size=&#8221;50px&#8221; header_2_line_height=&#8221;1.5em&#8221; header_5_font=&#8221;Oswald|||on|||||&#8221; header_5_text_color=&#8221;rgba(0,0,0,0.4)&#8221; header_5_font_size=&#8221;20px&#8221; header_5_letter_spacing=&#8221;3px&#8221; header_5_line_height=&#8221;1.7em&#8221; text_orientation=&#8221;center&#8221; max_width=&#8221;600px&#8221; module_alignment=&#8221;center&#8221; text_line_height_last_edited=&#8221;off|desktop&#8221; header_2_font_size_tablet=&#8221;&#8221; header_2_font_size_phone=&#8221;36px&#8221; header_2_font_size_last_edited=&#8221;on|desktop&#8221;]<\/p>\n<h5>nossa<\/h5>\n<h2>Equipe<\/h2>\n<p>[\/et_pb_text][\/et_pb_column][\/et_pb_row][et_pb_row use_custom_gutter=&#8221;on&#8221; gutter_width=&#8221;2&#8243; make_equal=&#8221;on&#8221; _builder_version=&#8221;4.4.1&#8243; width=&#8221;85%&#8221; max_width=&#8221;85%&#8221; module_alignment=&#8221;center&#8221; custom_margin=&#8221;|215px|-1px|auto||&#8221; custom_padding=&#8221;27px|5px|99px|0px|false|false&#8221; column_structure=&#8221;1_5,1_5,1_5,1_5,1_5&#8243;][et_pb_column type=&#8221;1_5&#8243; _builder_version=&#8221;4.0.6&#8243;][et_pb_team_member name=&#8221;Jorge Barreto &#8221; position=&#8221;Pesquisador, coordenador Geral&#8221; image_url=&#8221;https:\/\/brasilia.fiocruz.br\/aagts\/wp-content\/uploads\/sites\/4\/2020\/07\/Quem-Somos-Jorge.jpg&#8221; module_class=&#8221;b3_team&#8221; _builder_version=&#8221;3.23.3&#8243; header_font=&#8221;|700|||||||&#8221; header_font_size=&#8221;18px&#8221; body_font=&#8221;||||||||&#8221; body_font_size=&#8221;12px&#8221; custom_margin=&#8221;|||&#8221; custom_padding=&#8221;|0px||1px||&#8221; custom_css_main_element=&#8221;height:100%&#8221; custom_css_member_image=&#8221;||&#8221; locked=&#8221;off&#8221;]<\/p>\n<p style=\"text-align: center\"><a href=\"http:\/\/buscatextual.cnpq.br\/buscatextual\/visualizacv.do?id=K4208336U8\" target=\"_blank\" rel=\"noopener noreferrer\" title=\"Lattes Jorge Barreto\"><span><\/span><\/a><a href=\"http:\/\/buscatextual.cnpq.br\/buscatextual\/visualizacv.do?id=K4208336U8\" target=\"_blank\" rel=\"noopener noreferrer\" title=\"Lattes Jorge Barreto\">Bacharelado em Direito pela Universidade Federal do Cear\u00e1, especialista em Avalia\u00e7\u00e3o de Tecnologias em Sa\u00fade e Economia da Sa\u00fade &#8230;<\/a><\/p>\n<p>[\/et_pb_team_member][\/et_pb_column][et_pb_column type=&#8221;1_5&#8243; _builder_version=&#8221;3.25&#8243; custom_css_main_element=&#8221;position: relative;||&#8221; custom_padding__hover=&#8221;|||&#8221;][et_pb_team_member name=&#8221;Sharmila Sousa&#8221; position=&#8221;Pesquisadora, coordenadora adjunta &#8221; image_url=&#8221;https:\/\/brasilia.fiocruz.br\/aagts\/wp-content\/uploads\/sites\/4\/2020\/07\/Quem-Somos-Sharmila-Sousa-.jpg&#8221; module_class=&#8221;b3_team&#8221; _builder_version=&#8221;3.23.3&#8243; header_font=&#8221;|700|||||||&#8221; header_font_size=&#8221;18px&#8221; body_font=&#8221;||||||||&#8221; body_font_size=&#8221;12px&#8221; custom_margin=&#8221;|||&#8221; custom_padding=&#8221;|1px||1px&#8221; custom_css_main_element=&#8221;height:100%&#8221; custom_css_member_image=&#8221;||&#8221;]<\/p>\n<p><a href=\"http:\/\/buscatextual.cnpq.br\/buscatextual\/visualizacv.do?id=K4213069D8\" target=\"_blank\" rel=\"noopener noreferrer\" title=\"Lattes Sharmila Sousa\"><span>Graduada em Ci\u00eancias Biol\u00f3gicas &#8211; Modalidade M\u00e9dica pela Universidade Federal de S\u00e3o Paulo &#8230;<\/span><\/a><\/p>\n<p>[\/et_pb_team_member][\/et_pb_column][et_pb_column type=&#8221;1_5&#8243; _builder_version=&#8221;4.0.6&#8243;][et_pb_team_member name=&#8221;Mabel Figueir\u00f3 &#8221; position=&#8221;Pesquisadora &#8221; image_url=&#8221;https:\/\/brasilia.fiocruz.br\/aagts\/wp-content\/uploads\/sites\/4\/2020\/07\/Quem-Somos-Mabel-Fernandes-Figueir\u00c3\u00b3-.jpg&#8221; module_class=&#8221;b3_team&#8221; _builder_version=&#8221;3.23.3&#8243; header_font=&#8221;|700|||||||&#8221; header_font_size=&#8221;18px&#8221; body_font=&#8221;||||||||&#8221; body_font_size=&#8221;12px&#8221; custom_margin=&#8221;|||&#8221; custom_padding=&#8221;|1px||1px&#8221; custom_css_main_element=&#8221;height:100%&#8221; custom_css_member_image=&#8221;||&#8221;]<\/p>\n<p><a href=\"http:\/\/buscatextual.cnpq.br\/buscatextual\/visualizacv.do?id=K4423764D2\" title=\"Lattes Mabel Fernandes Figueir\u00f3\" target=\"_blank\" rel=\"noopener noreferrer\"><span>Graduada em Biblioteconomia pela Faculdade de Biblioteconomia e Comunica\u00e7\u00e3o da UFRGS&#8230;<\/span><\/a><\/p>\n<p>[\/et_pb_team_member][\/et_pb_column][et_pb_column type=&#8221;1_5&#8243; _builder_version=&#8221;3.25&#8243; custom_css_main_element=&#8221;position: relative;||&#8221; custom_padding__hover=&#8221;|||&#8221;][et_pb_team_member name=&#8221;Vicky Pileggi &#8221; position=&#8221;Pesquisadora&#8221; image_url=&#8221;https:\/\/brasilia.fiocruz.br\/aagts\/wp-content\/uploads\/sites\/4\/2020\/07\/Quem-Somos-Vicky-Nogueira-.jpg&#8221; module_class=&#8221;b3_team&#8221; _builder_version=&#8221;3.23.3&#8243; header_font=&#8221;|700|||||||&#8221; header_font_size=&#8221;18px&#8221; body_font=&#8221;||||||||&#8221; body_font_size=&#8221;12px&#8221; custom_margin=&#8221;|||&#8221; custom_padding=&#8221;|1px||1px&#8221; custom_css_main_element=&#8221;height:100%&#8221; custom_css_member_image=&#8221;||&#8221;]<\/p>\n<p><a href=\"http:\/\/buscatextual.cnpq.br\/buscatextual\/visualizacv.do?id=K4243288U6\" title=\"Lattes Vicky Pileggi\" target=\"_blank\" rel=\"noopener noreferrer\"><span>Graduada em Nutri\u00e7\u00e3o pela Faculdade de Medicina de Ribeir\u00e3o Preto da Universidade de S\u00e3o Paulo&#8230;<\/span><\/a><\/p>\n<p>[\/et_pb_team_member][\/et_pb_column][et_pb_column type=&#8221;1_5&#8243; _builder_version=&#8221;3.25&#8243; custom_css_main_element=&#8221;position: relative;||&#8221; custom_padding__hover=&#8221;|||&#8221;][et_pb_team_member name=&#8221;Edison Claudino &#8221; position=&#8221;Pesquisador&#8221; image_url=&#8221;https:\/\/brasilia.fiocruz.br\/aagts\/wp-content\/uploads\/sites\/4\/2020\/07\/Quem-Somos-Edison-Claudino-.jpg&#8221; module_class=&#8221;b3_team&#8221; _builder_version=&#8221;3.23.3&#8243; header_font=&#8221;|700|||||||&#8221; header_font_size=&#8221;18px&#8221; body_font=&#8221;||||||||&#8221; body_font_size=&#8221;12px&#8221; custom_margin=&#8221;|||&#8221; custom_padding=&#8221;|1px||1px&#8221; custom_css_main_element=&#8221;height:100%&#8221; custom_css_member_image=&#8221;||&#8221;]<\/p>\n<p><a href=\"http:\/\/buscatextual.cnpq.br\/buscatextual\/visualizacv.do?id=K4766433T0\" title=\"Lattes Edison Bicudo\" target=\"_blank\" rel=\"noopener noreferrer\"><span>Pesquisador em n\u00edvel de p\u00f3s-doutorado do Departamento de Sociologia da Universidade de S\u00e3o Paulo (USP)&#8230;<\/span><\/a><\/p>\n<p><span><\/span><\/p>\n<p>[\/et_pb_team_member][\/et_pb_column][\/et_pb_row][et_pb_row use_custom_gutter=&#8221;on&#8221; gutter_width=&#8221;1&#8243; _builder_version=&#8221;3.25&#8243; custom_padding=&#8221;0|0px|0|0px|false|false&#8221; column_structure=&#8221;1_4,1_4,1_4,1_4&#8243;][et_pb_column type=&#8221;1_4&#8243; _builder_version=&#8221;3.25&#8243; custom_padding__hover=&#8221;|||&#8221;][et_pb_cta title=&#8221;Estudos&#8221; _builder_version=&#8221;3.23.3&#8243; header_font=&#8221;||||||||&#8221; header_font_size=&#8221;25px&#8221; header_line_height=&#8221;1.5em&#8221; body_font=&#8221;||||||||&#8221; body_text_color=&#8221;rgba(0,0,0,0)&#8221; body_font_size=&#8221;1px&#8221; body_line_height=&#8221;1.4em&#8221; background_color=&#8221;#cc7722&#8243; background_blend=&#8221;multiply&#8221; custom_button=&#8221;on&#8221; button_text_size=&#8221;16px&#8221; button_text_color=&#8221;rgba(0,0,0,0)&#8221; button_border_width=&#8221;0px&#8221; button_border_radius=&#8221;40px&#8221; button_font=&#8221;Oswald||||||||&#8221; button_use_icon=&#8221;off&#8221; custom_padding=&#8221;||&#8221; hover_transition_duration=&#8221;150ms&#8221; link_option_url=&#8221;https:\/\/brasilia.fiocruz.br\/aagts\/participacao-social-popart\/popart-estudos\/&#8221; custom_css_main_element=&#8221;height:350px&#8221; custom_css_promo_title=&#8221;margin-top:100px;&#8221; border_radii=&#8221;|30px|||30px&#8221; border_width_all=&#8221;1px&#8221; border_color_all=&#8221;#ffffff&#8221; header_text_color__hover_enabled=&#8221;on&#8221; header_text_color__hover=&#8221;#ffffff&#8221; body_text_color__hover_enabled=&#8221;on&#8221; body_text_color__hover=&#8221;#ffffff&#8221; header_font_size__hover_enabled=&#8221;on&#8221; body_font_size__hover_enabled=&#8221;on&#8221; body_font_size__hover=&#8221;31px&#8221; header_font_size__hover=&#8221;25px&#8221; custom_padding__hover_enabled=&#8221;on&#8221; custom_padding__hover=&#8221;0px||&#8221; button_text_color__hover_enabled=&#8221;on&#8221; button_text_color__hover=&#8221;#000000&#8243; button_bg_color__hover_enabled=&#8221;on&#8221; button_bg_color__hover=&#8221;rgba(255,255,255,0.78)&#8221; background_color__hover=&#8221;#8c5112&#8243; background__hover_enabled=&#8221;on&#8221;][\/et_pb_cta][\/et_pb_column][et_pb_column type=&#8221;1_4&#8243; _builder_version=&#8221;3.25&#8243; custom_padding__hover=&#8221;|||&#8221;][et_pb_cta title=&#8221;M\u00e9todos&#8221; _builder_version=&#8221;3.23.3&#8243; header_font=&#8221;||||||||&#8221; header_font_size=&#8221;25px&#8221; header_line_height=&#8221;1.5em&#8221; body_font=&#8221;||||||||&#8221; body_text_color=&#8221;rgba(0,0,0,0)&#8221; body_font_size=&#8221;1px&#8221; body_line_height=&#8221;1.4em&#8221; background_color=&#8221;#cc7722&#8243; background_blend=&#8221;multiply&#8221; custom_button=&#8221;on&#8221; button_text_size=&#8221;16px&#8221; button_text_color=&#8221;rgba(0,0,0,0)&#8221; button_border_width=&#8221;0px&#8221; button_border_radius=&#8221;40px&#8221; button_font=&#8221;Oswald||||||||&#8221; button_use_icon=&#8221;off&#8221; custom_padding=&#8221;||&#8221; hover_transition_duration=&#8221;150ms&#8221; link_option_url=&#8221;https:\/\/brasilia.fiocruz.br\/aagts\/participacao-social-popart\/popart-metodos\/&#8221; custom_css_main_element=&#8221;height:350px&#8221; custom_css_promo_title=&#8221;margin-top:100px;&#8221; border_width_all=&#8221;1px&#8221; border_color_all=&#8221;#ffffff&#8221; header_text_color__hover_enabled=&#8221;on&#8221; header_text_color__hover=&#8221;#ffffff&#8221; body_text_color__hover_enabled=&#8221;on&#8221; body_text_color__hover=&#8221;#ffffff&#8221; header_font_size__hover_enabled=&#8221;on&#8221; body_font_size__hover_enabled=&#8221;on&#8221; body_font_size__hover=&#8221;31px&#8221; header_font_size__hover=&#8221;25px&#8221; custom_padding__hover_enabled=&#8221;on&#8221; custom_padding__hover=&#8221;0px||&#8221; button_text_color__hover_enabled=&#8221;on&#8221; button_text_color__hover=&#8221;#000000&#8243; button_bg_color__hover_enabled=&#8221;on&#8221; button_bg_color__hover=&#8221;rgba(255,255,255,0.78)&#8221; background_color__hover=&#8221;#8c5112&#8243; background__hover_enabled=&#8221;on&#8221;][\/et_pb_cta][\/et_pb_column][et_pb_column type=&#8221;1_4&#8243; _builder_version=&#8221;3.25&#8243; custom_padding__hover=&#8221;|||&#8221;][et_pb_cta title=&#8221;Capacita\u00e7\u00e3o&#8221; _builder_version=&#8221;3.23.3&#8243; header_font=&#8221;||||||||&#8221; header_font_size=&#8221;25px&#8221; header_line_height=&#8221;1.5em&#8221; body_font=&#8221;||||||||&#8221; body_text_color=&#8221;rgba(0,0,0,0)&#8221; body_font_size=&#8221;1px&#8221; body_line_height=&#8221;1.4em&#8221; background_color=&#8221;#cc7722&#8243; background_blend=&#8221;multiply&#8221; custom_margin=&#8221;|||&#8221; custom_padding=&#8221;|5px||5px&#8221; hover_transition_duration=&#8221;150ms&#8221; link_option_url=&#8221;https:\/\/brasilia.fiocruz.br\/aagts\/participacao-social-popart\/popart-capacitacao\/&#8221; custom_css_main_element=&#8221;height:350px&#8221; custom_css_promo_title=&#8221;margin-top:100px;&#8221; border_width_all=&#8221;1px&#8221; border_color_all=&#8221;#ffffff&#8221; header_text_color__hover_enabled=&#8221;on&#8221; header_text_color__hover=&#8221;#ffffff&#8221; body_text_color__hover_enabled=&#8221;on&#8221; body_text_color__hover=&#8221;#ffffff&#8221; header_font_size__hover_enabled=&#8221;on&#8221; body_font_size__hover_enabled=&#8221;on&#8221; body_font_size__hover=&#8221;31px&#8221; header_font_size__hover=&#8221;25px&#8221; custom_padding__hover_enabled=&#8221;on&#8221; custom_padding__hover=&#8221;0px||&#8221; background_color__hover=&#8221;#8c5112&#8243; background__hover_enabled=&#8221;on&#8221;][\/et_pb_cta][\/et_pb_column][et_pb_column type=&#8221;1_4&#8243; _builder_version=&#8221;3.25&#8243; custom_padding__hover=&#8221;|||&#8221;][et_pb_cta title=&#8221;Produtos&#8221; _builder_version=&#8221;3.23.3&#8243; header_font=&#8221;||||||||&#8221; header_font_size=&#8221;25px&#8221; header_line_height=&#8221;1.5em&#8221; body_font=&#8221;||||||||&#8221; body_text_color=&#8221;rgba(0,0,0,0)&#8221; body_font_size=&#8221;1px&#8221; body_line_height=&#8221;1.4em&#8221; background_color=&#8221;#cc7722&#8243; background_blend=&#8221;multiply&#8221; custom_padding=&#8221;|5px||5px&#8221; hover_transition_duration=&#8221;150ms&#8221; link_option_url=&#8221;https:\/\/brasilia.fiocruz.br\/aagts\/participacao-social-popart\/popart-produtos\/&#8221; custom_css_main_element=&#8221;height:350px&#8221; custom_css_promo_title=&#8221;margin-top:100px;&#8221; border_radii=&#8221;||30px|30px|&#8221; border_width_all=&#8221;1px&#8221; border_color_all=&#8221;#ffffff&#8221; header_text_color__hover_enabled=&#8221;on&#8221; header_text_color__hover=&#8221;#ffffff&#8221; body_text_color__hover_enabled=&#8221;on&#8221; body_text_color__hover=&#8221;#ffffff&#8221; header_font_size__hover_enabled=&#8221;on&#8221; body_font_size__hover_enabled=&#8221;on&#8221; body_font_size__hover=&#8221;31px&#8221; header_font_size__hover=&#8221;25px&#8221; custom_padding__hover_enabled=&#8221;on&#8221; custom_padding__hover=&#8221;0px||&#8221; background_color__hover=&#8221;#8c5112&#8243; background__hover_enabled=&#8221;on&#8221;][\/et_pb_cta][\/et_pb_column][\/et_pb_row][\/et_pb_section][et_pb_section fb_built=&#8221;1&#8243; _builder_version=&#8221;3.22.3&#8243; custom_padding=&#8221;0|0px|0|0px|false|false&#8221;][et_pb_row _builder_version=&#8221;3.25&#8243; custom_padding=&#8221;0|0px|0|0px|false|false&#8221;][et_pb_column type=&#8221;4_4&#8243; _builder_version=&#8221;3.25&#8243; custom_padding__hover=&#8221;|||&#8221;][et_pb_button button_url=&#8221;https:\/\/aagts.brasilia.fiocruz.br\/fale-conosco&#8221; button_text=&#8221;fale conosco&#8221; button_alignment=&#8221;center&#8221; module_id=&#8221;botaofaleconosco&#8221; _builder_version=&#8221;3.19.18&#8243; custom_button=&#8221;on&#8221; button_text_size=&#8221;13px&#8221; button_bg_color=&#8221;#164e70&#8243; button_border_width=&#8221;6px&#8221; button_border_color=&#8221;rgba(209,189,175,0)&#8221; button_border_radius=&#8221;100px&#8221; button_letter_spacing=&#8221;3px&#8221; button_font=&#8221;Oswald|||on|||||&#8221; button_use_icon=&#8221;off&#8221; background_layout=&#8221;dark&#8221; custom_margin=&#8221;|||&#8221; button_bg_color_hover=&#8221;#cc8d66&#8243; locked=&#8221;off&#8221; button_text_size__hover_enabled=&#8221;off&#8221; button_one_text_size__hover_enabled=&#8221;off&#8221; button_two_text_size__hover_enabled=&#8221;off&#8221; button_text_color__hover_enabled=&#8221;off&#8221; button_one_text_color__hover_enabled=&#8221;off&#8221; button_two_text_color__hover_enabled=&#8221;off&#8221; button_border_width__hover_enabled=&#8221;on&#8221; button_one_border_width__hover_enabled=&#8221;off&#8221; button_two_border_width__hover_enabled=&#8221;off&#8221; button_border_color__hover_enabled=&#8221;off&#8221; button_one_border_color__hover_enabled=&#8221;off&#8221; button_two_border_color__hover_enabled=&#8221;off&#8221; button_border_radius__hover_enabled=&#8221;off&#8221; button_one_border_radius__hover_enabled=&#8221;off&#8221; button_two_border_radius__hover_enabled=&#8221;off&#8221; button_letter_spacing__hover_enabled=&#8221;off&#8221; button_one_letter_spacing__hover_enabled=&#8221;off&#8221; button_two_letter_spacing__hover_enabled=&#8221;off&#8221; button_bg_color__hover_enabled=&#8221;on&#8221; button_bg_color__hover=&#8221;#6bc7e6&#8243; button_one_bg_color__hover_enabled=&#8221;off&#8221; button_two_bg_color__hover_enabled=&#8221;off&#8221;][\/et_pb_button][\/et_pb_column][\/et_pb_row][\/et_pb_section][et_pb_section fb_built=&#8221;1&#8243; module_id=&#8221;stop&#8221; _builder_version=&#8221;3.22.3&#8243; background_color=&#8221;#003347&#8243; custom_margin=&#8221;1px|||||&#8221; custom_padding=&#8221;54px|0px|0|0px|false|false&#8221; saved_tabs=&#8221;all&#8221;][et_pb_row make_equal=&#8221;on&#8221; _builder_version=&#8221;3.25&#8243; custom_padding=&#8221;27px|0px|41px|0px|false|false&#8221; custom_css_main_element=&#8221;align-items: center;&#8221; column_structure=&#8221;1_2,1_2&#8243;][et_pb_column type=&#8221;1_2&#8243; _builder_version=&#8221;3.25&#8243; custom_padding__hover=&#8221;|||&#8221;][et_pb_image src=&#8221;https:\/\/aagts.brasilia.fiocruz.br\/wp-content\/uploads\/2019\/02\/Logo-Fiocruz-02.png&#8221; align_tablet=&#8221;center&#8221; align_phone=&#8221;&#8221; align_last_edited=&#8221;on|desktop&#8221; _builder_version=&#8221;3.23&#8243; max_width=&#8221;66%&#8221; module_alignment=&#8221;right&#8221;][\/et_pb_image][\/et_pb_column][et_pb_column type=&#8221;1_2&#8243; _builder_version=&#8221;3.25&#8243; custom_padding__hover=&#8221;|||&#8221;][et_pb_button button_url=&#8221;https:\/\/aagts.brasilia.fiocruz.br\/?page_id=344&#8243; button_text=&#8221;Fale Conosco&#8221; button_alignment=&#8221;center&#8221; _builder_version=&#8221;4.0.6&#8243; custom_button=&#8221;on&#8221; button_text_size=&#8221;16px&#8221; button_text_color=&#8221;#164e70&#8243; button_bg_color=&#8221;#ffffff&#8221; button_border_width=&#8221;6px&#8221; button_border_color=&#8221;rgba(209,189,175,0)&#8221; button_border_radius=&#8221;100px&#8221; button_letter_spacing=&#8221;3px&#8221; button_font=&#8221;Oswald|||on|||||&#8221; button_use_icon=&#8221;off&#8221; background_layout=&#8221;dark&#8221; button_bg_color_hover=&#8221;#cc8d66&#8243; locked=&#8221;off&#8221; button_text_size__hover_enabled=&#8221;off&#8221; button_one_text_size__hover_enabled=&#8221;off&#8221; button_two_text_size__hover_enabled=&#8221;off&#8221; button_text_color__hover_enabled=&#8221;off&#8221; button_one_text_color__hover_enabled=&#8221;off&#8221; button_two_text_color__hover_enabled=&#8221;off&#8221; button_border_width__hover_enabled=&#8221;on&#8221; button_one_border_width__hover_enabled=&#8221;off&#8221; button_two_border_width__hover_enabled=&#8221;off&#8221; button_border_color__hover_enabled=&#8221;off&#8221; button_one_border_color__hover_enabled=&#8221;off&#8221; button_two_border_color__hover_enabled=&#8221;off&#8221; button_border_radius__hover_enabled=&#8221;off&#8221; button_one_border_radius__hover_enabled=&#8221;off&#8221; button_two_border_radius__hover_enabled=&#8221;off&#8221; button_letter_spacing__hover_enabled=&#8221;off&#8221; button_one_letter_spacing__hover_enabled=&#8221;off&#8221; button_two_letter_spacing__hover_enabled=&#8221;off&#8221; button_bg_color__hover_enabled=&#8221;on&#8221; button_bg_color__hover=&#8221;#6bc7e6&#8243; button_one_bg_color__hover_enabled=&#8221;off&#8221; button_two_bg_color__hover_enabled=&#8221;off&#8221;][\/et_pb_button][\/et_pb_column][\/et_pb_row][et_pb_row make_equal=&#8221;on&#8221; _builder_version=&#8221;3.25&#8243; custom_padding=&#8221;42px|0px|74px|0px|false|false&#8221; custom_css_main_element=&#8221;align-items: center;&#8221;][et_pb_column type=&#8221;4_4&#8243; _builder_version=&#8221;3.25&#8243; custom_padding__hover=&#8221;|||&#8221;][et_pb_divider _builder_version=&#8221;3.19.18&#8243; max_width=&#8221;69%&#8221; module_alignment=&#8221;center&#8221;][\/et_pb_divider][et_pb_text _builder_version=&#8221;4.0.6&#8243; text_font=&#8221;||||||||&#8221; text_text_color=&#8221;#ffffff&#8221;]<\/p>\n<p style=\"text-align: center\">Todos os direitos reservados. Fiocruz Bras\u00edlia, 2019<\/p>\n<p>[\/et_pb_text][\/et_pb_column][\/et_pb_row][\/et_pb_section]<\/p>\n","protected":false},"excerpt":{"rendered":"<p>[et_pb_section fb_built=&#8221;1&#8243; fullwidth=&#8221;on&#8221; _builder_version=&#8221;3.22.3&#8243; bottom_divider_color=&#8221;#ffffff&#8221;][et_pb_fullwidth_header title=&#8221;Participa\u00e7\u00e3o Social POPART&#8221; text_orientation=&#8221;center&#8221; background_overlay_color=&#8221;rgba(22,78,112,0.46)&#8221; _builder_version=&#8221;4.5.3&#8243; title_font=&#8221;Lora|700|||||||&#8221; title_text_align=&#8221;center&#8221; title_font_size=&#8221;50px&#8221; background_image=&#8221;https:\/\/brasilia.fiocruz.br\/aagts\/wp-content\/uploads\/sites\/4\/2020\/07\/fundo-site.jpg&#8221; custom_padding=&#8221;150px||10px&#8221; hover_enabled=&#8221;0&#8243; title_text_shadow_style=&#8221;preset2&#8243; title_text=&#8221;fundo-site&#8221;][\/et_pb_fullwidth_header][\/et_pb_section][et_pb_section fb_built=&#8221;1&#8243; admin_label=&#8221;About Section&#8221; _builder_version=&#8221;3.22.3&#8243; background_color=&#8221;#ffffff&#8221; custom_padding=&#8221;0|0|96px|0|false|false&#8221;][et_pb_row _builder_version=&#8221;3.25&#8243; custom_padding=&#8221;100px|0px|0|0px|false|false&#8221;][et_pb_column type=&#8221;4_4&#8243; _builder_version=&#8221;3.25&#8243; custom_padding__hover=&#8221;|||&#8221;][et_pb_text _builder_version=&#8221;3.27.4&#8243; text_font=&#8221;||||||||&#8221; header_font=&#8221;||||||||&#8221; header_2_font=&#8221;Lora|700|||||||&#8221; header_2_font_size=&#8221;50px&#8221; header_2_line_height=&#8221;1.5em&#8221; header_5_font=&#8221;Oswald|||on|||||&#8221; header_5_text_color=&#8221;rgba(0,0,0,0.4)&#8221; header_5_font_size=&#8221;20px&#8221; header_5_letter_spacing=&#8221;3px&#8221; header_5_line_height=&#8221;1.7em&#8221; text_orientation=&#8221;center&#8221; max_width=&#8221;600px&#8221; module_alignment=&#8221;center&#8221; text_line_height_last_edited=&#8221;off|desktop&#8221; header_2_font_size_tablet=&#8221;&#8221; header_2_font_size_phone=&#8221;36px&#8221; header_2_font_size_last_edited=&#8221;on|desktop&#8221;] sobre o Subprojeto [\/et_pb_text][et_pb_text _builder_version=&#8221;3.27.4&#8243; text_font=&#8221;|600|||||||&#8221; text_font_size=&#8221;16px&#8221; [&hellip;]<\/p>\n","protected":false},"author":5,"featured_media":0,"parent":0,"menu_order":0,"comment_status":"closed","ping_status":"closed","template":"","meta":{"_et_pb_use_builder":"on","_et_pb_old_content":"","_et_gb_content_width":"","footnotes":""},"class_list":["post-18","page","type-page","status-publish","hentry"],"_links":{"self":[{"href":"https:\/\/brasilia.fiocruz.br\/aagts\/wp-json\/wp\/v2\/pages\/18","targetHints":{"allow":["GET"]}}],"collection":[{"href":"https:\/\/brasilia.fiocruz.br\/aagts\/wp-json\/wp\/v2\/pages"}],"about":[{"href":"https:\/\/brasilia.fiocruz.br\/aagts\/wp-json\/wp\/v2\/types\/page"}],"author":[{"embeddable":true,"href":"https:\/\/brasilia.fiocruz.br\/aagts\/wp-json\/wp\/v2\/users\/5"}],"replies":[{"embeddable":true,"href":"https:\/\/brasilia.fiocruz.br\/aagts\/wp-json\/wp\/v2\/comments?post=18"}],"version-history":[{"count":2,"href":"https:\/\/brasilia.fiocruz.br\/aagts\/wp-json\/wp\/v2\/pages\/18\/revisions"}],"predecessor-version":[{"id":1034,"href":"https:\/\/brasilia.fiocruz.br\/aagts\/wp-json\/wp\/v2\/pages\/18\/revisions\/1034"}],"wp:attachment":[{"href":"https:\/\/brasilia.fiocruz.br\/aagts\/wp-json\/wp\/v2\/media?parent=18"}],"curies":[{"name":"wp","href":"https:\/\/api.w.org\/{rel}","templated":true}]}}