{"id":727,"date":"2019-04-08T13:54:53","date_gmt":"2019-04-08T13:54:53","guid":{"rendered":"https:\/\/aagts.brasilia.fiocruz.br\/?page_id=727"},"modified":"2020-07-15T17:26:04","modified_gmt":"2020-07-15T20:26:04","slug":"popart-metodos","status":"publish","type":"page","link":"https:\/\/brasilia.fiocruz.br\/aagts\/participacao-social-popart\/popart-metodos\/","title":{"rendered":"POPART M\u00e9todos"},"content":{"rendered":"<p>[et_pb_section fb_built=&#8221;1&#8243; fullwidth=&#8221;on&#8221; _builder_version=&#8221;3.22.3&#8243; bottom_divider_color=&#8221;#ffffff&#8221;][et_pb_fullwidth_header title=&#8221;Participa\u00e7\u00e3o Social POPART&#8221; text_orientation=&#8221;center&#8221; background_overlay_color=&#8221;rgba(22,78,112,0.46)&#8221; _builder_version=&#8221;3.21.2&#8243; title_font=&#8221;Lora|700|||||||&#8221; title_text_align=&#8221;center&#8221; title_font_size=&#8221;50px&#8221; title_text_shadow_style=&#8221;preset2&#8243; background_image=&#8221;https:\/\/aagts.brasilia.fiocruz.br\/wp-content\/uploads\/2018\/11\/fundo-site.jpg&#8221; custom_padding=&#8221;150px||10px&#8221;][\/et_pb_fullwidth_header][\/et_pb_section][et_pb_section fb_built=&#8221;1&#8243; admin_label=&#8221;About Section&#8221; _builder_version=&#8221;4.0.6&#8243; background_color=&#8221;#ffffff&#8221; min_height=&#8221;388px&#8221; custom_margin=&#8221;||-88px|||&#8221; custom_padding=&#8221;0|0px|99px|0|false|false&#8221;][et_pb_row custom_padding=&#8221;100px|0px|26.25px|0px|false|false&#8221; _builder_version=&#8221;3.25&#8243;][et_pb_column type=&#8221;4_4&#8243; _builder_version=&#8221;3.25&#8243; custom_padding__hover=&#8221;|||&#8221;][et_pb_text _builder_version=&#8221;3.27.4&#8243; text_font=&#8221;||||||||&#8221; header_font=&#8221;||||||||&#8221; header_2_font=&#8221;Lora|700|||||||&#8221; header_2_font_size=&#8221;50px&#8221; header_2_line_height=&#8221;1.5em&#8221; header_5_font=&#8221;Oswald|||on|||||&#8221; header_5_text_color=&#8221;rgba(0,0,0,0.4)&#8221; header_5_font_size=&#8221;20px&#8221; header_5_letter_spacing=&#8221;3px&#8221; header_5_line_height=&#8221;1.7em&#8221; text_orientation=&#8221;center&#8221; max_width=&#8221;600px&#8221; module_alignment=&#8221;center&#8221; text_line_height_last_edited=&#8221;off|desktop&#8221; header_2_font_size_phone=&#8221;36px&#8221; header_2_font_size_last_edited=&#8221;on|desktop&#8221;]<\/p>\n<h2>M\u00e9todos<\/h2>\n<p>[\/et_pb_text][\/et_pb_column][\/et_pb_row][et_pb_row _builder_version=&#8221;4.0.6&#8243; link_option_url=&#8221;https:\/\/aagts.brasilia.fiocruz.br\/wp-content\/uploads\/2020\/02\/Publica\u00e7\u00e3o_BMC-Health-Services_s12913-019-4555-6.pdf&#8221;][et_pb_column type=&#8221;4_4&#8243; _builder_version=&#8221;4.0.6&#8243;][et_pb_blurb title=&#8221;Public engagement in health technology assessment in Brazil: the case of the Trastuzumab public consultation (BMC Health Serv Res., 2019), em Ingl\u00eas&#8221; url=&#8221;https:\/\/www.ncbi.nlm.nih.gov\/pmc\/articles\/PMC5994001\/pdf\/12874_2018_Article_512.pdf&#8221; url_new_window=&#8221;on&#8221; use_icon=&#8221;on&#8221; font_icon=&#8221;%%208%%&#8221; icon_color=&#8221;#164e70&#8243; icon_placement=&#8221;left&#8221; content_max_width=&#8221;1100px&#8221; use_icon_font_size=&#8221;on&#8221; icon_font_size=&#8221;33px&#8221; _builder_version=&#8221;3.21.2&#8243; header_font=&#8221;Lora|700|||||||&#8221; header_text_color=&#8221;#164e70&#8243; header_font_size=&#8221;18px&#8221; body_font=&#8221;||||||||&#8221; background_color=&#8221;#f4f4f4&#8243; border_radii=&#8221;on|12px|12px|12px|12px&#8221; custom_padding=&#8221;15px|15px|15px|15px&#8221; link_option_url=&#8221;https:\/\/www.ncbi.nlm.nih.gov\/pmc\/articles\/PMC5994001\/pdf\/12874_2018_Article_512.pdf&#8221; link_option_url_new_window=&#8221;on&#8221; locked=&#8221;off&#8221; icon_color__hover_enabled=&#8221;on&#8221; icon_color__hover=&#8221;#f2f2f2&#8243; header_text_color__hover_enabled=&#8221;on&#8221; header_text_color__hover=&#8221;#f2f2f2&#8243; body_text_color__hover_enabled=&#8221;on&#8221; body_text_color__hover=&#8221;#ffffff&#8221; background__hover_enabled=&#8221;on&#8221; background_color__hover=&#8221;#164e70&#8243;][\/et_pb_blurb][et_pb_blurb title=&#8221;Engajamento p\u00fablico na avalia\u00e7\u00e3o de tecnologias em sa\u00fade no Brasil: o caso da consulta p\u00fablica sobre o Trastuzumabe (BMC Health Serv Res., 2019), em Portugu\u00eas&#8221; url=&#8221;https:\/\/brasilia.fiocruz.br\/aagts\/wp-content\/uploads\/sites\/4\/2020\/07\/Publica\u00c3\u00a7\u00c3\u00a3o_BMC-Health-Services_s12913-019-4555-6_PT_final.pdf&#8221; url_new_window=&#8221;on&#8221; use_icon=&#8221;on&#8221; font_icon=&#8221;%%208%%&#8221; icon_color=&#8221;#164e70&#8243; icon_placement=&#8221;left&#8221; content_max_width=&#8221;1100px&#8221; use_icon_font_size=&#8221;on&#8221; icon_font_size=&#8221;33px&#8221; _builder_version=&#8221;3.23.3&#8243; header_font=&#8221;Lora|700|||||||&#8221; header_text_color=&#8221;#164e70&#8243; header_font_size=&#8221;18px&#8221; body_font=&#8221;||||||||&#8221; background_color=&#8221;#f4f4f4&#8243; border_radii=&#8221;on|12px|12px|12px|12px&#8221; custom_padding=&#8221;15px|15px|15px|15px&#8221; link_option_url=&#8221;https:\/\/brasilia.fiocruz.br\/aagts\/wp-content\/uploads\/sites\/4\/2020\/07\/Publica\u00c3\u00a7\u00c3\u00a3o_BMC-Health-Services_s12913-019-4555-6_PT_final.pdf&#8221; link_option_url_new_window=&#8221;on&#8221; locked=&#8221;off&#8221; icon_color__hover_enabled=&#8221;on&#8221; icon_color__hover=&#8221;#f2f2f2&#8243; header_text_color__hover_enabled=&#8221;on&#8221; header_text_color__hover=&#8221;#f2f2f2&#8243; body_text_color__hover_enabled=&#8221;on&#8221; body_text_color__hover=&#8221;#ffffff&#8221; background__hover_enabled=&#8221;on&#8221; background_color__hover=&#8221;#164e70&#8243;][\/et_pb_blurb][et_pb_blurb title=&#8221;GRADE CERQual (PLOS Medicine, 2018), tradu\u00e7\u00e3o em Portugu\u00eas&#8221; url=&#8221;https:\/\/brasilia.fiocruz.br\/aagts\/wp-content\/uploads\/sites\/4\/2020\/07\/GRADE-CERQual_PLOS_portugu\u00c3\u00aas.pdf&#8221; url_new_window=&#8221;on&#8221; use_icon=&#8221;on&#8221; font_icon=&#8221;%%208%%&#8221; icon_color=&#8221;#164e70&#8243; icon_placement=&#8221;left&#8221; content_max_width=&#8221;1100px&#8221; use_icon_font_size=&#8221;on&#8221; icon_font_size=&#8221;33px&#8221; _builder_version=&#8221;3.23.3&#8243; header_font=&#8221;Lora|700|||||||&#8221; header_text_color=&#8221;#164e70&#8243; header_font_size=&#8221;18px&#8221; body_font=&#8221;||||||||&#8221; background_color=&#8221;#f4f4f4&#8243; border_radii=&#8221;on|12px|12px|12px|12px&#8221; custom_padding=&#8221;15px|15px|15px|15px&#8221; link_option_url=&#8221;https:\/\/brasilia.fiocruz.br\/aagts\/wp-content\/uploads\/sites\/4\/2020\/07\/GRADE-CERQual_PLOS_portugu\u00c3\u00aas.pdf&#8221; link_option_url_new_window=&#8221;on&#8221; locked=&#8221;off&#8221; icon_color__hover_enabled=&#8221;on&#8221; icon_color__hover=&#8221;#f2f2f2&#8243; header_text_color__hover_enabled=&#8221;on&#8221; header_text_color__hover=&#8221;#f2f2f2&#8243; body_text_color__hover_enabled=&#8221;on&#8221; body_text_color__hover=&#8221;#ffffff&#8221; background__hover_enabled=&#8221;on&#8221; background_color__hover=&#8221;#164e70&#8243;][\/et_pb_blurb][et_pb_blurb title=&#8221;S\u00e9rie GRADE CERQual (Implementation Science, 2019), tradu\u00e7\u00e3o em Portugu\u00eas&#8221; url=&#8221;https:\/\/brasilia.fiocruz.br\/aagts\/wp-content\/uploads\/sites\/4\/2020\/07\/GRADE-CERQual_Portugu\u00c3\u00aas.pdf&#8221; url_new_window=&#8221;on&#8221; use_icon=&#8221;on&#8221; font_icon=&#8221;%%208%%&#8221; icon_color=&#8221;#164e70&#8243; icon_placement=&#8221;left&#8221; content_max_width=&#8221;1100px&#8221; use_icon_font_size=&#8221;on&#8221; icon_font_size=&#8221;33px&#8221; _builder_version=&#8221;3.23.3&#8243; header_font=&#8221;Lora|700|||||||&#8221; header_text_color=&#8221;#164e70&#8243; header_font_size=&#8221;18px&#8221; body_font=&#8221;||||||||&#8221; background_color=&#8221;#f4f4f4&#8243; border_radii=&#8221;on|12px|12px|12px|12px&#8221; custom_padding=&#8221;15px|15px|15px|15px&#8221; link_option_url=&#8221;https:\/\/brasilia.fiocruz.br\/aagts\/wp-content\/uploads\/sites\/4\/2020\/07\/GRADE-CERQual_Portugu\u00c3\u00aas.pdf&#8221; link_option_url_new_window=&#8221;on&#8221; locked=&#8221;off&#8221; icon_color__hover_enabled=&#8221;on&#8221; icon_color__hover=&#8221;#f2f2f2&#8243; header_text_color__hover_enabled=&#8221;on&#8221; header_text_color__hover=&#8221;#f2f2f2&#8243; body_text_color__hover_enabled=&#8221;on&#8221; body_text_color__hover=&#8221;#ffffff&#8221; background__hover_enabled=&#8221;on&#8221; background_color__hover=&#8221;#164e70&#8243;][\/et_pb_blurb][et_pb_blurb title=&#8221;Cap\u00edtulo 15 do Handbook for Guideline Development (WHO, 2018) &#8211; Usando evid\u00eancias de pesquisa qualitativa para desenvolver diretrizes da OMS, tradu\u00e7\u00e3o em Portugu\u00eas&#8221; url=&#8221;https:\/\/brasilia.fiocruz.br\/aagts\/wp-content\/uploads\/sites\/4\/2020\/07\/WHO_Handbook-for-Guideline-Develoment-Chapter-15_Portuguese.pdf&#8221; url_new_window=&#8221;on&#8221; use_icon=&#8221;on&#8221; font_icon=&#8221;%%208%%&#8221; icon_color=&#8221;#164e70&#8243; icon_placement=&#8221;left&#8221; content_max_width=&#8221;1100px&#8221; use_icon_font_size=&#8221;on&#8221; icon_font_size=&#8221;33px&#8221; _builder_version=&#8221;3.23.3&#8243; header_font=&#8221;Lora|700|||||||&#8221; header_text_color=&#8221;#164e70&#8243; header_font_size=&#8221;18px&#8221; body_font=&#8221;||||||||&#8221; background_color=&#8221;#f4f4f4&#8243; border_radii=&#8221;on|12px|12px|12px|12px&#8221; custom_padding=&#8221;15px|15px|15px|15px&#8221; link_option_url=&#8221;https:\/\/brasilia.fiocruz.br\/aagts\/wp-content\/uploads\/sites\/4\/2020\/07\/WHO_Handbook-for-Guideline-Develoment-Chapter-15_Portuguese.pdf&#8221; link_option_url_new_window=&#8221;on&#8221; locked=&#8221;off&#8221; icon_color__hover_enabled=&#8221;on&#8221; icon_color__hover=&#8221;#f2f2f2&#8243; header_text_color__hover_enabled=&#8221;on&#8221; header_text_color__hover=&#8221;#f2f2f2&#8243; body_text_color__hover_enabled=&#8221;on&#8221; body_text_color__hover=&#8221;#ffffff&#8221; background__hover_enabled=&#8221;on&#8221; background_color__hover=&#8221;#164e70&#8243;][\/et_pb_blurb][\/et_pb_column][\/et_pb_row][\/et_pb_section][et_pb_section fb_built=&#8221;1&#8243; _builder_version=&#8221;3.22.3&#8243; custom_padding=&#8221;0|0px|0|0px|false|false&#8221;][\/et_pb_section][et_pb_section fb_built=&#8221;1&#8243; module_id=&#8221;stop&#8221; _builder_version=&#8221;3.22.3&#8243; background_color=&#8221;#003347&#8243; custom_margin=&#8221;1px|||||&#8221; custom_padding=&#8221;54px|0px|0|0px|false|false&#8221; saved_tabs=&#8221;all&#8221;][et_pb_row custom_padding=&#8221;27px|0px|41px|0px|false|false&#8221; make_equal=&#8221;on&#8221; _builder_version=&#8221;3.25&#8243; custom_css_main_element=&#8221;align-items: center;&#8221;][et_pb_column type=&#8221;1_2&#8243; _builder_version=&#8221;3.25&#8243; custom_padding__hover=&#8221;|||&#8221;][et_pb_image src=&#8221;https:\/\/aagts.brasilia.fiocruz.br\/wp-content\/uploads\/2019\/02\/Logo-Fiocruz-02.png&#8221; align_tablet=&#8221;center&#8221; align_last_edited=&#8221;on|desktop&#8221; _builder_version=&#8221;3.23&#8243; max_width=&#8221;66%&#8221; module_alignment=&#8221;right&#8221;][\/et_pb_image][\/et_pb_column][et_pb_column type=&#8221;1_2&#8243; _builder_version=&#8221;3.25&#8243; custom_padding__hover=&#8221;|||&#8221;][et_pb_button button_url=&#8221;https:\/\/aagts.brasilia.fiocruz.br\/?page_id=344&#8243; button_text=&#8221;Fale Conosco&#8221; button_alignment=&#8221;center&#8221; _builder_version=&#8221;4.0.6&#8243; custom_button=&#8221;on&#8221; button_text_size=&#8221;16px&#8221; button_text_color=&#8221;#164e70&#8243; button_bg_color=&#8221;#ffffff&#8221; button_border_width=&#8221;6px&#8221; button_border_color=&#8221;rgba(209,189,175,0)&#8221; button_border_radius=&#8221;100px&#8221; button_letter_spacing=&#8221;3px&#8221; button_font=&#8221;Oswald|||on|||||&#8221; button_use_icon=&#8221;off&#8221; background_layout=&#8221;dark&#8221; button_bg_color_hover=&#8221;#cc8d66&#8243; locked=&#8221;off&#8221; button_text_size__hover_enabled=&#8221;off&#8221; button_one_text_size__hover_enabled=&#8221;off&#8221; button_two_text_size__hover_enabled=&#8221;off&#8221; button_text_color__hover_enabled=&#8221;off&#8221; button_one_text_color__hover_enabled=&#8221;off&#8221; button_two_text_color__hover_enabled=&#8221;off&#8221; button_border_width__hover_enabled=&#8221;on&#8221; button_one_border_width__hover_enabled=&#8221;off&#8221; button_two_border_width__hover_enabled=&#8221;off&#8221; button_border_color__hover_enabled=&#8221;off&#8221; button_one_border_color__hover_enabled=&#8221;off&#8221; button_two_border_color__hover_enabled=&#8221;off&#8221; button_border_radius__hover_enabled=&#8221;off&#8221; button_one_border_radius__hover_enabled=&#8221;off&#8221; button_two_border_radius__hover_enabled=&#8221;off&#8221; button_letter_spacing__hover_enabled=&#8221;off&#8221; button_one_letter_spacing__hover_enabled=&#8221;off&#8221; button_two_letter_spacing__hover_enabled=&#8221;off&#8221; button_bg_color__hover_enabled=&#8221;on&#8221; button_bg_color__hover=&#8221;#6bc7e6&#8243; button_one_bg_color__hover_enabled=&#8221;off&#8221; button_two_bg_color__hover_enabled=&#8221;off&#8221;][\/et_pb_button][\/et_pb_column][\/et_pb_row][et_pb_row custom_padding=&#8221;42px|0px|74px|0px|false|false&#8221; make_equal=&#8221;on&#8221; _builder_version=&#8221;3.25&#8243; custom_css_main_element=&#8221;align-items: center;&#8221;][et_pb_column type=&#8221;4_4&#8243; _builder_version=&#8221;3.25&#8243; custom_padding__hover=&#8221;|||&#8221;][et_pb_divider _builder_version=&#8221;3.19.18&#8243; max_width=&#8221;69%&#8221; module_alignment=&#8221;center&#8221;][\/et_pb_divider][et_pb_text _builder_version=&#8221;4.0.6&#8243; text_font=&#8221;||||||||&#8221; text_text_color=&#8221;#ffffff&#8221;]<\/p>\n<p style=\"text-align: center\">Todos os direitos reservados. Fiocruz Bras\u00edlia, 2019<\/p>\n<p>[\/et_pb_text][\/et_pb_column][\/et_pb_row][\/et_pb_section]<\/p>\n","protected":false},"excerpt":{"rendered":"<p>[et_pb_section fb_built=&#8221;1&#8243; fullwidth=&#8221;on&#8221; _builder_version=&#8221;3.22.3&#8243; bottom_divider_color=&#8221;#ffffff&#8221;][et_pb_fullwidth_header title=&#8221;Participa\u00e7\u00e3o Social POPART&#8221; text_orientation=&#8221;center&#8221; background_overlay_color=&#8221;rgba(22,78,112,0.46)&#8221; _builder_version=&#8221;3.21.2&#8243; title_font=&#8221;Lora|700|||||||&#8221; title_text_align=&#8221;center&#8221; title_font_size=&#8221;50px&#8221; title_text_shadow_style=&#8221;preset2&#8243; background_image=&#8221;https:\/\/aagts.brasilia.fiocruz.br\/wp-content\/uploads\/2018\/11\/fundo-site.jpg&#8221; custom_padding=&#8221;150px||10px&#8221;][\/et_pb_fullwidth_header][\/et_pb_section][et_pb_section fb_built=&#8221;1&#8243; admin_label=&#8221;About Section&#8221; _builder_version=&#8221;4.0.6&#8243; background_color=&#8221;#ffffff&#8221; min_height=&#8221;388px&#8221; custom_margin=&#8221;||-88px|||&#8221; custom_padding=&#8221;0|0px|99px|0|false|false&#8221;][et_pb_row custom_padding=&#8221;100px|0px|26.25px|0px|false|false&#8221; _builder_version=&#8221;3.25&#8243;][et_pb_column type=&#8221;4_4&#8243; _builder_version=&#8221;3.25&#8243; custom_padding__hover=&#8221;|||&#8221;][et_pb_text _builder_version=&#8221;3.27.4&#8243; text_font=&#8221;||||||||&#8221; header_font=&#8221;||||||||&#8221; header_2_font=&#8221;Lora|700|||||||&#8221; header_2_font_size=&#8221;50px&#8221; header_2_line_height=&#8221;1.5em&#8221; header_5_font=&#8221;Oswald|||on|||||&#8221; header_5_text_color=&#8221;rgba(0,0,0,0.4)&#8221; header_5_font_size=&#8221;20px&#8221; header_5_letter_spacing=&#8221;3px&#8221; header_5_line_height=&#8221;1.7em&#8221; text_orientation=&#8221;center&#8221; max_width=&#8221;600px&#8221; module_alignment=&#8221;center&#8221; text_line_height_last_edited=&#8221;off|desktop&#8221; header_2_font_size_phone=&#8221;36px&#8221; header_2_font_size_last_edited=&#8221;on|desktop&#8221;] M\u00e9todos [\/et_pb_text][\/et_pb_column][\/et_pb_row][et_pb_row _builder_version=&#8221;4.0.6&#8243; link_option_url=&#8221;https:\/\/aagts.brasilia.fiocruz.br\/wp-content\/uploads\/2020\/02\/Publica\u00e7\u00e3o_BMC-Health-Services_s12913-019-4555-6.pdf&#8221;][et_pb_column type=&#8221;4_4&#8243; _builder_version=&#8221;4.0.6&#8243;][et_pb_blurb title=&#8221;Public engagement [&hellip;]<\/p>\n","protected":false},"author":5,"featured_media":0,"parent":18,"menu_order":2,"comment_status":"closed","ping_status":"closed","template":"","meta":{"_et_pb_use_builder":"on","_et_pb_old_content":"<!-- wp:divi\/placeholder \/-->","_et_gb_content_width":"","footnotes":""},"class_list":["post-727","page","type-page","status-publish","hentry"],"_links":{"self":[{"href":"https:\/\/brasilia.fiocruz.br\/aagts\/wp-json\/wp\/v2\/pages\/727","targetHints":{"allow":["GET"]}}],"collection":[{"href":"https:\/\/brasilia.fiocruz.br\/aagts\/wp-json\/wp\/v2\/pages"}],"about":[{"href":"https:\/\/brasilia.fiocruz.br\/aagts\/wp-json\/wp\/v2\/types\/page"}],"author":[{"embeddable":true,"href":"https:\/\/brasilia.fiocruz.br\/aagts\/wp-json\/wp\/v2\/users\/5"}],"replies":[{"embeddable":true,"href":"https:\/\/brasilia.fiocruz.br\/aagts\/wp-json\/wp\/v2\/comments?post=727"}],"version-history":[{"count":1,"href":"https:\/\/brasilia.fiocruz.br\/aagts\/wp-json\/wp\/v2\/pages\/727\/revisions"}],"predecessor-version":[{"id":933,"href":"https:\/\/brasilia.fiocruz.br\/aagts\/wp-json\/wp\/v2\/pages\/727\/revisions\/933"}],"up":[{"embeddable":true,"href":"https:\/\/brasilia.fiocruz.br\/aagts\/wp-json\/wp\/v2\/pages\/18"}],"wp:attachment":[{"href":"https:\/\/brasilia.fiocruz.br\/aagts\/wp-json\/wp\/v2\/media?parent=727"}],"curies":[{"name":"wp","href":"https:\/\/api.w.org\/{rel}","templated":true}]}}