{"id":123,"date":"2023-08-10T17:44:01","date_gmt":"2023-08-10T20:44:01","guid":{"rendered":"https:\/\/brasilia.fiocruz.br\/i-cindesa\/?page_id=123"},"modified":"2023-12-08T11:06:05","modified_gmt":"2023-12-08T14:06:05","slug":"programacao","status":"publish","type":"page","link":"https:\/\/brasilia.fiocruz.br\/i-cindesa\/programacao\/","title":{"rendered":""},"content":{"rendered":"\t\t<div data-elementor-type=\"wp-page\" data-elementor-id=\"123\" class=\"elementor elementor-123\">\n\t\t\t\t\t\t<section class=\"elementor-section elementor-top-section elementor-element elementor-element-b961395 elementor-section-full_width elementor-section-stretched elementor-section-height-default elementor-section-height-default\" data-id=\"b961395\" data-element_type=\"section\" data-e-type=\"section\" data-settings=\"{&quot;stretch_section&quot;:&quot;section-stretched&quot;}\">\n\t\t\t\t\t\t<div class=\"elementor-container elementor-column-gap-default\">\n\t\t\t\t\t<div class=\"elementor-column elementor-col-33 elementor-top-column elementor-element elementor-element-124b6c9 elementor-hidden-tablet elementor-hidden-mobile\" data-id=\"124b6c9\" data-element_type=\"column\" data-e-type=\"column\">\n\t\t\t<div class=\"elementor-widget-wrap elementor-element-populated\">\n\t\t\t\t\t\t<div class=\"elementor-element elementor-element-8d68d0e elementor-widget elementor-widget-image\" data-id=\"8d68d0e\" data-element_type=\"widget\" data-e-type=\"widget\" data-widget_type=\"image.default\">\n\t\t\t\t<div class=\"elementor-widget-container\">\n\t\t\t\t\t\t\t\t\t\t\t\t\t\t\t<img fetchpriority=\"high\" decoding=\"async\" width=\"104\" height=\"742\" src=\"https:\/\/brasilia.fiocruz.br\/i-cindesa\/wp-content\/uploads\/sites\/8\/2023\/08\/barra-lateral.png\" class=\"attachment-full size-full wp-image-292\" alt=\"\" srcset=\"https:\/\/brasilia.fiocruz.br\/i-cindesa\/wp-content\/uploads\/sites\/8\/2023\/08\/barra-lateral.png 104w, https:\/\/brasilia.fiocruz.br\/i-cindesa\/wp-content\/uploads\/sites\/8\/2023\/08\/barra-lateral-42x300.png 42w\" sizes=\"(max-width: 104px) 100vw, 104px\" \/>\t\t\t\t\t\t\t\t\t\t\t\t\t\t\t<\/div>\n\t\t\t\t<\/div>\n\t\t\t\t\t<\/div>\n\t\t<\/div>\n\t\t\t\t<div class=\"elementor-column elementor-col-33 elementor-top-column elementor-element elementor-element-28ed883\" data-id=\"28ed883\" data-element_type=\"column\" data-e-type=\"column\">\n\t\t\t<div class=\"elementor-widget-wrap elementor-element-populated\">\n\t\t\t\t\t\t<div class=\"elementor-element elementor-element-99a3b0c elementor-widget elementor-widget-heading\" data-id=\"99a3b0c\" data-element_type=\"widget\" data-e-type=\"widget\" data-widget_type=\"heading.default\">\n\t\t\t\t<div class=\"elementor-widget-container\">\n\t\t\t\t\t<h2 class=\"elementor-heading-title elementor-size-default\">Programa\u00e7\u00e3o<\/h2>\t\t\t\t<\/div>\n\t\t\t\t<\/div>\n\t\t\t\t<div class=\"elementor-element elementor-element-cd67a87 elementor-widget elementor-widget-heading\" data-id=\"cd67a87\" data-element_type=\"widget\" data-e-type=\"widget\" data-widget_type=\"heading.default\">\n\t\t\t\t<div class=\"elementor-widget-container\">\n\t\t\t\t\t<span class=\"elementor-heading-title elementor-size-default\">Apresentamos a programa\u00e7\u00e3o do Congresso Internacional de Direito Sanit\u00e1rio, com o tema \"Unidade Normativa em Sa\u00fade: Norma e Tecnologia a Servi\u00e7o da Sa\u00fade.\", que ocorrer\u00e1 nos dias 22, 23 e 24 de novembro de 2023. Este evento \u00e9 um marco na explora\u00e7\u00e3o das intera\u00e7\u00f5es entre as regulamenta\u00e7\u00f5es de sa\u00fade e os avan\u00e7os tecnol\u00f3gicos que est\u00e3o moldando o presente e o futuro dos cuidados m\u00e9dicos globais.<\/span>\t\t\t\t<\/div>\n\t\t\t\t<\/div>\n\t\t\t\t<section class=\"elementor-section elementor-inner-section elementor-element elementor-element-9bff862 elementor-section-full_width elementor-section-height-default elementor-section-height-default\" data-id=\"9bff862\" data-element_type=\"section\" data-e-type=\"section\">\n\t\t\t\t\t\t<div class=\"elementor-container elementor-column-gap-default\">\n\t\t\t\t\t<div class=\"elementor-column elementor-col-33 elementor-inner-column elementor-element elementor-element-ed49134\" data-id=\"ed49134\" data-element_type=\"column\" data-e-type=\"column\">\n\t\t\t<div class=\"elementor-widget-wrap elementor-element-populated\">\n\t\t\t\t\t\t<div class=\"elementor-element elementor-element-f8bb0fc elementor-widget elementor-widget-image\" data-id=\"f8bb0fc\" data-element_type=\"widget\" data-e-type=\"widget\" data-widget_type=\"image.default\">\n\t\t\t\t<div class=\"elementor-widget-container\">\n\t\t\t\t\t\t\t\t\t\t\t\t\t\t\t<img decoding=\"async\" width=\"150\" height=\"150\" data-src=\"https:\/\/brasilia.fiocruz.br\/i-cindesa\/wp-content\/uploads\/sites\/8\/2023\/08\/brasil-150x150.png\" class=\"attachment-thumbnail size-thumbnail wp-image-1140 lazyload\" alt=\"\" data-srcset=\"https:\/\/brasilia.fiocruz.br\/i-cindesa\/wp-content\/uploads\/sites\/8\/2023\/08\/brasil-150x150.png 150w, https:\/\/brasilia.fiocruz.br\/i-cindesa\/wp-content\/uploads\/sites\/8\/2023\/08\/brasil.png 206w\" data-sizes=\"(max-width: 150px) 100vw, 150px\" src=\"data:image\/svg+xml;base64,PHN2ZyB3aWR0aD0iMSIgaGVpZ2h0PSIxIiB4bWxucz0iaHR0cDovL3d3dy53My5vcmcvMjAwMC9zdmciPjwvc3ZnPg==\" style=\"--smush-placeholder-width: 150px; --smush-placeholder-aspect-ratio: 150\/150;\" \/>\t\t\t\t\t\t\t\t\t\t\t\t\t\t\t<\/div>\n\t\t\t\t<\/div>\n\t\t\t\t<div class=\"elementor-element elementor-element-3a538a0 elementor-widget elementor-widget-heading\" data-id=\"3a538a0\" data-element_type=\"widget\" data-e-type=\"widget\" data-widget_type=\"heading.default\">\n\t\t\t\t<div class=\"elementor-widget-container\">\n\t\t\t\t\t<span class=\"elementor-heading-title elementor-size-default\">Clique para baixar a<\/span>\t\t\t\t<\/div>\n\t\t\t\t<\/div>\n\t\t\t\t<div class=\"elementor-element elementor-element-eba0d73 elementor-widget elementor-widget-heading\" data-id=\"eba0d73\" data-element_type=\"widget\" data-e-type=\"widget\" data-widget_type=\"heading.default\">\n\t\t\t\t<div class=\"elementor-widget-container\">\n\t\t\t\t\t<h1 class=\"elementor-heading-title elementor-size-default\">Programa\u00e7\u00e3o do evento<\/h1>\t\t\t\t<\/div>\n\t\t\t\t<\/div>\n\t\t\t\t<div class=\"elementor-element elementor-element-4785276 elementor-widget elementor-widget-heading\" data-id=\"4785276\" data-element_type=\"widget\" data-e-type=\"widget\" data-widget_type=\"heading.default\">\n\t\t\t\t<div class=\"elementor-widget-container\">\n\t\t\t\t\t<span class=\"elementor-heading-title elementor-size-default\"> Em Portugu\u00eas<\/span>\t\t\t\t<\/div>\n\t\t\t\t<\/div>\n\t\t\t\t<div class=\"elementor-element elementor-element-4ab43fa elementor-widget elementor-widget-image\" data-id=\"4ab43fa\" data-element_type=\"widget\" data-e-type=\"widget\" data-widget_type=\"image.default\">\n\t\t\t\t<div class=\"elementor-widget-container\">\n\t\t\t\t\t\t\t\t\t\t\t\t\t\t\t<img decoding=\"async\" width=\"104\" height=\"210\" data-src=\"https:\/\/brasilia.fiocruz.br\/i-cindesa\/wp-content\/uploads\/sites\/8\/2023\/08\/img-rodape-programacao-1-1.png\" class=\"attachment-medium_large size-medium_large wp-image-560 lazyload\" alt=\"\" src=\"data:image\/svg+xml;base64,PHN2ZyB3aWR0aD0iMSIgaGVpZ2h0PSIxIiB4bWxucz0iaHR0cDovL3d3dy53My5vcmcvMjAwMC9zdmciPjwvc3ZnPg==\" style=\"--smush-placeholder-width: 104px; --smush-placeholder-aspect-ratio: 104\/210;\" \/>\t\t\t\t\t\t\t\t\t\t\t\t\t\t\t<\/div>\n\t\t\t\t<\/div>\n\t\t\t\t<div class=\"elementor-element elementor-element-8912cd9 elementor-absolute elementor-widget elementor-widget-button\" data-id=\"8912cd9\" data-element_type=\"widget\" data-e-type=\"widget\" data-settings=\"{&quot;_position&quot;:&quot;absolute&quot;}\" data-widget_type=\"button.default\">\n\t\t\t\t<div class=\"elementor-widget-container\">\n\t\t\t\t\t\t\t\t\t<div class=\"elementor-button-wrapper\">\n\t\t\t\t\t<a class=\"elementor-button elementor-button-link elementor-size-sm\" href=\"https:\/\/brasilia.fiocruz.br\/i-cindesa\/wp-content\/uploads\/sites\/8\/2023\/12\/CongressoInternacional-de-Direito-Sanitario-Programacao_Port.pdf\" target=\"_blank\">\n\t\t\t\t\t\t<span class=\"elementor-button-content-wrapper\">\n\t\t\t\t\t\t\t\t\t<span class=\"elementor-button-text\">Acessar<\/span>\n\t\t\t\t\t<\/span>\n\t\t\t\t\t<\/a>\n\t\t\t\t<\/div>\n\t\t\t\t\t\t\t\t<\/div>\n\t\t\t\t<\/div>\n\t\t\t\t\t<\/div>\n\t\t<\/div>\n\t\t\t\t<div class=\"elementor-column elementor-col-33 elementor-inner-column elementor-element elementor-element-5abcfd4\" data-id=\"5abcfd4\" data-element_type=\"column\" data-e-type=\"column\">\n\t\t\t<div class=\"elementor-widget-wrap elementor-element-populated\">\n\t\t\t\t\t\t<div class=\"elementor-element elementor-element-632853f elementor-widget elementor-widget-image\" data-id=\"632853f\" data-element_type=\"widget\" data-e-type=\"widget\" data-widget_type=\"image.default\">\n\t\t\t\t<div class=\"elementor-widget-container\">\n\t\t\t\t\t\t\t\t\t\t\t\t\t\t\t<img decoding=\"async\" width=\"150\" height=\"150\" data-src=\"https:\/\/brasilia.fiocruz.br\/i-cindesa\/wp-content\/uploads\/sites\/8\/2023\/08\/ingle\u0302s-150x150.png\" class=\"attachment-thumbnail size-thumbnail wp-image-1142 lazyload\" alt=\"\" data-srcset=\"https:\/\/brasilia.fiocruz.br\/i-cindesa\/wp-content\/uploads\/sites\/8\/2023\/08\/ingle\u0302s-150x150.png 150w, https:\/\/brasilia.fiocruz.br\/i-cindesa\/wp-content\/uploads\/sites\/8\/2023\/08\/ingle\u0302s.png 206w\" data-sizes=\"(max-width: 150px) 100vw, 150px\" src=\"data:image\/svg+xml;base64,PHN2ZyB3aWR0aD0iMSIgaGVpZ2h0PSIxIiB4bWxucz0iaHR0cDovL3d3dy53My5vcmcvMjAwMC9zdmciPjwvc3ZnPg==\" style=\"--smush-placeholder-width: 150px; --smush-placeholder-aspect-ratio: 150\/150;\" \/>\t\t\t\t\t\t\t\t\t\t\t\t\t\t\t<\/div>\n\t\t\t\t<\/div>\n\t\t\t\t<div class=\"elementor-element elementor-element-db1dfbc elementor-widget elementor-widget-heading\" data-id=\"db1dfbc\" data-element_type=\"widget\" data-e-type=\"widget\" data-widget_type=\"heading.default\">\n\t\t\t\t<div class=\"elementor-widget-container\">\n\t\t\t\t\t<span class=\"elementor-heading-title elementor-size-default\">Clique para baixar a<\/span>\t\t\t\t<\/div>\n\t\t\t\t<\/div>\n\t\t\t\t<div class=\"elementor-element elementor-element-1f58814 elementor-widget elementor-widget-heading\" data-id=\"1f58814\" data-element_type=\"widget\" data-e-type=\"widget\" data-widget_type=\"heading.default\">\n\t\t\t\t<div class=\"elementor-widget-container\">\n\t\t\t\t\t<h1 class=\"elementor-heading-title elementor-size-default\">Programa\u00e7\u00e3o do evento<\/h1>\t\t\t\t<\/div>\n\t\t\t\t<\/div>\n\t\t\t\t<div class=\"elementor-element elementor-element-2d13dfd elementor-widget elementor-widget-heading\" data-id=\"2d13dfd\" data-element_type=\"widget\" data-e-type=\"widget\" data-widget_type=\"heading.default\">\n\t\t\t\t<div class=\"elementor-widget-container\">\n\t\t\t\t\t<span class=\"elementor-heading-title elementor-size-default\"> \nEm Ingl\u00eas<\/span>\t\t\t\t<\/div>\n\t\t\t\t<\/div>\n\t\t\t\t<div class=\"elementor-element elementor-element-5191a2c elementor-widget elementor-widget-image\" data-id=\"5191a2c\" data-element_type=\"widget\" data-e-type=\"widget\" data-widget_type=\"image.default\">\n\t\t\t\t<div class=\"elementor-widget-container\">\n\t\t\t\t\t\t\t\t\t\t\t\t\t\t\t<img decoding=\"async\" width=\"104\" height=\"210\" data-src=\"https:\/\/brasilia.fiocruz.br\/i-cindesa\/wp-content\/uploads\/sites\/8\/2023\/08\/img-rodape-programacao-1-1.png\" class=\"attachment-medium_large size-medium_large wp-image-560 lazyload\" alt=\"\" src=\"data:image\/svg+xml;base64,PHN2ZyB3aWR0aD0iMSIgaGVpZ2h0PSIxIiB4bWxucz0iaHR0cDovL3d3dy53My5vcmcvMjAwMC9zdmciPjwvc3ZnPg==\" style=\"--smush-placeholder-width: 104px; --smush-placeholder-aspect-ratio: 104\/210;\" \/>\t\t\t\t\t\t\t\t\t\t\t\t\t\t\t<\/div>\n\t\t\t\t<\/div>\n\t\t\t\t<div class=\"elementor-element elementor-element-ffeb450 elementor-absolute elementor-widget elementor-widget-button\" data-id=\"ffeb450\" data-element_type=\"widget\" data-e-type=\"widget\" data-settings=\"{&quot;_position&quot;:&quot;absolute&quot;}\" data-widget_type=\"button.default\">\n\t\t\t\t<div class=\"elementor-widget-container\">\n\t\t\t\t\t\t\t\t\t<div class=\"elementor-button-wrapper\">\n\t\t\t\t\t<a class=\"elementor-button elementor-button-link elementor-size-sm\" href=\"https:\/\/brasilia.fiocruz.br\/i-cindesa\/wp-content\/uploads\/sites\/8\/2023\/08\/CongressoInternacional-de-Direito-Sanitario-Programacao_Ingles.pdf\" target=\"_blank\">\n\t\t\t\t\t\t<span class=\"elementor-button-content-wrapper\">\n\t\t\t\t\t\t\t\t\t<span class=\"elementor-button-text\">Acessar<\/span>\n\t\t\t\t\t<\/span>\n\t\t\t\t\t<\/a>\n\t\t\t\t<\/div>\n\t\t\t\t\t\t\t\t<\/div>\n\t\t\t\t<\/div>\n\t\t\t\t\t<\/div>\n\t\t<\/div>\n\t\t\t\t<div class=\"elementor-column elementor-col-33 elementor-inner-column elementor-element elementor-element-2ade4bb\" data-id=\"2ade4bb\" data-element_type=\"column\" data-e-type=\"column\">\n\t\t\t<div class=\"elementor-widget-wrap elementor-element-populated\">\n\t\t\t\t\t\t<div class=\"elementor-element elementor-element-85b1817 elementor-widget elementor-widget-image\" data-id=\"85b1817\" data-element_type=\"widget\" data-e-type=\"widget\" data-widget_type=\"image.default\">\n\t\t\t\t<div class=\"elementor-widget-container\">\n\t\t\t\t\t\t\t\t\t\t\t\t\t\t\t<img decoding=\"async\" width=\"150\" height=\"150\" data-src=\"https:\/\/brasilia.fiocruz.br\/i-cindesa\/wp-content\/uploads\/sites\/8\/2023\/08\/espanhol-150x150.png\" class=\"attachment-thumbnail size-thumbnail wp-image-1141 lazyload\" alt=\"\" data-srcset=\"https:\/\/brasilia.fiocruz.br\/i-cindesa\/wp-content\/uploads\/sites\/8\/2023\/08\/espanhol-150x150.png 150w, https:\/\/brasilia.fiocruz.br\/i-cindesa\/wp-content\/uploads\/sites\/8\/2023\/08\/espanhol.png 207w\" data-sizes=\"(max-width: 150px) 100vw, 150px\" src=\"data:image\/svg+xml;base64,PHN2ZyB3aWR0aD0iMSIgaGVpZ2h0PSIxIiB4bWxucz0iaHR0cDovL3d3dy53My5vcmcvMjAwMC9zdmciPjwvc3ZnPg==\" style=\"--smush-placeholder-width: 150px; --smush-placeholder-aspect-ratio: 150\/150;\" \/>\t\t\t\t\t\t\t\t\t\t\t\t\t\t\t<\/div>\n\t\t\t\t<\/div>\n\t\t\t\t<div class=\"elementor-element elementor-element-ef855c8 elementor-widget elementor-widget-heading\" data-id=\"ef855c8\" data-element_type=\"widget\" data-e-type=\"widget\" data-widget_type=\"heading.default\">\n\t\t\t\t<div class=\"elementor-widget-container\">\n\t\t\t\t\t<span class=\"elementor-heading-title elementor-size-default\">Clique para baixar a<\/span>\t\t\t\t<\/div>\n\t\t\t\t<\/div>\n\t\t\t\t<div class=\"elementor-element elementor-element-9f90fbe elementor-widget elementor-widget-heading\" data-id=\"9f90fbe\" data-element_type=\"widget\" data-e-type=\"widget\" data-widget_type=\"heading.default\">\n\t\t\t\t<div class=\"elementor-widget-container\">\n\t\t\t\t\t<h1 class=\"elementor-heading-title elementor-size-default\">Programa\u00e7\u00e3o do evento<\/h1>\t\t\t\t<\/div>\n\t\t\t\t<\/div>\n\t\t\t\t<div class=\"elementor-element elementor-element-e9bbc33 elementor-widget elementor-widget-heading\" data-id=\"e9bbc33\" data-element_type=\"widget\" data-e-type=\"widget\" data-widget_type=\"heading.default\">\n\t\t\t\t<div class=\"elementor-widget-container\">\n\t\t\t\t\t<span class=\"elementor-heading-title elementor-size-default\"> \nEm Espanhol<\/span>\t\t\t\t<\/div>\n\t\t\t\t<\/div>\n\t\t\t\t<div class=\"elementor-element elementor-element-e2bcc92 elementor-widget elementor-widget-image\" data-id=\"e2bcc92\" data-element_type=\"widget\" data-e-type=\"widget\" data-widget_type=\"image.default\">\n\t\t\t\t<div class=\"elementor-widget-container\">\n\t\t\t\t\t\t\t\t\t\t\t\t\t\t\t<img decoding=\"async\" width=\"104\" height=\"210\" data-src=\"https:\/\/brasilia.fiocruz.br\/i-cindesa\/wp-content\/uploads\/sites\/8\/2023\/08\/img-rodape-programacao-1-1.png\" class=\"attachment-medium_large size-medium_large wp-image-560 lazyload\" alt=\"\" src=\"data:image\/svg+xml;base64,PHN2ZyB3aWR0aD0iMSIgaGVpZ2h0PSIxIiB4bWxucz0iaHR0cDovL3d3dy53My5vcmcvMjAwMC9zdmciPjwvc3ZnPg==\" style=\"--smush-placeholder-width: 104px; --smush-placeholder-aspect-ratio: 104\/210;\" \/>\t\t\t\t\t\t\t\t\t\t\t\t\t\t\t<\/div>\n\t\t\t\t<\/div>\n\t\t\t\t<div class=\"elementor-element elementor-element-375ea87 elementor-absolute elementor-widget elementor-widget-button\" data-id=\"375ea87\" data-element_type=\"widget\" data-e-type=\"widget\" data-settings=\"{&quot;_position&quot;:&quot;absolute&quot;}\" data-widget_type=\"button.default\">\n\t\t\t\t<div class=\"elementor-widget-container\">\n\t\t\t\t\t\t\t\t\t<div class=\"elementor-button-wrapper\">\n\t\t\t\t\t<a class=\"elementor-button elementor-button-link elementor-size-sm\" href=\"https:\/\/brasilia.fiocruz.br\/i-cindesa\/wp-content\/uploads\/sites\/8\/2023\/08\/CongressoInternacional-de-Direito-Sanitario-Programacao_Espan.pdf\" target=\"_blank\">\n\t\t\t\t\t\t<span class=\"elementor-button-content-wrapper\">\n\t\t\t\t\t\t\t\t\t<span class=\"elementor-button-text\">Acessar<\/span>\n\t\t\t\t\t<\/span>\n\t\t\t\t\t<\/a>\n\t\t\t\t<\/div>\n\t\t\t\t\t\t\t\t<\/div>\n\t\t\t\t<\/div>\n\t\t\t\t\t<\/div>\n\t\t<\/div>\n\t\t\t\t\t<\/div>\n\t\t<\/section>\n\t\t\t\t\t<\/div>\n\t\t<\/div>\n\t\t\t\t<div class=\"elementor-column elementor-col-33 elementor-top-column elementor-element elementor-element-1412698 elementor-hidden-tablet elementor-hidden-mobile\" data-id=\"1412698\" data-element_type=\"column\" data-e-type=\"column\">\n\t\t\t<div class=\"elementor-widget-wrap elementor-element-populated\">\n\t\t\t\t\t\t<div class=\"elementor-element elementor-element-92d54fc elementor-widget elementor-widget-image\" data-id=\"92d54fc\" data-element_type=\"widget\" data-e-type=\"widget\" data-widget_type=\"image.default\">\n\t\t\t\t<div class=\"elementor-widget-container\">\n\t\t\t\t\t\t\t\t\t\t\t\t\t\t\t<img fetchpriority=\"high\" decoding=\"async\" width=\"104\" height=\"742\" src=\"https:\/\/brasilia.fiocruz.br\/i-cindesa\/wp-content\/uploads\/sites\/8\/2023\/08\/barra-lateral.png\" class=\"attachment-full size-full wp-image-292\" alt=\"\" srcset=\"https:\/\/brasilia.fiocruz.br\/i-cindesa\/wp-content\/uploads\/sites\/8\/2023\/08\/barra-lateral.png 104w, https:\/\/brasilia.fiocruz.br\/i-cindesa\/wp-content\/uploads\/sites\/8\/2023\/08\/barra-lateral-42x300.png 42w\" sizes=\"(max-width: 104px) 100vw, 104px\" \/>\t\t\t\t\t\t\t\t\t\t\t\t\t\t\t<\/div>\n\t\t\t\t<\/div>\n\t\t\t\t\t<\/div>\n\t\t<\/div>\n\t\t\t\t\t<\/div>\n\t\t<\/section>\n\t\t\t\t<section class=\"elementor-section elementor-top-section elementor-element elementor-element-2a813ce elementor-section-full_width elementor-section-stretched elementor-section-height-default elementor-section-height-default\" data-id=\"2a813ce\" data-element_type=\"section\" data-e-type=\"section\" data-settings=\"{&quot;stretch_section&quot;:&quot;section-stretched&quot;}\">\n\t\t\t\t\t\t<div class=\"elementor-container elementor-column-gap-default\">\n\t\t\t\t\t<div class=\"elementor-column elementor-col-100 elementor-top-column elementor-element elementor-element-22607e7\" data-id=\"22607e7\" data-element_type=\"column\" data-e-type=\"column\">\n\t\t\t<div class=\"elementor-widget-wrap\">\n\t\t\t\t\t\t\t<\/div>\n\t\t<\/div>\n\t\t\t\t\t<\/div>\n\t\t<\/section>\n\t\t\t\t<\/div>\n\t\t","protected":false},"excerpt":{"rendered":"<p>\/*! elementor &#8211; v3.17.0 &#8211; 25-10-2023 *\/ .elementor-widget-image{text-align:center}.elementor-widget-image a{display:inline-block}.elementor-widget-image a img[src$=&#8221;.svg&#8221;]{width:48px}.elementor-widget-image img{vertical-align:middle;display:inline-block} \/*! elementor &#8211; v3.17.0 &#8211; 25-10-2023 *\/ .elementor-heading-title{padding:0;margin:0;line-height:1}.elementor-widget-heading .elementor-heading-title[class*=elementor-size-]&gt;a{color:inherit;font-size:inherit;line-height:inherit}.elementor-widget-heading .elementor-heading-title.elementor-size-small{font-size:15px}.elementor-widget-heading .elementor-heading-title.elementor-size-medium{font-size:19px}.elementor-widget-heading .elementor-heading-title.elementor-size-large{font-size:29px}.elementor-widget-heading .elementor-heading-title.elementor-size-xl{font-size:39px}.elementor-widget-heading .elementor-heading-title.elementor-size-xxl{font-size:59px} Programa\u00e7\u00e3o Apresentamos a programa\u00e7\u00e3o do Congresso Internacional de Direito Sanit\u00e1rio, com o tema &#8220;Unidade Normativa em Sa\u00fade: Norma e Tecnologia a Servi\u00e7o da Sa\u00fade.&#8221;, que ocorrer\u00e1 nos dias 22, [&hellip;]<\/p>\n","protected":false},"author":12,"featured_media":0,"parent":0,"menu_order":0,"comment_status":"closed","ping_status":"closed","template":"","meta":{"footnotes":""},"class_list":["post-123","page","type-page","status-publish","hentry"],"_links":{"self":[{"href":"https:\/\/brasilia.fiocruz.br\/i-cindesa\/wp-json\/wp\/v2\/pages\/123","targetHints":{"allow":["GET"]}}],"collection":[{"href":"https:\/\/brasilia.fiocruz.br\/i-cindesa\/wp-json\/wp\/v2\/pages"}],"about":[{"href":"https:\/\/brasilia.fiocruz.br\/i-cindesa\/wp-json\/wp\/v2\/types\/page"}],"author":[{"embeddable":true,"href":"https:\/\/brasilia.fiocruz.br\/i-cindesa\/wp-json\/wp\/v2\/users\/12"}],"replies":[{"embeddable":true,"href":"https:\/\/brasilia.fiocruz.br\/i-cindesa\/wp-json\/wp\/v2\/comments?post=123"}],"version-history":[{"count":130,"href":"https:\/\/brasilia.fiocruz.br\/i-cindesa\/wp-json\/wp\/v2\/pages\/123\/revisions"}],"predecessor-version":[{"id":2111,"href":"https:\/\/brasilia.fiocruz.br\/i-cindesa\/wp-json\/wp\/v2\/pages\/123\/revisions\/2111"}],"wp:attachment":[{"href":"https:\/\/brasilia.fiocruz.br\/i-cindesa\/wp-json\/wp\/v2\/media?parent=123"}],"curies":[{"name":"wp","href":"https:\/\/api.w.org\/{rel}","templated":true}]}}