{"id":73,"date":"2023-08-09T16:19:38","date_gmt":"2023-08-09T19:19:38","guid":{"rendered":"https:\/\/brasilia.fiocruz.br\/i-cindesa\/?page_id=73"},"modified":"2023-12-08T10:27:55","modified_gmt":"2023-12-08T13:27:55","slug":"home","status":"publish","type":"page","link":"https:\/\/brasilia.fiocruz.br\/i-cindesa\/","title":{"rendered":""},"content":{"rendered":"\t\t<div data-elementor-type=\"wp-page\" data-elementor-id=\"73\" class=\"elementor elementor-73\">\n\t\t\t\t\t\t<section class=\"elementor-section elementor-top-section elementor-element elementor-element-8d1c388 elementor-section-full_width elementor-section-stretched elementor-section-height-default elementor-section-height-default\" data-id=\"8d1c388\" data-element_type=\"section\" data-e-type=\"section\" data-settings=\"{&quot;stretch_section&quot;:&quot;section-stretched&quot;}\">\n\t\t\t\t\t\t<div class=\"elementor-container elementor-column-gap-default\">\n\t\t\t\t\t<div class=\"elementor-column elementor-col-100 elementor-top-column elementor-element elementor-element-24a4855\" data-id=\"24a4855\" data-element_type=\"column\" data-e-type=\"column\">\n\t\t\t<div class=\"elementor-widget-wrap elementor-element-populated\">\n\t\t\t\t\t\t<section class=\"elementor-section elementor-inner-section elementor-element elementor-element-329bd8a elementor-section-full_width elementor-section-height-default elementor-section-height-default\" data-id=\"329bd8a\" data-element_type=\"section\" data-e-type=\"section\">\n\t\t\t\t\t\t<div class=\"elementor-container elementor-column-gap-default\">\n\t\t\t\t\t<div class=\"elementor-column elementor-col-33 elementor-inner-column elementor-element elementor-element-2dc484b\" data-id=\"2dc484b\" data-element_type=\"column\" data-e-type=\"column\">\n\t\t\t<div class=\"elementor-widget-wrap\">\n\t\t\t\t\t\t\t<\/div>\n\t\t<\/div>\n\t\t\t\t<div class=\"elementor-column elementor-col-33 elementor-inner-column elementor-element elementor-element-0bee1d6\" data-id=\"0bee1d6\" data-element_type=\"column\" data-e-type=\"column\">\n\t\t\t<div class=\"elementor-widget-wrap elementor-element-populated\">\n\t\t\t\t\t\t<div class=\"elementor-element elementor-element-b13dc9f elementor-widget elementor-widget-heading\" data-id=\"b13dc9f\" data-element_type=\"widget\" data-e-type=\"widget\" data-widget_type=\"heading.default\">\n\t\t\t\t<div class=\"elementor-widget-container\">\n\t\t\t\t\t<h2 class=\"elementor-heading-title elementor-size-default\">CONGRESSO INTERNACIONAL DE DIREITO SANIT\u00c1RIO<\/h2>\t\t\t\t<\/div>\n\t\t\t\t<\/div>\n\t\t\t\t<div class=\"elementor-element elementor-element-214c23f elementor-widget elementor-widget-heading\" data-id=\"214c23f\" data-element_type=\"widget\" data-e-type=\"widget\" data-widget_type=\"heading.default\">\n\t\t\t\t<div class=\"elementor-widget-container\">\n\t\t\t\t\t<span class=\"elementor-heading-title elementor-size-default\">Unidade Normativa em Sa\u00fade: norma e tecnologia a servi\u00e7o da sa\u00fade<br>\nBras\u00edlia, DF\n22, 23 e 24 de novembro de 2023\n<\/span>\t\t\t\t<\/div>\n\t\t\t\t<\/div>\n\t\t\t\t<div class=\"elementor-element elementor-element-d439899 elementor-widget elementor-widget-heading\" data-id=\"d439899\" data-element_type=\"widget\" data-e-type=\"widget\" data-widget_type=\"heading.default\">\n\t\t\t\t<div class=\"elementor-widget-container\">\n\t\t\t\t\t<span class=\"elementor-heading-title elementor-size-default\">A \u00e1rea da sa\u00fade \u00e9 um campo din\u00e2mico e complexo, sujeito a constante evolu\u00e7\u00e3o de suas normas e regramentos. Essas normas s\u00e3o essenciais para regular as a\u00e7\u00f5es e presta\u00e7\u00e3o de servi\u00e7os de sa\u00fade que dependem de bases jur\u00eddico-legais, e para a garantia do direito de todos \u00e0 sa\u00fade. <br><br>\nA tecnologia, por sua vez, desempenha um papel cada vez mais importante no bem-estar da sociedade, inclusive aprimorando a sistematiza\u00e7\u00e3o de normas jur\u00eddicas, fazendo com que deixe de ser um campo de exclusivo manejo dos profissionais do Direito, para possibilitar o acesso e a plena compreens\u00e3o de todos desse arcabou\u00e7o que \u00e9 parte da vida social. <br><br>\nQuando legisla\u00e7\u00e3o da sa\u00fade e tecnologia se encontram faz surgir um conhecimento inovador, n\u00e3o apenas para que seja melhor entendido o arco normativo sanit\u00e1rio mas, especialmente, para trazer seguran\u00e7a jur\u00eddica e transpar\u00eancia \u00e0 esse componente legal que rege a gest\u00e3o da sa\u00fade e o Sistema \u00danico de Sa\u00fade. <br><br>\nAssim \u00e9 que o Programa de Direito Sanit\u00e1rio da Funda\u00e7\u00e3o Oswaldo Cruz Bras\u00edlia (Prodisa\/Fiocruz Bras\u00edlia), o Centro de Pol\u00edtica, Direito, Economia e Tecnologias das Comunica\u00e7\u00f5es (CCOM) e a Faculdade de Direito (FD), da Universidade de Bras\u00edlia (UnB), realizar\u00e3o, nos dias 22, 23 e 24 de novembro de 2023, em Bras\u00edlia - DF, o CONGRESSO INTERNACIONAL DE DIREITO SANIT\u00c1RIO, com o tema Unidade Normativa em Sa\u00fade: norma e tecnologia a servi\u00e7o da sa\u00fade.<br><br>\nO objetivo do evento \u00e9 propiciar um l\u00f3cus de debates com a presen\u00e7a de renomados especialistas do Direito, da Sa\u00fade e da Tecnologia, com vista a atualizar as inova\u00e7\u00f5es no setor da tecnologia aplicada \u00e0s normas jur\u00eddicas da sa\u00fade para   contribuir para a melhoria normativa do Sistema \u00danico de Sa\u00fade e seu processo de consolida\u00e7\u00e3o, revis\u00e3o e moderniza\u00e7\u00e3o.\n<br><br>\nO congresso \u00e9 um evento gratuito e ocorrer\u00e1 na Fiocruz Bras\u00edlia localizada na Avenida L3 Norte, s\/n, Campus Universit\u00e1rio Darcy Ribeiro, Gleba A, Bras\u00edlia - DF, 70904-130.<br><br><br><br>\n<p style=\"text-align:center\">\n<span style=\"color:#802215;font-weight:bold\">\nCOMIT\u00ca ORGANIZADOR<\/span> <br> <br>\nSandra Mara Campos Alves<br> <br>\nMarcio Iorio Aranha<br> <br>\nMaria C\u00e9lia Delduque<br> <br>\nAgustin Carignani<br> <br>\n<br><br>\n<span style=\"color:#802215;font-weight:bold\">COMISS\u00c3O CIENT\u00cdFICA<\/span> <br> <br>\nSandra Mara Campos Alves<br> <br>\nMarcio Iorio Aranha<br> <br>\nMaria C\u00e9lia Delduque<br> <br>\nAgustin Carignani<br> <br>\nEdith Maria Babosa Ramos<br> <br>\nMarcelo Lamy<br> <br>\nJarbas Ricardo Almeida Cunha\n<\/p> \n<br> <br>\nInforma\u00e7\u00f5es: prodisa@fiocruz.br<\/span>\t\t\t\t<\/div>\n\t\t\t\t<\/div>\n\t\t\t\t\t<\/div>\n\t\t<\/div>\n\t\t\t\t<div class=\"elementor-column elementor-col-33 elementor-inner-column elementor-element elementor-element-e794479\" data-id=\"e794479\" data-element_type=\"column\" data-e-type=\"column\">\n\t\t\t<div class=\"elementor-widget-wrap\">\n\t\t\t\t\t\t\t<\/div>\n\t\t<\/div>\n\t\t\t\t\t<\/div>\n\t\t<\/section>\n\t\t\t\t<div class=\"elementor-element elementor-element-b4fd2d3 elementor-widget elementor-widget-spacer\" data-id=\"b4fd2d3\" data-element_type=\"widget\" data-e-type=\"widget\" data-widget_type=\"spacer.default\">\n\t\t\t\t<div class=\"elementor-widget-container\">\n\t\t\t\t\t\t\t<div class=\"elementor-spacer\">\n\t\t\t<div class=\"elementor-spacer-inner\"><\/div>\n\t\t<\/div>\n\t\t\t\t\t\t<\/div>\n\t\t\t\t<\/div>\n\t\t\t\t\t<\/div>\n\t\t<\/div>\n\t\t\t\t\t<\/div>\n\t\t<\/section>\n\t\t\t\t<\/div>\n\t\t","protected":false},"excerpt":{"rendered":"<p>\/*! elementor &#8211; v3.17.0 &#8211; 08-11-2023 *\/ .elementor-heading-title{padding:0;margin:0;line-height:1}.elementor-widget-heading .elementor-heading-title[class*=elementor-size-]&gt;a{color:inherit;font-size:inherit;line-height:inherit}.elementor-widget-heading .elementor-heading-title.elementor-size-small{font-size:15px}.elementor-widget-heading .elementor-heading-title.elementor-size-medium{font-size:19px}.elementor-widget-heading .elementor-heading-title.elementor-size-large{font-size:29px}.elementor-widget-heading .elementor-heading-title.elementor-size-xl{font-size:39px}.elementor-widget-heading .elementor-heading-title.elementor-size-xxl{font-size:59px} CONGRESSO INTERNACIONAL DE DIREITO SANIT\u00c1RIO Unidade Normativa em Sa\u00fade: norma e tecnologia a servi\u00e7o da sa\u00fade Bras\u00edlia, DF 22, 23 e 24 de novembro de 2023 A \u00e1rea da sa\u00fade \u00e9 um campo din\u00e2mico e complexo, sujeito a constante evolu\u00e7\u00e3o de [&hellip;]<\/p>\n","protected":false},"author":1,"featured_media":0,"parent":0,"menu_order":0,"comment_status":"closed","ping_status":"closed","template":"","meta":{"footnotes":""},"class_list":["post-73","page","type-page","status-publish","hentry"],"_links":{"self":[{"href":"https:\/\/brasilia.fiocruz.br\/i-cindesa\/wp-json\/wp\/v2\/pages\/73","targetHints":{"allow":["GET"]}}],"collection":[{"href":"https:\/\/brasilia.fiocruz.br\/i-cindesa\/wp-json\/wp\/v2\/pages"}],"about":[{"href":"https:\/\/brasilia.fiocruz.br\/i-cindesa\/wp-json\/wp\/v2\/types\/page"}],"author":[{"embeddable":true,"href":"https:\/\/brasilia.fiocruz.br\/i-cindesa\/wp-json\/wp\/v2\/users\/1"}],"replies":[{"embeddable":true,"href":"https:\/\/brasilia.fiocruz.br\/i-cindesa\/wp-json\/wp\/v2\/comments?post=73"}],"version-history":[{"count":700,"href":"https:\/\/brasilia.fiocruz.br\/i-cindesa\/wp-json\/wp\/v2\/pages\/73\/revisions"}],"predecessor-version":[{"id":1929,"href":"https:\/\/brasilia.fiocruz.br\/i-cindesa\/wp-json\/wp\/v2\/pages\/73\/revisions\/1929"}],"wp:attachment":[{"href":"https:\/\/brasilia.fiocruz.br\/i-cindesa\/wp-json\/wp\/v2\/media?parent=73"}],"curies":[{"name":"wp","href":"https:\/\/api.w.org\/{rel}","templated":true}]}}