{"id":73,"date":"2023-08-09T16:19:38","date_gmt":"2023-08-09T19:19:38","guid":{"rendered":"https:\/\/brasilia.fiocruz.br\/i-cindesa\/?page_id=73"},"modified":"2024-10-14T11:36:16","modified_gmt":"2024-10-14T14:36:16","slug":"home","status":"publish","type":"page","link":"https:\/\/brasilia.fiocruz.br\/i-derecho-sanitario\/","title":{"rendered":"Home"},"content":{"rendered":"\t\t<div data-elementor-type=\"wp-page\" data-elementor-id=\"73\" class=\"elementor elementor-73\">\n\t\t\t\t<div class=\"elementor-element elementor-element-a321467 e-con-full e-flex e-con e-parent\" data-id=\"a321467\" data-element_type=\"container\" data-e-type=\"container\">\n\t\t<div class=\"elementor-element elementor-element-2953e58 e-flex e-con-boxed e-con e-child\" data-id=\"2953e58\" data-element_type=\"container\" data-e-type=\"container\" data-settings=\"{&quot;background_background&quot;:&quot;classic&quot;}\">\n\t\t\t\t\t<div class=\"e-con-inner\">\n\t\t\t\t<div class=\"elementor-element elementor-element-e882b2f elementor-widget elementor-widget-text-editor\" data-id=\"e882b2f\" data-element_type=\"widget\" data-e-type=\"widget\" data-widget_type=\"text-editor.default\">\n\t\t\t\t<div class=\"elementor-widget-container\">\n\t\t\t\t\t\t\t\t\t<p>\u00a1Atenci\u00f3n! \u00a1La lista de trabajos aprobados para comunicaciones orales est\u00e1 disponible!<\/p>\t\t\t\t\t\t\t\t<\/div>\n\t\t\t\t<\/div>\n\t\t\t\t\t<\/div>\n\t\t\t\t<\/div>\n\t\t\t\t<\/div>\n\t\t<div class=\"elementor-element elementor-element-84d9502 e-con-full e-flex e-con e-parent\" data-id=\"84d9502\" data-element_type=\"container\" data-e-type=\"container\">\n\t\t\t\t<div class=\"elementor-element elementor-element-252c916 elementor-widget elementor-widget-image\" data-id=\"252c916\" data-element_type=\"widget\" data-e-type=\"widget\" data-widget_type=\"image.default\">\n\t\t\t\t<div class=\"elementor-widget-container\">\n\t\t\t\t\t\t\t\t\t\t\t\t\t\t\t<img fetchpriority=\"high\" decoding=\"async\" width=\"1752\" height=\"300\" src=\"https:\/\/brasilia.fiocruz.br\/i-derecho-sanitario\/wp-content\/uploads\/sites\/9\/2024\/08\/banner.png\" class=\"attachment-full size-full wp-image-2618\" alt=\"\" srcset=\"https:\/\/brasilia.fiocruz.br\/i-derecho-sanitario\/wp-content\/uploads\/sites\/9\/2024\/08\/banner.png 1752w, https:\/\/brasilia.fiocruz.br\/i-derecho-sanitario\/wp-content\/uploads\/sites\/9\/2024\/08\/banner-300x51.png 300w, https:\/\/brasilia.fiocruz.br\/i-derecho-sanitario\/wp-content\/uploads\/sites\/9\/2024\/08\/banner-1024x175.png 1024w, https:\/\/brasilia.fiocruz.br\/i-derecho-sanitario\/wp-content\/uploads\/sites\/9\/2024\/08\/banner-768x132.png 768w, https:\/\/brasilia.fiocruz.br\/i-derecho-sanitario\/wp-content\/uploads\/sites\/9\/2024\/08\/banner-1536x263.png 1536w\" sizes=\"(max-width: 1752px) 100vw, 1752px\" \/>\t\t\t\t\t\t\t\t\t\t\t\t\t\t\t<\/div>\n\t\t\t\t<\/div>\n\t\t\t\t<\/div>\n\t\t<div class=\"elementor-element elementor-element-f2e99c0 e-con-full e-flex e-con e-parent\" data-id=\"f2e99c0\" data-element_type=\"container\" data-e-type=\"container\">\n\t\t<div class=\"elementor-element elementor-element-1019789 e-flex e-con-boxed e-con e-child\" data-id=\"1019789\" data-element_type=\"container\" data-e-type=\"container\">\n\t\t\t\t\t<div class=\"e-con-inner\">\n\t\t\t\t<div class=\"elementor-element elementor-element-df11007 elementor-widget__width-inherit elementor-absolute elementor-widget elementor-widget-heading\" data-id=\"df11007\" data-element_type=\"widget\" data-e-type=\"widget\" data-settings=\"{&quot;_position&quot;:&quot;absolute&quot;}\" data-widget_type=\"heading.default\">\n\t\t\t\t<div class=\"elementor-widget-container\">\n\t\t\t\t\t<h2 class=\"elementor-heading-title elementor-size-default\">CONGRESO INTERNACIONAL DE DERECHO SANITARIO<\/h2>\t\t\t\t<\/div>\n\t\t\t\t<\/div>\n\t\t\t\t\t<\/div>\n\t\t\t\t<\/div>\n\t\t<div class=\"elementor-element elementor-element-c2fd441 e-con-full e-flex e-con e-child\" data-id=\"c2fd441\" data-element_type=\"container\" data-e-type=\"container\">\n\t\t\t\t<\/div>\n\t\t<div class=\"elementor-element elementor-element-b75a855 e-con-full e-flex e-con e-child\" data-id=\"b75a855\" data-element_type=\"container\" data-e-type=\"container\">\n\t\t\t\t<div class=\"elementor-element elementor-element-b78c538 elementor-widget__width-auto elementor-absolute e-transform e-transform elementor-widget elementor-widget-image\" data-id=\"b78c538\" data-element_type=\"widget\" data-e-type=\"widget\" data-settings=\"{&quot;_position&quot;:&quot;absolute&quot;,&quot;_transform_rotateZ_effect&quot;:{&quot;unit&quot;:&quot;px&quot;,&quot;size&quot;:&quot;180&quot;,&quot;sizes&quot;:[]},&quot;_transform_flipX_effect&quot;:&quot;transform&quot;,&quot;_transform_rotateZ_effect_tablet&quot;:{&quot;unit&quot;:&quot;deg&quot;,&quot;size&quot;:&quot;&quot;,&quot;sizes&quot;:[]},&quot;_transform_rotateZ_effect_mobile&quot;:{&quot;unit&quot;:&quot;deg&quot;,&quot;size&quot;:&quot;&quot;,&quot;sizes&quot;:[]}}\" data-widget_type=\"image.default\">\n\t\t\t\t<div class=\"elementor-widget-container\">\n\t\t\t\t\t\t\t\t\t\t\t\t\t\t\t<img decoding=\"async\" width=\"102\" height=\"180\" data-src=\"https:\/\/brasilia.fiocruz.br\/i-derecho-sanitario\/wp-content\/uploads\/sites\/9\/2024\/06\/laterais.png\" class=\"attachment-large size-large wp-image-2179 lazyload\" alt=\"\" src=\"data:image\/svg+xml;base64,PHN2ZyB3aWR0aD0iMSIgaGVpZ2h0PSIxIiB4bWxucz0iaHR0cDovL3d3dy53My5vcmcvMjAwMC9zdmciPjwvc3ZnPg==\" style=\"--smush-placeholder-width: 102px; --smush-placeholder-aspect-ratio: 102\/180;\" \/>\t\t\t\t\t\t\t\t\t\t\t\t\t\t\t<\/div>\n\t\t\t\t<\/div>\n\t\t\t\t<div class=\"elementor-element elementor-element-668a5ec elementor-widget elementor-widget-spacer\" data-id=\"668a5ec\" data-element_type=\"widget\" data-e-type=\"widget\" data-widget_type=\"spacer.default\">\n\t\t\t\t<div class=\"elementor-widget-container\">\n\t\t\t\t\t\t\t<div class=\"elementor-spacer\">\n\t\t\t<div class=\"elementor-spacer-inner\"><\/div>\n\t\t<\/div>\n\t\t\t\t\t\t<\/div>\n\t\t\t\t<\/div>\n\t\t\t\t<div class=\"elementor-element elementor-element-accd7af elementor-widget elementor-widget-heading\" data-id=\"accd7af\" data-element_type=\"widget\" data-e-type=\"widget\" data-widget_type=\"heading.default\">\n\t\t\t\t<div class=\"elementor-widget-container\">\n\t\t\t\t\t<span class=\"elementor-heading-title elementor-size-default\">La formaci\u00f3n en Derecho y Salud ante los nuevos desaf\u00edos del Siglo XXI<br>\nGranada, 20, 21 y 22 de noviembre de 2024\n<br><br>PRESENTACI\u00d3N<br><br><\/span>\t\t\t\t<\/div>\n\t\t\t\t<\/div>\n\t\t\t\t<div class=\"elementor-element elementor-element-b4cc76f elementor-widget__width-initial elementor-widget elementor-widget-heading\" data-id=\"b4cc76f\" data-element_type=\"widget\" data-e-type=\"widget\" data-widget_type=\"heading.default\">\n\t\t\t\t<div class=\"elementor-widget-container\">\n\t\t\t\t\t<span class=\"elementor-heading-title elementor-size-default\">Estamos viviendo un per\u00edodo de profundas transformaciones tecnol\u00f3gicas, sociales, pol\u00edticas y econ\u00f3micas que impactan directamente el derecho a la salud. La globalizaci\u00f3n, la inteligencia artificial aplicada a la salud, la migraci\u00f3n de la poblaci\u00f3n debido a conflictos, presentan desaf\u00edos para los pa\u00edses y sus sistemas de salud, sean universales o no.\n<br><br>\nEntre los numerosos desaf\u00edos, la formaci\u00f3n especializada en Derecho Sanitario para capacitar a profesionales del derecho y de la salud a manejar esta nueva coyuntura basada en conocimientos jur\u00eddico-pol\u00edtico-sanitarios es uno de ellos. Cabe destacar que la ense\u00f1anza del Derecho Sanitario proviene del propio proceso de construcci\u00f3n social de reconocimiento y garant\u00eda del derecho a la salud como un derecho humano.\n<br><br>\nEn este contexto, el CONGRESO INTERNACIONAL DE DERECHO SANITARIO con el tema \u2018La formaci\u00f3n en Derecho y Salud ante los nuevos desaf\u00edos del Siglo XXI\u2019 busca discutir el papel de la formaci\u00f3n continua y especializada como un pilar importante para la protecci\u00f3n del Derecho a la Salud en un escenario global din\u00e1mico e interconectado.\n<br>\n<br>\n<br><\/span>\t\t\t\t<\/div>\n\t\t\t\t<\/div>\n\t\t\t\t<div class=\"elementor-element elementor-element-7183acd elementor-widget__width-auto elementor-absolute e-transform e-transform elementor-widget elementor-widget-image\" data-id=\"7183acd\" data-element_type=\"widget\" data-e-type=\"widget\" data-settings=\"{&quot;_position&quot;:&quot;absolute&quot;,&quot;_transform_rotateZ_effect&quot;:{&quot;unit&quot;:&quot;px&quot;,&quot;size&quot;:&quot;0&quot;,&quot;sizes&quot;:[]},&quot;_transform_flipX_effect&quot;:&quot;transform&quot;,&quot;_transform_rotateZ_effect_tablet&quot;:{&quot;unit&quot;:&quot;deg&quot;,&quot;size&quot;:&quot;&quot;,&quot;sizes&quot;:[]},&quot;_transform_rotateZ_effect_mobile&quot;:{&quot;unit&quot;:&quot;deg&quot;,&quot;size&quot;:&quot;&quot;,&quot;sizes&quot;:[]}}\" data-widget_type=\"image.default\">\n\t\t\t\t<div class=\"elementor-widget-container\">\n\t\t\t\t\t\t\t\t\t\t\t\t\t\t\t<img decoding=\"async\" width=\"102\" height=\"180\" data-src=\"https:\/\/brasilia.fiocruz.br\/i-derecho-sanitario\/wp-content\/uploads\/sites\/9\/2024\/06\/laterais.png\" class=\"attachment-large size-large wp-image-2179 lazyload\" alt=\"\" src=\"data:image\/svg+xml;base64,PHN2ZyB3aWR0aD0iMSIgaGVpZ2h0PSIxIiB4bWxucz0iaHR0cDovL3d3dy53My5vcmcvMjAwMC9zdmciPjwvc3ZnPg==\" style=\"--smush-placeholder-width: 102px; --smush-placeholder-aspect-ratio: 102\/180;\" \/>\t\t\t\t\t\t\t\t\t\t\t\t\t\t\t<\/div>\n\t\t\t\t<\/div>\n\t\t\t\t<\/div>\n\t\t<div class=\"elementor-element elementor-element-6a14b35 e-con-full e-flex e-con e-child\" data-id=\"6a14b35\" data-element_type=\"container\" data-e-type=\"container\">\n\t\t\t\t<\/div>\n\t\t\t\t<\/div>\n\t\t\t\t<section class=\"elementor-section elementor-top-section elementor-element elementor-element-94f9ccc elementor-section-full_width elementor-section-stretched elementor-section-height-default elementor-section-height-default\" data-id=\"94f9ccc\" data-element_type=\"section\" data-e-type=\"section\" data-settings=\"{&quot;stretch_section&quot;:&quot;section-stretched&quot;}\">\n\t\t\t\t\t\t<div class=\"elementor-container elementor-column-gap-default\">\n\t\t\t\t\t<div class=\"elementor-column elementor-col-100 elementor-top-column elementor-element elementor-element-bd50897\" data-id=\"bd50897\" data-element_type=\"column\" data-e-type=\"column\">\n\t\t\t<div class=\"elementor-widget-wrap elementor-element-populated\">\n\t\t\t\t\t\t<section class=\"elementor-section elementor-inner-section elementor-element elementor-element-8a420d4 elementor-section-full_width elementor-section-height-default elementor-section-height-default\" data-id=\"8a420d4\" data-element_type=\"section\" data-e-type=\"section\">\n\t\t\t\t\t\t<div class=\"elementor-container elementor-column-gap-default\">\n\t\t\t\t\t<div class=\"elementor-column elementor-col-25 elementor-inner-column elementor-element elementor-element-b3917b0\" data-id=\"b3917b0\" data-element_type=\"column\" data-e-type=\"column\">\n\t\t\t<div class=\"elementor-widget-wrap\">\n\t\t\t\t\t\t\t<\/div>\n\t\t<\/div>\n\t\t\t\t<div class=\"elementor-column elementor-col-25 elementor-inner-column elementor-element elementor-element-0cfcf81\" data-id=\"0cfcf81\" data-element_type=\"column\" data-e-type=\"column\">\n\t\t\t<div class=\"elementor-widget-wrap elementor-element-populated\">\n\t\t\t\t<div class=\"elementor-element elementor-element-7a0f118 e-flex e-con-boxed e-con e-parent\" data-id=\"7a0f118\" data-element_type=\"container\" data-e-type=\"container\">\n\t\t\t\t\t<div class=\"e-con-inner\">\n\t\t\t\t<div class=\"elementor-element elementor-element-3a4f10d elementor-widget elementor-widget-heading\" data-id=\"3a4f10d\" data-element_type=\"widget\" data-e-type=\"widget\" data-widget_type=\"heading.default\">\n\t\t\t\t<div class=\"elementor-widget-container\">\n\t\t\t\t\t<span class=\"elementor-heading-title elementor-size-default\">COMIT\u00c9 ORGANIZADOR<\/span>\t\t\t\t<\/div>\n\t\t\t\t<\/div>\n\t\t\t\t\t<\/div>\n\t\t\t\t<\/div>\n\t\t\t\t<div class=\"elementor-element elementor-element-72f8b24 elementor-widget elementor-widget-text-editor\" data-id=\"72f8b24\" data-element_type=\"widget\" data-e-type=\"widget\" data-widget_type=\"text-editor.default\">\n\t\t\t\t<div class=\"elementor-widget-container\">\n\t\t\t\t\t\t\t\t\t<p class=\"p1\" style=\"text-align: center\"><span class=\"s1\">Francisco Miguel Bombillar S\u00e1enz<\/span><\/p><p class=\"p1\" style=\"text-align: center\"><span class=\"s1\">Sandra Mara Campos Alves<\/span><\/p><p class=\"p1\" style=\"text-align: center\"><span class=\"s1\">Maria C\u00e9lia Delduque<\/span><\/p><p class=\"p1\" style=\"text-align: center\"><span class=\"s1\">Joaqu\u00edn Sarri\u00f3n Esteve<\/span><\/p><p class=\"p1\" style=\"text-align: center\"><span class=\"s1\">Secretario: Antonio P\u00e9rez Miras<\/span><\/p><div id=\"acfifjfajpekbmhmjppnmmjgmhjkildl\" class=\"acfifjfajpekbmhmjppnmmjgmhjkildl\">\u00a0<\/div>\t\t\t\t\t\t\t\t<\/div>\n\t\t\t\t<\/div>\n\t\t\t\t\t<\/div>\n\t\t<\/div>\n\t\t\t\t<div class=\"elementor-column elementor-col-25 elementor-inner-column elementor-element elementor-element-0571ad1\" data-id=\"0571ad1\" data-element_type=\"column\" data-e-type=\"column\">\n\t\t\t<div class=\"elementor-widget-wrap elementor-element-populated\">\n\t\t\t\t<div class=\"elementor-element elementor-element-3d380a5 e-flex e-con-boxed e-con e-parent\" data-id=\"3d380a5\" data-element_type=\"container\" data-e-type=\"container\">\n\t\t\t\t\t<div class=\"e-con-inner\">\n\t\t\t\t<div class=\"elementor-element elementor-element-5f833ec elementor-widget elementor-widget-heading\" data-id=\"5f833ec\" data-element_type=\"widget\" data-e-type=\"widget\" data-widget_type=\"heading.default\">\n\t\t\t\t<div class=\"elementor-widget-container\">\n\t\t\t\t\t<span class=\"elementor-heading-title elementor-size-default\">COMIT\u00c9 COLABORADOR<\/span>\t\t\t\t<\/div>\n\t\t\t\t<\/div>\n\t\t\t\t\t<\/div>\n\t\t\t\t<\/div>\n\t\t\t\t<div class=\"elementor-element elementor-element-6d06b56 elementor-widget elementor-widget-text-editor\" data-id=\"6d06b56\" data-element_type=\"widget\" data-e-type=\"widget\" data-widget_type=\"text-editor.default\">\n\t\t\t\t<div class=\"elementor-widget-container\">\n\t\t\t\t\t\t\t\t\t<p class=\"p1\" style=\"text-align: center\"><span class=\"s1\">Bel\u00e9n Burgos Garrido<\/span><\/p><p class=\"p1\" style=\"text-align: center\"><span class=\"s1\">Carlos del Castillo Rodr\u00edguez<\/span><\/p><p class=\"p1\" style=\"text-align: center\"><span class=\"s1\">Marcelo A.C. Fernandes<\/span><\/p><p class=\"p1\" style=\"text-align: center\"><span class=\"s1\">Diego Fernandes Guimar\u00e3es<\/span><\/p><p class=\"p1\" style=\"text-align: center\"><span class=\"s1\">Luis Fernando Mart\u00ednez Quevedo<\/span><\/p><p class=\"p1\" style=\"text-align: center\"><span class=\"s1\">Raquel de Melo Barbosa<\/span><\/p><p class=\"p1\" style=\"text-align: center\"><span class=\"s1\">Fiammetta Nanni<\/span><\/p><div id=\"acfifjfajpekbmhmjppnmmjgmhjkildl\" class=\"acfifjfajpekbmhmjppnmmjgmhjkildl\" style=\"text-align: center\">\u00a0<\/div>\t\t\t\t\t\t\t\t<\/div>\n\t\t\t\t<\/div>\n\t\t\t\t\t<\/div>\n\t\t<\/div>\n\t\t\t\t<div class=\"elementor-column elementor-col-25 elementor-inner-column elementor-element elementor-element-84adb05\" data-id=\"84adb05\" data-element_type=\"column\" data-e-type=\"column\">\n\t\t\t<div class=\"elementor-widget-wrap\">\n\t\t\t\t\t\t\t<\/div>\n\t\t<\/div>\n\t\t\t\t\t<\/div>\n\t\t<\/section>\n\t\t\t\t<div class=\"elementor-element elementor-element-1e1505f elementor-widget elementor-widget-spacer\" data-id=\"1e1505f\" data-element_type=\"widget\" data-e-type=\"widget\" data-widget_type=\"spacer.default\">\n\t\t\t\t<div class=\"elementor-widget-container\">\n\t\t\t\t\t\t\t<div class=\"elementor-spacer\">\n\t\t\t<div class=\"elementor-spacer-inner\"><\/div>\n\t\t<\/div>\n\t\t\t\t\t\t<\/div>\n\t\t\t\t<\/div>\n\t\t\t\t\t<\/div>\n\t\t<\/div>\n\t\t\t\t\t<\/div>\n\t\t<\/section>\n\t\t<div class=\"elementor-element elementor-element-5d2b077 e-flex e-con-boxed e-con e-parent\" data-id=\"5d2b077\" data-element_type=\"container\" data-e-type=\"container\">\n\t\t\t\t\t<div class=\"e-con-inner\">\n\t\t\t\t\t<\/div>\n\t\t\t\t<\/div>\n\t\t\t\t<\/div>\n\t\t","protected":false},"excerpt":{"rendered":"<p>\u00a1Atenci\u00f3n! \u00a1La lista de trabajos aprobados para comunicaciones orales est\u00e1 disponible! \/*! elementor &#8211; v3.17.0 &#8211; 25-10-2023 *\/ .elementor-widget-image{text-align:center}.elementor-widget-image a{display:inline-block}.elementor-widget-image a img[src$=&#8221;.svg&#8221;]{width:48px}.elementor-widget-image img{vertical-align:middle;display:inline-block} \/*! elementor &#8211; v3.17.0 &#8211; 25-10-2023 *\/ .elementor-heading-title{padding:0;margin:0;line-height:1}.elementor-widget-heading .elementor-heading-title[class*=elementor-size-]&gt;a{color:inherit;font-size:inherit;line-height:inherit}.elementor-widget-heading .elementor-heading-title.elementor-size-small{font-size:15px}.elementor-widget-heading .elementor-heading-title.elementor-size-medium{font-size:19px}.elementor-widget-heading .elementor-heading-title.elementor-size-large{font-size:29px}.elementor-widget-heading .elementor-heading-title.elementor-size-xl{font-size:39px}.elementor-widget-heading .elementor-heading-title.elementor-size-xxl{font-size:59px} CONGRESO INTERNACIONAL DE DERECHO SANITARIO \/*! elementor &#8211; v3.17.0 &#8211; 25-10-2023 *\/ .elementor-column .elementor-spacer-inner{height:var(&#8211;spacer-size)}.e-con{&#8211;container-widget-width:100%}.e-con-inner&gt;.elementor-widget-spacer,.e-con&gt;.elementor-widget-spacer{width:var(&#8211;container-widget-width,var(&#8211;spacer-size));&#8211;align-self:var(&#8211;container-widget-align-self,initial);&#8211;flex-shrink:0}.e-con-inner&gt;.elementor-widget-spacer&gt;.elementor-widget-container,.e-con&gt;.elementor-widget-spacer&gt;.elementor-widget-container{height:100%;width:100%}.e-con-inner&gt;.elementor-widget-spacer&gt;.elementor-widget-container&gt;.elementor-spacer,.e-con&gt;.elementor-widget-spacer&gt;.elementor-widget-container&gt;.elementor-spacer{height:100%}.e-con-inner&gt;.elementor-widget-spacer&gt;.elementor-widget-container&gt;.elementor-spacer&gt;.elementor-spacer-inner,.e-con&gt;.elementor-widget-spacer&gt;.elementor-widget-container&gt;.elementor-spacer&gt;.elementor-spacer-inner{height:var(&#8211;container-widget-height,var(&#8211;spacer-size))}.e-con-inner&gt;.elementor-widget-spacer.elementor-widget-empty,.e-con&gt;.elementor-widget-spacer.elementor-widget-empty{position:relative;min-height:22px;min-width:22px}.e-con-inner&gt;.elementor-widget-spacer.elementor-widget-empty .elementor-widget-empty-icon,.e-con&gt;.elementor-widget-spacer.elementor-widget-empty .elementor-widget-empty-icon{position:absolute;top:0;bottom:0;left:0;right:0;margin:auto;padding:0;width:22px;height:22px} La formaci\u00f3n [&hellip;]<\/p>\n","protected":false},"author":12,"featured_media":0,"parent":0,"menu_order":0,"comment_status":"closed","ping_status":"closed","template":"elementor_header_footer","meta":{"footnotes":""},"class_list":["post-73","page","type-page","status-publish","hentry"],"_links":{"self":[{"href":"https:\/\/brasilia.fiocruz.br\/i-derecho-sanitario\/wp-json\/wp\/v2\/pages\/73","targetHints":{"allow":["GET"]}}],"collection":[{"href":"https:\/\/brasilia.fiocruz.br\/i-derecho-sanitario\/wp-json\/wp\/v2\/pages"}],"about":[{"href":"https:\/\/brasilia.fiocruz.br\/i-derecho-sanitario\/wp-json\/wp\/v2\/types\/page"}],"author":[{"embeddable":true,"href":"https:\/\/brasilia.fiocruz.br\/i-derecho-sanitario\/wp-json\/wp\/v2\/users\/12"}],"replies":[{"embeddable":true,"href":"https:\/\/brasilia.fiocruz.br\/i-derecho-sanitario\/wp-json\/wp\/v2\/comments?post=73"}],"version-history":[{"count":103,"href":"https:\/\/brasilia.fiocruz.br\/i-derecho-sanitario\/wp-json\/wp\/v2\/pages\/73\/revisions"}],"predecessor-version":[{"id":2972,"href":"https:\/\/brasilia.fiocruz.br\/i-derecho-sanitario\/wp-json\/wp\/v2\/pages\/73\/revisions\/2972"}],"wp:attachment":[{"href":"https:\/\/brasilia.fiocruz.br\/i-derecho-sanitario\/wp-json\/wp\/v2\/media?parent=73"}],"curies":[{"name":"wp","href":"https:\/\/api.w.org\/{rel}","templated":true}]}}