{"id":2281,"date":"2020-03-02T15:13:04","date_gmt":"2020-03-02T18:13:04","guid":{"rendered":"https:\/\/maraberto.brasilia.fiocruz.br\/?page_id=2281"},"modified":"2021-02-03T08:37:08","modified_gmt":"2021-02-03T11:37:08","slug":"glossario","status":"publish","type":"page","link":"https:\/\/brasilia.fiocruz.br\/maraberto\/farois-1\/glossario\/","title":{"rendered":"Gloss\u00e1rio"},"content":{"rendered":"\t\t<div data-elementor-type=\"wp-page\" data-elementor-id=\"2281\" class=\"elementor elementor-2281\">\n\t\t\t\t\t\t<section class=\"elementor-section elementor-top-section elementor-element elementor-element-458d9d19 elementor-section-full_width elementor-section-height-default elementor-section-height-default\" data-id=\"458d9d19\" data-element_type=\"section\" data-e-type=\"section\">\n\t\t\t\t\t\t<div class=\"elementor-container elementor-column-gap-no\">\n\t\t\t\t\t<div class=\"elementor-column elementor-col-100 elementor-top-column elementor-element elementor-element-6219be5f\" data-id=\"6219be5f\" data-element_type=\"column\" data-e-type=\"column\">\n\t\t\t<div class=\"elementor-widget-wrap\">\n\t\t\t\t\t\t\t<\/div>\n\t\t<\/div>\n\t\t\t\t\t<\/div>\n\t\t<\/section>\n\t\t\t\t<section class=\"elementor-section elementor-top-section elementor-element elementor-element-28083e7a elementor-section-full_width elementor-section-height-default elementor-section-height-default\" data-id=\"28083e7a\" data-element_type=\"section\" data-e-type=\"section\" data-settings=\"{&quot;background_background&quot;:&quot;classic&quot;}\">\n\t\t\t\t\t\t<div class=\"elementor-container elementor-column-gap-default\">\n\t\t\t\t\t<div class=\"elementor-column elementor-col-100 elementor-top-column elementor-element elementor-element-4aa7e18a\" data-id=\"4aa7e18a\" data-element_type=\"column\" data-e-type=\"column\">\n\t\t\t<div class=\"elementor-widget-wrap\">\n\t\t\t\t\t\t\t<\/div>\n\t\t<\/div>\n\t\t\t\t\t<\/div>\n\t\t<\/section>\n\t\t\t\t<\/div>\n\t\t","protected":false},"excerpt":{"rendered":"","protected":false},"author":2,"featured_media":0,"parent":1605,"menu_order":7,"comment_status":"closed","ping_status":"closed","template":"home_glossario.php","meta":{"footnotes":""},"class_list":["post-2281","page","type-page","status-publish","hentry"],"yoast_head":"<!-- This site is optimized with the Yoast SEO plugin v27.1.1 - https:\/\/yoast.com\/product\/yoast-seo-wordpress\/ -->\n<title>Gloss\u00e1rio - Mar Aberto<\/title>\n<meta name=\"robots\" content=\"index, follow, max-snippet:-1, max-image-preview:large, max-video-preview:-1\" \/>\n<link rel=\"canonical\" href=\"https:\/\/brasilia.fiocruz.br\/maraberto\/farois-1\/glossario\/\" \/>\n<meta property=\"og:locale\" content=\"pt_BR\" \/>\n<meta property=\"og:type\" content=\"article\" \/>\n<meta property=\"og:title\" content=\"Gloss\u00e1rio - Mar Aberto\" \/>\n<meta property=\"og:url\" content=\"https:\/\/brasilia.fiocruz.br\/maraberto\/farois-1\/glossario\/\" \/>\n<meta property=\"og:site_name\" content=\"Mar Aberto\" \/>\n<meta property=\"article:modified_time\" content=\"2021-02-03T11:37:08+00:00\" \/>\n<meta name=\"twitter:card\" content=\"summary_large_image\" \/>\n<script type=\"application\/ld+json\" class=\"yoast-schema-graph\">{\"@context\":\"https:\/\/schema.org\",\"@graph\":[{\"@type\":\"WebPage\",\"@id\":\"https:\/\/brasilia.fiocruz.br\/maraberto\/farois-1\/glossario\/\",\"url\":\"https:\/\/brasilia.fiocruz.br\/maraberto\/farois-1\/glossario\/\",\"name\":\"Gloss\u00e1rio - Mar Aberto\",\"isPartOf\":{\"@id\":\"https:\/\/brasilia.fiocruz.br\/maraberto\/#website\"},\"datePublished\":\"2020-03-02T18:13:04+00:00\",\"dateModified\":\"2021-02-03T11:37:08+00:00\",\"breadcrumb\":{\"@id\":\"https:\/\/brasilia.fiocruz.br\/maraberto\/farois-1\/glossario\/#breadcrumb\"},\"inLanguage\":\"pt-BR\",\"potentialAction\":[{\"@type\":\"ReadAction\",\"target\":[\"https:\/\/brasilia.fiocruz.br\/maraberto\/farois-1\/glossario\/\"]}]},{\"@type\":\"BreadcrumbList\",\"@id\":\"https:\/\/brasilia.fiocruz.br\/maraberto\/farois-1\/glossario\/#breadcrumb\",\"itemListElement\":[{\"@type\":\"ListItem\",\"position\":1,\"name\":\"In\u00edcio\",\"item\":\"https:\/\/brasilia.fiocruz.br\/maraberto\/\"},{\"@type\":\"ListItem\",\"position\":2,\"name\":\"Far\u00f3is 1\",\"item\":\"https:\/\/brasilia.fiocruz.br\/maraberto\/farois-1\/\"},{\"@type\":\"ListItem\",\"position\":3,\"name\":\"Gloss\u00e1rio\"}]},{\"@type\":\"WebSite\",\"@id\":\"https:\/\/brasilia.fiocruz.br\/maraberto\/#website\",\"url\":\"https:\/\/brasilia.fiocruz.br\/maraberto\/\",\"name\":\"Mar Aberto\",\"description\":\"Educa\u00e7\u00e3o, Sa\u00fade e Tecnologias\",\"potentialAction\":[{\"@type\":\"SearchAction\",\"target\":{\"@type\":\"EntryPoint\",\"urlTemplate\":\"https:\/\/brasilia.fiocruz.br\/maraberto\/?s={search_term_string}\"},\"query-input\":{\"@type\":\"PropertyValueSpecification\",\"valueRequired\":true,\"valueName\":\"search_term_string\"}}],\"inLanguage\":\"pt-BR\"}]}<\/script>\n<!-- \/ Yoast SEO plugin. -->","yoast_head_json":{"title":"Gloss\u00e1rio - Mar Aberto","robots":{"index":"index","follow":"follow","max-snippet":"max-snippet:-1","max-image-preview":"max-image-preview:large","max-video-preview":"max-video-preview:-1"},"canonical":"https:\/\/brasilia.fiocruz.br\/maraberto\/farois-1\/glossario\/","og_locale":"pt_BR","og_type":"article","og_title":"Gloss\u00e1rio - Mar Aberto","og_url":"https:\/\/brasilia.fiocruz.br\/maraberto\/farois-1\/glossario\/","og_site_name":"Mar Aberto","article_modified_time":"2021-02-03T11:37:08+00:00","twitter_card":"summary_large_image","schema":{"@context":"https:\/\/schema.org","@graph":[{"@type":"WebPage","@id":"https:\/\/brasilia.fiocruz.br\/maraberto\/farois-1\/glossario\/","url":"https:\/\/brasilia.fiocruz.br\/maraberto\/farois-1\/glossario\/","name":"Gloss\u00e1rio - Mar Aberto","isPartOf":{"@id":"https:\/\/brasilia.fiocruz.br\/maraberto\/#website"},"datePublished":"2020-03-02T18:13:04+00:00","dateModified":"2021-02-03T11:37:08+00:00","breadcrumb":{"@id":"https:\/\/brasilia.fiocruz.br\/maraberto\/farois-1\/glossario\/#breadcrumb"},"inLanguage":"pt-BR","potentialAction":[{"@type":"ReadAction","target":["https:\/\/brasilia.fiocruz.br\/maraberto\/farois-1\/glossario\/"]}]},{"@type":"BreadcrumbList","@id":"https:\/\/brasilia.fiocruz.br\/maraberto\/farois-1\/glossario\/#breadcrumb","itemListElement":[{"@type":"ListItem","position":1,"name":"In\u00edcio","item":"https:\/\/brasilia.fiocruz.br\/maraberto\/"},{"@type":"ListItem","position":2,"name":"Far\u00f3is 1","item":"https:\/\/brasilia.fiocruz.br\/maraberto\/farois-1\/"},{"@type":"ListItem","position":3,"name":"Gloss\u00e1rio"}]},{"@type":"WebSite","@id":"https:\/\/brasilia.fiocruz.br\/maraberto\/#website","url":"https:\/\/brasilia.fiocruz.br\/maraberto\/","name":"Mar Aberto","description":"Educa\u00e7\u00e3o, Sa\u00fade e Tecnologias","potentialAction":[{"@type":"SearchAction","target":{"@type":"EntryPoint","urlTemplate":"https:\/\/brasilia.fiocruz.br\/maraberto\/?s={search_term_string}"},"query-input":{"@type":"PropertyValueSpecification","valueRequired":true,"valueName":"search_term_string"}}],"inLanguage":"pt-BR"}]}},"_links":{"self":[{"href":"https:\/\/brasilia.fiocruz.br\/maraberto\/wp-json\/wp\/v2\/pages\/2281","targetHints":{"allow":["GET"]}}],"collection":[{"href":"https:\/\/brasilia.fiocruz.br\/maraberto\/wp-json\/wp\/v2\/pages"}],"about":[{"href":"https:\/\/brasilia.fiocruz.br\/maraberto\/wp-json\/wp\/v2\/types\/page"}],"author":[{"embeddable":true,"href":"https:\/\/brasilia.fiocruz.br\/maraberto\/wp-json\/wp\/v2\/users\/2"}],"replies":[{"embeddable":true,"href":"https:\/\/brasilia.fiocruz.br\/maraberto\/wp-json\/wp\/v2\/comments?post=2281"}],"version-history":[{"count":1,"href":"https:\/\/brasilia.fiocruz.br\/maraberto\/wp-json\/wp\/v2\/pages\/2281\/revisions"}],"predecessor-version":[{"id":2971,"href":"https:\/\/brasilia.fiocruz.br\/maraberto\/wp-json\/wp\/v2\/pages\/2281\/revisions\/2971"}],"up":[{"embeddable":true,"href":"https:\/\/brasilia.fiocruz.br\/maraberto\/wp-json\/wp\/v2\/pages\/1605"}],"wp:attachment":[{"href":"https:\/\/brasilia.fiocruz.br\/maraberto\/wp-json\/wp\/v2\/media?parent=2281"}],"curies":[{"name":"wp","href":"https:\/\/api.w.org\/{rel}","templated":true}]}}