{"id":4065,"date":"2021-02-03T14:55:17","date_gmt":"2021-02-03T17:55:17","guid":{"rendered":"https:\/\/brasilia.fiocruz.br\/maraberto\/?page_id=4065"},"modified":"2021-03-13T10:34:40","modified_gmt":"2021-03-13T13:34:40","slug":"galeria-mesa-de-debate-2017-parte-3-3","status":"publish","type":"page","link":"https:\/\/brasilia.fiocruz.br\/maraberto\/galeria-mesa-de-debate-2017-parte-3-3\/","title":{"rendered":"GALERIA MESA DE DEBATE 2017 &#8211; PARTE 3\/3"},"content":{"rendered":"\t\t<div data-elementor-type=\"wp-page\" data-elementor-id=\"4065\" class=\"elementor elementor-4065\">\n\t\t\t\t\t\t<section class=\"elementor-section elementor-top-section elementor-element elementor-element-c532055 elementor-section-boxed elementor-section-height-default elementor-section-height-default\" data-id=\"c532055\" data-element_type=\"section\" data-e-type=\"section\">\n\t\t\t\t\t\t<div class=\"elementor-container elementor-column-gap-default\">\n\t\t\t\t\t<div class=\"elementor-column elementor-col-100 elementor-top-column elementor-element elementor-element-1fb39da\" data-id=\"1fb39da\" data-element_type=\"column\" data-e-type=\"column\">\n\t\t\t<div class=\"elementor-widget-wrap elementor-element-populated\">\n\t\t\t\t\t\t<div class=\"elementor-element elementor-element-1027d19 elementor-widget elementor-widget-heading\" data-id=\"1027d19\" data-element_type=\"widget\" data-e-type=\"widget\" data-widget_type=\"heading.default\">\n\t\t\t\t<div class=\"elementor-widget-container\">\n\t\t\t\t\t<h2 class=\"elementor-heading-title elementor-size-default\">GALERIA DO CICLO DE DEBATE 2017 - PARTE 3\/3<\/h2>\t\t\t\t<\/div>\n\t\t\t\t<\/div>\n\t\t\t\t\t<\/div>\n\t\t<\/div>\n\t\t\t\t\t<\/div>\n\t\t<\/section>\n\t\t\t\t<section class=\"elementor-section elementor-top-section elementor-element elementor-element-6bd2e9e elementor-section-boxed elementor-section-height-default elementor-section-height-default\" data-id=\"6bd2e9e\" data-element_type=\"section\" data-e-type=\"section\">\n\t\t\t\t\t\t<div class=\"elementor-container elementor-column-gap-default\">\n\t\t\t\t\t<div class=\"elementor-column elementor-col-100 elementor-top-column elementor-element elementor-element-938777e\" data-id=\"938777e\" data-element_type=\"column\" data-e-type=\"column\">\n\t\t\t<div class=\"elementor-widget-wrap elementor-element-populated\">\n\t\t\t\t\t\t<div class=\"elementor-element elementor-element-bb7744f elementor-align-left elementor-widget elementor-widget-button\" data-id=\"bb7744f\" data-element_type=\"widget\" data-e-type=\"widget\" data-widget_type=\"button.default\">\n\t\t\t\t<div class=\"elementor-widget-container\">\n\t\t\t\t\t\t\t\t\t<div class=\"elementor-button-wrapper\">\n\t\t\t\t\t<a class=\"elementor-button elementor-button-link elementor-size-sm\" href=\"https:\/\/brasilia.fiocruz.br\/maraberto\/galeria-mesa-de-debate-2017-parte-2-3\/\">\n\t\t\t\t\t\t<span class=\"elementor-button-content-wrapper\">\n\t\t\t\t\t\t\t\t\t<span class=\"elementor-button-text\">P\u00c1GINA ANTERIOR<\/span>\n\t\t\t\t\t<\/span>\n\t\t\t\t\t<\/a>\n\t\t\t\t<\/div>\n\t\t\t\t\t\t\t\t<\/div>\n\t\t\t\t<\/div>\n\t\t\t\t\t<\/div>\n\t\t<\/div>\n\t\t\t\t\t<\/div>\n\t\t<\/section>\n\t\t\t\t<section class=\"elementor-section elementor-top-section elementor-element elementor-element-9a581fb elementor-section-boxed elementor-section-height-default elementor-section-height-default\" data-id=\"9a581fb\" data-element_type=\"section\" data-e-type=\"section\">\n\t\t\t\t\t\t<div class=\"elementor-container elementor-column-gap-default\">\n\t\t\t\t\t<div class=\"elementor-column elementor-col-100 elementor-top-column elementor-element elementor-element-67fa2f0\" data-id=\"67fa2f0\" data-element_type=\"column\" data-e-type=\"column\" data-settings=\"{&quot;background_background&quot;:&quot;classic&quot;}\">\n\t\t\t<div class=\"elementor-widget-wrap elementor-element-populated\">\n\t\t\t\t\t\t<div class=\"elementor-element elementor-element-62d3c93 elementor-widget elementor-widget-video\" data-id=\"62d3c93\" data-element_type=\"widget\" data-e-type=\"widget\" data-settings=\"{&quot;youtube_url&quot;:&quot;https:\\\/\\\/youtu.be\\\/ONFJvwARNbs?list=PLPyO8qVoPmBTKlr04FpXcnpxZbUGuxRtI &quot;,&quot;video_type&quot;:&quot;youtube&quot;,&quot;controls&quot;:&quot;yes&quot;}\" data-widget_type=\"video.default\">\n\t\t\t\t<div class=\"elementor-widget-container\">\n\t\t\t\t\t\t\t<div class=\"elementor-wrapper elementor-open-inline\">\n\t\t\t<div class=\"elementor-video\"><\/div>\t\t<\/div>\n\t\t\t\t\t\t<\/div>\n\t\t\t\t<\/div>\n\t\t\t\t<div class=\"elementor-element elementor-element-7ad1b8f elementor-widget elementor-widget-text-editor\" data-id=\"7ad1b8f\" data-element_type=\"widget\" data-e-type=\"widget\" data-widget_type=\"text-editor.default\">\n\t\t\t\t<div class=\"elementor-widget-container\">\n\t\t\t\t\t\t\t\t\t<p style=\"text-align: justify;margin: 10.0pt 0cm 8.0pt 0cm\"><span style=\"color: black\">A comunica\u00e7\u00e3o na atualidade surpreende com os n\u00fameros. Voc\u00ea sabia que cerca de 81 trilh\u00f5es de e-mails foram enviados em 2016? Sabia que o brasileiro gasta em torno de 5 horas e 28 minutos conectados na internet por dia, a maior parte desse tempo em redes sociais, superando todos os outros pa\u00edses? E sabia que no mundo cerca de 3 bilh\u00f5es de pessoas est\u00e3o nas redes sociais? Pois \u00e9, os n\u00fameros assustam, mas mostra como vivemos numa sociedade muito mais conectada, que mudou a maneira de fazer e transformou o capitalismo no que podemos chamar de Capitalismo Contempor\u00e2neo.<\/span><\/p><p style=\"text-align: justify;margin: 10.0pt 0cm 8.0pt 0cm\"><span style=\"color: #454545\">O Prof. S\u00e9rgio Amadeu \u00e9 vinculado \u00e0 Universidade Federal do ABC (UFABC), \u00e9 professor de Pol\u00edtica P\u00fablica na institui\u00e7\u00e3o, mas atua principalmente nas Pol\u00edticas Digitais. Discorreu sobre a mudan\u00e7a de um capitalismo baseado na ind\u00fastria, para outro baseado em informa\u00e7\u00f5es. Abordou o Machine Learning (Aprendizado de M\u00e1quina), e o poder crescente na m\u00e3o das grandes corpora\u00e7\u00f5es como o Google e Facebook que det\u00e9m informa\u00e7\u00f5es da maioria de n\u00f3s. Utilizam algoritmos para tratar e vender os nossos dados, e que n\u00e3o temos informa\u00e7\u00f5es sobre eles. Conclui refletindo sobre as possibilidades de mudan\u00e7a, al\u00e9m da luta por pol\u00edticas de renda em rela\u00e7\u00e3o ao grande desemprego causado pela automa\u00e7\u00e3o, e defende tamb\u00e9m a cria\u00e7\u00e3o de c\u00f3digos e algoritmos que levem em conta os direitos humanos e o direito \u00e0 privacidade.<\/span><\/p>\t\t\t\t\t\t\t\t<\/div>\n\t\t\t\t<\/div>\n\t\t\t\t\t<\/div>\n\t\t<\/div>\n\t\t\t\t\t<\/div>\n\t\t<\/section>\n\t\t\t\t<section class=\"elementor-section elementor-top-section elementor-element elementor-element-067affa elementor-section-boxed elementor-section-height-default elementor-section-height-default\" data-id=\"067affa\" data-element_type=\"section\" data-e-type=\"section\">\n\t\t\t\t\t\t<div class=\"elementor-container elementor-column-gap-default\">\n\t\t\t\t\t<div class=\"elementor-column elementor-col-100 elementor-top-column elementor-element elementor-element-df298c5\" data-id=\"df298c5\" data-element_type=\"column\" data-e-type=\"column\" data-settings=\"{&quot;background_background&quot;:&quot;classic&quot;}\">\n\t\t\t<div class=\"elementor-widget-wrap elementor-element-populated\">\n\t\t\t\t\t\t<div class=\"elementor-element elementor-element-3b7d5fc elementor-widget elementor-widget-video\" data-id=\"3b7d5fc\" data-element_type=\"widget\" data-e-type=\"widget\" data-settings=\"{&quot;youtube_url&quot;:&quot;https:\\\/\\\/youtu.be\\\/JMqd2aEJbSo?list=PLPyO8qVoPmBTKlr04FpXcnpxZbUGuxRtI &quot;,&quot;video_type&quot;:&quot;youtube&quot;,&quot;controls&quot;:&quot;yes&quot;}\" data-widget_type=\"video.default\">\n\t\t\t\t<div class=\"elementor-widget-container\">\n\t\t\t\t\t\t\t<div class=\"elementor-wrapper elementor-open-inline\">\n\t\t\t<div class=\"elementor-video\"><\/div>\t\t<\/div>\n\t\t\t\t\t\t<\/div>\n\t\t\t\t<\/div>\n\t\t\t\t<div class=\"elementor-element elementor-element-6377570 elementor-widget elementor-widget-text-editor\" data-id=\"6377570\" data-element_type=\"widget\" data-e-type=\"widget\" data-widget_type=\"text-editor.default\">\n\t\t\t\t<div class=\"elementor-widget-container\">\n\t\t\t\t\t\t\t\t\t<p style=\"text-align: justify;margin: 10.0pt 0cm 8.0pt 0cm\"><span style=\"color: #454545\">H\u00e1 uma discuss\u00e3o muito importante sobre a disponibiliza\u00e7\u00e3o de recursos educacionais de forma livre a todos. Dentre as quest\u00f5es, h\u00e1 duas muito importantes. O debate sobre o uso dos dados que voc\u00ea produz na era da informa\u00e7\u00e3o, como os seus estudos, trabalhos, conte\u00fados, etc. Onde voc\u00ea pode definir se deseja compartilhar totalmente ou parcialmente, ou at\u00e9 n\u00e3o compartilhar esse conte\u00fado com os outros. E a discuss\u00e3o sobre o acesso aos recursos educacionais que, muitas vezes est\u00e3o fora do acesso ao p\u00fablico, por n\u00e3o serem de acesso livre.<\/span><\/p><p style=\"text-align: justify;margin: 10.0pt 0cm 8.0pt 0cm\"><span style=\"color: #454545\">O Prof. Tel Amiel que \u00e9 pesquisador da Universidade Estadual de Campinas (UNICAMP) e \u00e9 vinculado ao N\u00facleo de Inform\u00e1tica Aplicada \u00e0 Educa\u00e7\u00e3o (NIED), trabalha com a Educa\u00e7\u00e3o Aberta e abordou diversas quest\u00f5es importantes sobre o debate da disponibiliza\u00e7\u00e3o de recursos educacionais. Tel discorreu sobre o crescimento na parceria entre escolas, universidades e governo com os grandes grupos como o Google, em que o mesmo acaba se apropriando das informa\u00e7\u00f5es que s\u00e3o produzidas nesses ambientes. Falou sobre as quest\u00f5es sobre os conte\u00fados de acesso livre e sua utiliza\u00e7\u00e3o por essas empresas. Ressaltou que os conte\u00fados produzidos com recursos p\u00fablicos devam ser de livre acesso. Demonstrou diversas iniciativas de disponibiliza\u00e7\u00e3o de conte\u00fado aberto no Brasil e no mundo, como a CAPES, e tamb\u00e9m sobre a adapta\u00e7\u00e3o das empresas para absorverem as plataformas de conte\u00fado aberto e ainda conseguirem lucrar com isso.<\/span><\/p>\t\t\t\t\t\t\t\t<\/div>\n\t\t\t\t<\/div>\n\t\t\t\t\t<\/div>\n\t\t<\/div>\n\t\t\t\t\t<\/div>\n\t\t<\/section>\n\t\t\t\t<section class=\"elementor-section elementor-top-section elementor-element elementor-element-5bdbc26 elementor-section-boxed elementor-section-height-default elementor-section-height-default\" data-id=\"5bdbc26\" data-element_type=\"section\" data-e-type=\"section\">\n\t\t\t\t\t\t<div class=\"elementor-container elementor-column-gap-default\">\n\t\t\t\t\t<div class=\"elementor-column elementor-col-100 elementor-top-column elementor-element elementor-element-e622ee0\" data-id=\"e622ee0\" data-element_type=\"column\" data-e-type=\"column\" data-settings=\"{&quot;background_background&quot;:&quot;classic&quot;}\">\n\t\t\t<div class=\"elementor-widget-wrap elementor-element-populated\">\n\t\t\t\t\t\t<div class=\"elementor-element elementor-element-0d3baa1 elementor-widget elementor-widget-video\" data-id=\"0d3baa1\" data-element_type=\"widget\" data-e-type=\"widget\" data-settings=\"{&quot;youtube_url&quot;:&quot;https:\\\/\\\/youtu.be\\\/ag6ksksFqFw?list=PLPyO8qVoPmBTKlr04FpXcnpxZbUGuxRtI &quot;,&quot;video_type&quot;:&quot;youtube&quot;,&quot;controls&quot;:&quot;yes&quot;}\" data-widget_type=\"video.default\">\n\t\t\t\t<div class=\"elementor-widget-container\">\n\t\t\t\t\t\t\t<div class=\"elementor-wrapper elementor-open-inline\">\n\t\t\t<div class=\"elementor-video\"><\/div>\t\t<\/div>\n\t\t\t\t\t\t<\/div>\n\t\t\t\t<\/div>\n\t\t\t\t<div class=\"elementor-element elementor-element-22a6f67 elementor-widget elementor-widget-text-editor\" data-id=\"22a6f67\" data-element_type=\"widget\" data-e-type=\"widget\" data-widget_type=\"text-editor.default\">\n\t\t\t\t<div class=\"elementor-widget-container\">\n\t\t\t\t\t\t\t\t\t<p>Exemplo de texto para o v\u00eddeo<\/p>\t\t\t\t\t\t\t\t<\/div>\n\t\t\t\t<\/div>\n\t\t\t\t\t<\/div>\n\t\t<\/div>\n\t\t\t\t\t<\/div>\n\t\t<\/section>\n\t\t\t\t<section class=\"elementor-section elementor-top-section elementor-element elementor-element-a80641b elementor-section-boxed elementor-section-height-default elementor-section-height-default\" data-id=\"a80641b\" data-element_type=\"section\" data-e-type=\"section\">\n\t\t\t\t\t\t<div class=\"elementor-container elementor-column-gap-default\">\n\t\t\t\t\t<div class=\"elementor-column elementor-col-100 elementor-top-column elementor-element elementor-element-404a42e\" data-id=\"404a42e\" data-element_type=\"column\" data-e-type=\"column\">\n\t\t\t<div class=\"elementor-widget-wrap elementor-element-populated\">\n\t\t\t\t\t\t<div class=\"elementor-element elementor-element-6d0d270 elementor-align-left elementor-widget elementor-widget-button\" data-id=\"6d0d270\" data-element_type=\"widget\" data-e-type=\"widget\" data-widget_type=\"button.default\">\n\t\t\t\t<div class=\"elementor-widget-container\">\n\t\t\t\t\t\t\t\t\t<div class=\"elementor-button-wrapper\">\n\t\t\t\t\t<a class=\"elementor-button elementor-button-link elementor-size-sm\" href=\"https:\/\/brasilia.fiocruz.br\/maraberto\/galeria-mesa-de-debate-2017-parte-2-3\/\">\n\t\t\t\t\t\t<span class=\"elementor-button-content-wrapper\">\n\t\t\t\t\t\t\t\t\t<span class=\"elementor-button-text\">P\u00c1GINA ANTERIOR<\/span>\n\t\t\t\t\t<\/span>\n\t\t\t\t\t<\/a>\n\t\t\t\t<\/div>\n\t\t\t\t\t\t\t\t<\/div>\n\t\t\t\t<\/div>\n\t\t\t\t\t<\/div>\n\t\t<\/div>\n\t\t\t\t\t<\/div>\n\t\t<\/section>\n\t\t\t\t<section class=\"elementor-section elementor-top-section elementor-element elementor-element-da161e6 elementor-section-boxed elementor-section-height-default elementor-section-height-default\" data-id=\"da161e6\" data-element_type=\"section\" data-e-type=\"section\">\n\t\t\t\t\t\t<div class=\"elementor-container elementor-column-gap-default\">\n\t\t\t\t\t<div class=\"elementor-column elementor-col-100 elementor-top-column elementor-element elementor-element-f5fff40\" data-id=\"f5fff40\" data-element_type=\"column\" data-e-type=\"column\" data-settings=\"{&quot;background_background&quot;:&quot;classic&quot;}\">\n\t\t\t<div class=\"elementor-widget-wrap elementor-element-populated\">\n\t\t\t\t\t\t<div class=\"elementor-element elementor-element-a432a50 elementor-widget elementor-widget-heading\" data-id=\"a432a50\" data-element_type=\"widget\" data-e-type=\"widget\" data-widget_type=\"heading.default\">\n\t\t\t\t<div class=\"elementor-widget-container\">\n\t\t\t\t\t<h2 class=\"elementor-heading-title elementor-size-default\">Entrevistas de 2017<\/h2>\t\t\t\t<\/div>\n\t\t\t\t<\/div>\n\t\t\t\t<div class=\"elementor-element elementor-element-08a460b elementor-widget elementor-widget-text-editor\" data-id=\"08a460b\" data-element_type=\"widget\" data-e-type=\"widget\" data-widget_type=\"text-editor.default\">\n\t\t\t\t<div class=\"elementor-widget-container\">\n\t\t\t\t\t\t\t\t\t<p style=\"text-align: left\"><span style=\"color: #595959;font-family: Exo, sans-serif;font-size: 16px;font-weight: 300\"><span style=\"font-weight: 400\">Diversos especialistas foram convidados para falar de temas muito importantes no 1\u00ba Ciclo de Debates do Mar Aberto.<\/span><\/span><\/p><p><strong><span style=\"color: #ff6600\"><a style=\"color: #ff6600\" href=\"https:\/\/brasilia.fiocruz.br\/maraberto\/galeria-entrevistas-de-2017-parte-1-4\/\">ASSISTIR AS ENTREVISTAS<\/a><\/span><\/strong><\/p>\t\t\t\t\t\t\t\t<\/div>\n\t\t\t\t<\/div>\n\t\t\t\t\t<\/div>\n\t\t<\/div>\n\t\t\t\t\t<\/div>\n\t\t<\/section>\n\t\t\t\t<\/div>\n\t\t","protected":false},"excerpt":{"rendered":"<p>GALERIA DO CICLO DE DEBATE 2017 &#8211; PARTE 3\/3 P\u00c1GINA ANTERIOR https:\/\/youtu.be\/ONFJvwARNbs?list=PLPyO8qVoPmBTKlr04FpXcnpxZbUGuxRtI%20 A comunica\u00e7\u00e3o na atualidade surpreende com os n\u00fameros. Voc\u00ea sabia que cerca de 81 trilh\u00f5es de e-mails foram enviados em 2016? Sabia que o brasileiro gasta em torno de 5 horas e 28 minutos conectados na internet por dia, a maior parte desse [&hellip;]<\/p>\n","protected":false},"author":2,"featured_media":0,"parent":0,"menu_order":0,"comment_status":"closed","ping_status":"closed","template":"","meta":{"footnotes":""},"class_list":["post-4065","page","type-page","status-publish","hentry"],"yoast_head":"<!-- This site is optimized with the Yoast SEO plugin v27.1.1 - https:\/\/yoast.com\/product\/yoast-seo-wordpress\/ -->\n<title>GALERIA MESA DE DEBATE 2017 - PARTE 3\/3 - Mar Aberto<\/title>\n<meta name=\"robots\" content=\"index, follow, max-snippet:-1, max-image-preview:large, max-video-preview:-1\" \/>\n<link rel=\"canonical\" href=\"https:\/\/brasilia.fiocruz.br\/maraberto\/galeria-mesa-de-debate-2017-parte-3-3\/\" \/>\n<meta property=\"og:locale\" content=\"pt_BR\" \/>\n<meta property=\"og:type\" content=\"article\" \/>\n<meta property=\"og:title\" content=\"GALERIA MESA DE DEBATE 2017 - PARTE 3\/3 - Mar Aberto\" \/>\n<meta property=\"og:description\" content=\"GALERIA DO CICLO DE DEBATE 2017 &#8211; PARTE 3\/3 P\u00c1GINA ANTERIOR https:\/\/youtu.be\/ONFJvwARNbs?list=PLPyO8qVoPmBTKlr04FpXcnpxZbUGuxRtI%20 A comunica\u00e7\u00e3o na atualidade surpreende com os n\u00fameros. Voc\u00ea sabia que cerca de 81 trilh\u00f5es de e-mails foram enviados em 2016? Sabia que o brasileiro gasta em torno de 5 horas e 28 minutos conectados na internet por dia, a maior parte desse [&hellip;]\" \/>\n<meta property=\"og:url\" content=\"https:\/\/brasilia.fiocruz.br\/maraberto\/galeria-mesa-de-debate-2017-parte-3-3\/\" \/>\n<meta property=\"og:site_name\" content=\"Mar Aberto\" \/>\n<meta property=\"article:modified_time\" content=\"2021-03-13T13:34:40+00:00\" \/>\n<meta name=\"twitter:card\" content=\"summary_large_image\" \/>\n<meta name=\"twitter:label1\" content=\"Est. tempo de leitura\" \/>\n\t<meta name=\"twitter:data1\" content=\"3 minutos\" \/>\n<script type=\"application\/ld+json\" class=\"yoast-schema-graph\">{\"@context\":\"https:\/\/schema.org\",\"@graph\":[{\"@type\":\"WebPage\",\"@id\":\"https:\/\/brasilia.fiocruz.br\/maraberto\/galeria-mesa-de-debate-2017-parte-3-3\/\",\"url\":\"https:\/\/brasilia.fiocruz.br\/maraberto\/galeria-mesa-de-debate-2017-parte-3-3\/\",\"name\":\"GALERIA MESA DE DEBATE 2017 - PARTE 3\/3 - Mar Aberto\",\"isPartOf\":{\"@id\":\"https:\/\/brasilia.fiocruz.br\/maraberto\/#website\"},\"datePublished\":\"2021-02-03T17:55:17+00:00\",\"dateModified\":\"2021-03-13T13:34:40+00:00\",\"breadcrumb\":{\"@id\":\"https:\/\/brasilia.fiocruz.br\/maraberto\/galeria-mesa-de-debate-2017-parte-3-3\/#breadcrumb\"},\"inLanguage\":\"pt-BR\",\"potentialAction\":[{\"@type\":\"ReadAction\",\"target\":[\"https:\/\/brasilia.fiocruz.br\/maraberto\/galeria-mesa-de-debate-2017-parte-3-3\/\"]}]},{\"@type\":\"BreadcrumbList\",\"@id\":\"https:\/\/brasilia.fiocruz.br\/maraberto\/galeria-mesa-de-debate-2017-parte-3-3\/#breadcrumb\",\"itemListElement\":[{\"@type\":\"ListItem\",\"position\":1,\"name\":\"In\u00edcio\",\"item\":\"https:\/\/brasilia.fiocruz.br\/maraberto\/\"},{\"@type\":\"ListItem\",\"position\":2,\"name\":\"GALERIA MESA DE DEBATE 2017 &#8211; PARTE 3\/3\"}]},{\"@type\":\"WebSite\",\"@id\":\"https:\/\/brasilia.fiocruz.br\/maraberto\/#website\",\"url\":\"https:\/\/brasilia.fiocruz.br\/maraberto\/\",\"name\":\"Mar Aberto\",\"description\":\"Educa\u00e7\u00e3o, Sa\u00fade e Tecnologias\",\"potentialAction\":[{\"@type\":\"SearchAction\",\"target\":{\"@type\":\"EntryPoint\",\"urlTemplate\":\"https:\/\/brasilia.fiocruz.br\/maraberto\/?s={search_term_string}\"},\"query-input\":{\"@type\":\"PropertyValueSpecification\",\"valueRequired\":true,\"valueName\":\"search_term_string\"}}],\"inLanguage\":\"pt-BR\"}]}<\/script>\n<!-- \/ Yoast SEO plugin. -->","yoast_head_json":{"title":"GALERIA MESA DE DEBATE 2017 - PARTE 3\/3 - Mar Aberto","robots":{"index":"index","follow":"follow","max-snippet":"max-snippet:-1","max-image-preview":"max-image-preview:large","max-video-preview":"max-video-preview:-1"},"canonical":"https:\/\/brasilia.fiocruz.br\/maraberto\/galeria-mesa-de-debate-2017-parte-3-3\/","og_locale":"pt_BR","og_type":"article","og_title":"GALERIA MESA DE DEBATE 2017 - PARTE 3\/3 - Mar Aberto","og_description":"GALERIA DO CICLO DE DEBATE 2017 &#8211; PARTE 3\/3 P\u00c1GINA ANTERIOR https:\/\/youtu.be\/ONFJvwARNbs?list=PLPyO8qVoPmBTKlr04FpXcnpxZbUGuxRtI%20 A comunica\u00e7\u00e3o na atualidade surpreende com os n\u00fameros. Voc\u00ea sabia que cerca de 81 trilh\u00f5es de e-mails foram enviados em 2016? Sabia que o brasileiro gasta em torno de 5 horas e 28 minutos conectados na internet por dia, a maior parte desse [&hellip;]","og_url":"https:\/\/brasilia.fiocruz.br\/maraberto\/galeria-mesa-de-debate-2017-parte-3-3\/","og_site_name":"Mar Aberto","article_modified_time":"2021-03-13T13:34:40+00:00","twitter_card":"summary_large_image","twitter_misc":{"Est. tempo de leitura":"3 minutos"},"schema":{"@context":"https:\/\/schema.org","@graph":[{"@type":"WebPage","@id":"https:\/\/brasilia.fiocruz.br\/maraberto\/galeria-mesa-de-debate-2017-parte-3-3\/","url":"https:\/\/brasilia.fiocruz.br\/maraberto\/galeria-mesa-de-debate-2017-parte-3-3\/","name":"GALERIA MESA DE DEBATE 2017 - PARTE 3\/3 - Mar Aberto","isPartOf":{"@id":"https:\/\/brasilia.fiocruz.br\/maraberto\/#website"},"datePublished":"2021-02-03T17:55:17+00:00","dateModified":"2021-03-13T13:34:40+00:00","breadcrumb":{"@id":"https:\/\/brasilia.fiocruz.br\/maraberto\/galeria-mesa-de-debate-2017-parte-3-3\/#breadcrumb"},"inLanguage":"pt-BR","potentialAction":[{"@type":"ReadAction","target":["https:\/\/brasilia.fiocruz.br\/maraberto\/galeria-mesa-de-debate-2017-parte-3-3\/"]}]},{"@type":"BreadcrumbList","@id":"https:\/\/brasilia.fiocruz.br\/maraberto\/galeria-mesa-de-debate-2017-parte-3-3\/#breadcrumb","itemListElement":[{"@type":"ListItem","position":1,"name":"In\u00edcio","item":"https:\/\/brasilia.fiocruz.br\/maraberto\/"},{"@type":"ListItem","position":2,"name":"GALERIA MESA DE DEBATE 2017 &#8211; PARTE 3\/3"}]},{"@type":"WebSite","@id":"https:\/\/brasilia.fiocruz.br\/maraberto\/#website","url":"https:\/\/brasilia.fiocruz.br\/maraberto\/","name":"Mar Aberto","description":"Educa\u00e7\u00e3o, Sa\u00fade e Tecnologias","potentialAction":[{"@type":"SearchAction","target":{"@type":"EntryPoint","urlTemplate":"https:\/\/brasilia.fiocruz.br\/maraberto\/?s={search_term_string}"},"query-input":{"@type":"PropertyValueSpecification","valueRequired":true,"valueName":"search_term_string"}}],"inLanguage":"pt-BR"}]}},"_links":{"self":[{"href":"https:\/\/brasilia.fiocruz.br\/maraberto\/wp-json\/wp\/v2\/pages\/4065","targetHints":{"allow":["GET"]}}],"collection":[{"href":"https:\/\/brasilia.fiocruz.br\/maraberto\/wp-json\/wp\/v2\/pages"}],"about":[{"href":"https:\/\/brasilia.fiocruz.br\/maraberto\/wp-json\/wp\/v2\/types\/page"}],"author":[{"embeddable":true,"href":"https:\/\/brasilia.fiocruz.br\/maraberto\/wp-json\/wp\/v2\/users\/2"}],"replies":[{"embeddable":true,"href":"https:\/\/brasilia.fiocruz.br\/maraberto\/wp-json\/wp\/v2\/comments?post=4065"}],"version-history":[{"count":10,"href":"https:\/\/brasilia.fiocruz.br\/maraberto\/wp-json\/wp\/v2\/pages\/4065\/revisions"}],"predecessor-version":[{"id":4338,"href":"https:\/\/brasilia.fiocruz.br\/maraberto\/wp-json\/wp\/v2\/pages\/4065\/revisions\/4338"}],"wp:attachment":[{"href":"https:\/\/brasilia.fiocruz.br\/maraberto\/wp-json\/wp\/v2\/media?parent=4065"}],"curies":[{"name":"wp","href":"https:\/\/api.w.org\/{rel}","templated":true}]}}