{"id":4101,"date":"2021-02-03T16:28:25","date_gmt":"2021-02-03T19:28:25","guid":{"rendered":"https:\/\/brasilia.fiocruz.br\/maraberto\/?page_id=4101"},"modified":"2021-03-15T13:21:12","modified_gmt":"2021-03-15T16:21:12","slug":"galeria-mesa-de-debate-2019-parte-2-2","status":"publish","type":"page","link":"https:\/\/brasilia.fiocruz.br\/maraberto\/galeria-mesa-de-debate-2019-parte-2-2\/","title":{"rendered":"GALERIA MESA DE DEBATE 2019 &#8211; PARTE 2\/2"},"content":{"rendered":"\t\t<div data-elementor-type=\"wp-page\" data-elementor-id=\"4101\" class=\"elementor elementor-4101\">\n\t\t\t\t\t\t<section class=\"elementor-section elementor-top-section elementor-element elementor-element-218fc6b elementor-section-boxed elementor-section-height-default elementor-section-height-default\" data-id=\"218fc6b\" data-element_type=\"section\" data-e-type=\"section\">\n\t\t\t\t\t\t<div class=\"elementor-container elementor-column-gap-default\">\n\t\t\t\t\t<div class=\"elementor-column elementor-col-100 elementor-top-column elementor-element elementor-element-69df156\" data-id=\"69df156\" data-element_type=\"column\" data-e-type=\"column\">\n\t\t\t<div class=\"elementor-widget-wrap elementor-element-populated\">\n\t\t\t\t\t\t<div class=\"elementor-element elementor-element-3c4102e elementor-widget elementor-widget-heading\" data-id=\"3c4102e\" data-element_type=\"widget\" data-e-type=\"widget\" data-widget_type=\"heading.default\">\n\t\t\t\t<div class=\"elementor-widget-container\">\n\t\t\t\t\t<h2 class=\"elementor-heading-title elementor-size-default\">GALERIA DO CICLO DE DEBATES 2019 - PARTE 2\/2<\/h2>\t\t\t\t<\/div>\n\t\t\t\t<\/div>\n\t\t\t\t\t<\/div>\n\t\t<\/div>\n\t\t\t\t\t<\/div>\n\t\t<\/section>\n\t\t\t\t<section class=\"elementor-section elementor-top-section elementor-element elementor-element-35395d1 elementor-section-boxed elementor-section-height-default elementor-section-height-default\" data-id=\"35395d1\" data-element_type=\"section\" data-e-type=\"section\">\n\t\t\t\t\t\t<div class=\"elementor-container elementor-column-gap-default\">\n\t\t\t\t\t<div class=\"elementor-column elementor-col-100 elementor-top-column elementor-element elementor-element-bb7eca8\" data-id=\"bb7eca8\" data-element_type=\"column\" data-e-type=\"column\">\n\t\t\t<div class=\"elementor-widget-wrap elementor-element-populated\">\n\t\t\t\t\t\t<div class=\"elementor-element elementor-element-4d58f4a elementor-align-left elementor-widget elementor-widget-button\" data-id=\"4d58f4a\" data-element_type=\"widget\" data-e-type=\"widget\" data-widget_type=\"button.default\">\n\t\t\t\t<div class=\"elementor-widget-container\">\n\t\t\t\t\t\t\t\t\t<div class=\"elementor-button-wrapper\">\n\t\t\t\t\t<a class=\"elementor-button elementor-button-link elementor-size-sm\" href=\"https:\/\/brasilia.fiocruz.br\/maraberto\/galeria-mesa-de-debate-2019-parte-1-2\/\">\n\t\t\t\t\t\t<span class=\"elementor-button-content-wrapper\">\n\t\t\t\t\t\t\t\t\t<span class=\"elementor-button-text\">P\u00c1GINA ANTERIOR<\/span>\n\t\t\t\t\t<\/span>\n\t\t\t\t\t<\/a>\n\t\t\t\t<\/div>\n\t\t\t\t\t\t\t\t<\/div>\n\t\t\t\t<\/div>\n\t\t\t\t\t<\/div>\n\t\t<\/div>\n\t\t\t\t\t<\/div>\n\t\t<\/section>\n\t\t\t\t<section class=\"elementor-section elementor-top-section elementor-element elementor-element-a375b82 elementor-section-boxed elementor-section-height-default elementor-section-height-default\" data-id=\"a375b82\" data-element_type=\"section\" data-e-type=\"section\">\n\t\t\t\t\t\t<div class=\"elementor-container elementor-column-gap-default\">\n\t\t\t\t\t<div class=\"elementor-column elementor-col-100 elementor-top-column elementor-element elementor-element-8661b9b\" data-id=\"8661b9b\" data-element_type=\"column\" data-e-type=\"column\" data-settings=\"{&quot;background_background&quot;:&quot;classic&quot;}\">\n\t\t\t<div class=\"elementor-widget-wrap elementor-element-populated\">\n\t\t\t\t\t\t<div class=\"elementor-element elementor-element-f21337a elementor-widget elementor-widget-video\" data-id=\"f21337a\" data-element_type=\"widget\" data-e-type=\"widget\" data-settings=\"{&quot;youtube_url&quot;:&quot;https:\\\/\\\/youtu.be\\\/jNDNsaqVcAo&quot;,&quot;video_type&quot;:&quot;youtube&quot;,&quot;controls&quot;:&quot;yes&quot;}\" data-widget_type=\"video.default\">\n\t\t\t\t<div class=\"elementor-widget-container\">\n\t\t\t\t\t\t\t<div class=\"elementor-wrapper elementor-open-inline\">\n\t\t\t<div class=\"elementor-video\"><\/div>\t\t<\/div>\n\t\t\t\t\t\t<\/div>\n\t\t\t\t<\/div>\n\t\t\t\t<div class=\"elementor-element elementor-element-de01215 elementor-widget elementor-widget-text-editor\" data-id=\"de01215\" data-element_type=\"widget\" data-e-type=\"widget\" data-widget_type=\"text-editor.default\">\n\t\t\t\t<div class=\"elementor-widget-container\">\n\t\t\t\t\t\t\t\t\t<p style=\"text-align: justify;margin: 10.0pt 0cm 8.0pt 0cm\"><span style=\"color: #454545\">Por vezes, n\u00e3o temos no\u00e7\u00e3o da evolu\u00e7\u00e3o tecnol\u00f3gica que vivenciamos. Poucas d\u00e9cadas atr\u00e1s havia dificuldade para acessar livros, CDs, filmes, calculadoras, c\u00e2meras, e hoje com o avan\u00e7o da tecnologia, tudo isso est\u00e1 dispon\u00edvel a qualquer pessoa que possua um smartphone.<\/span><\/p><p style=\"text-align: justify;margin: 10.0pt 0cm 8.0pt 0cm\"><span style=\"color: #454545\">Rafael Lacerda \u00e9 diretor executivo da RALEDUC e abordou tr\u00eas quest\u00f5es muito importantes sobre tecnologia: \u201cQual o mundo em que vivemos\u201d que se mostrou um mundo onde tecnologias antes restritas ao governo e aos poderosos, est\u00e3o acess\u00edveis a quaisquer pessoas na atualidade. \u201cQuais os impactos das tecnologias exponenciais em nossas vidas\u201d, que demonstra a rapidez com que as tecnologias avan\u00e7am e, em pouco tempo, evoluem exponencialmente e potencializam mudan\u00e7as positivas na vida das pessoas. Dentre essas tecnologias exponenciais aborda-se: Intelig\u00eancia Artificial, Realidade Estendida, Blockchain, entre outras. E por fim \u201cComo estar alinhados com as tecnologias exponenciais\u201d. Um debate importante no mundo conectado em que vivemos.<\/span><\/p>\t\t\t\t\t\t\t\t<\/div>\n\t\t\t\t<\/div>\n\t\t\t\t\t<\/div>\n\t\t<\/div>\n\t\t\t\t\t<\/div>\n\t\t<\/section>\n\t\t\t\t<section class=\"elementor-section elementor-top-section elementor-element elementor-element-7fe6a93 elementor-section-boxed elementor-section-height-default elementor-section-height-default\" data-id=\"7fe6a93\" data-element_type=\"section\" data-e-type=\"section\">\n\t\t\t\t\t\t<div class=\"elementor-container elementor-column-gap-default\">\n\t\t\t\t\t<div class=\"elementor-column elementor-col-100 elementor-top-column elementor-element elementor-element-f13c8b6\" data-id=\"f13c8b6\" data-element_type=\"column\" data-e-type=\"column\" data-settings=\"{&quot;background_background&quot;:&quot;classic&quot;}\">\n\t\t\t<div class=\"elementor-widget-wrap elementor-element-populated\">\n\t\t\t\t\t\t<div class=\"elementor-element elementor-element-315d4d7 elementor-widget elementor-widget-video\" data-id=\"315d4d7\" data-element_type=\"widget\" data-e-type=\"widget\" data-settings=\"{&quot;youtube_url&quot;:&quot;https:\\\/\\\/youtu.be\\\/DEXkbGs5sA0&quot;,&quot;video_type&quot;:&quot;youtube&quot;,&quot;controls&quot;:&quot;yes&quot;}\" data-widget_type=\"video.default\">\n\t\t\t\t<div class=\"elementor-widget-container\">\n\t\t\t\t\t\t\t<div class=\"elementor-wrapper elementor-open-inline\">\n\t\t\t<div class=\"elementor-video\"><\/div>\t\t<\/div>\n\t\t\t\t\t\t<\/div>\n\t\t\t\t<\/div>\n\t\t\t\t<div class=\"elementor-element elementor-element-323949e elementor-widget elementor-widget-text-editor\" data-id=\"323949e\" data-element_type=\"widget\" data-e-type=\"widget\" data-widget_type=\"text-editor.default\">\n\t\t\t\t<div class=\"elementor-widget-container\">\n\t\t\t\t\t\t\t\t\t<p style=\"text-align: justify;margin: 10.0pt 0cm 8.0pt 0cm\"><span style=\"color: #454545\">A tecnologia \u00e9 uma extens\u00e3o humana, est\u00e1 presente desde os registros pr\u00e9-hist\u00f3ricos, com a constru\u00e7\u00e3o de armas de madeira e metal, descoberta do fogo e atualmente, a inven\u00e7\u00e3o da internet. Uma das diversas tecnologias contempor\u00e2neas s\u00e3o as tecnologias educacionais que permitem um constante processo de ensino-aprendizagem.\u00a0<\/span><\/p><p style=\"text-align: justify;margin: 10.0pt 0cm 8.0pt 0cm\"><span style=\"color: #454545\">A Professora Rute Nogueira de Morais Bicalho \u00e9 diretora de Educa\u00e7\u00e3o a Dist\u00e2ncia do Instituto Federal de Bras\u00edlia (IFB), e abordou de forma excelente as \u201cTecnologias Educacionais\u201d que aborda a rela\u00e7\u00e3o entre mente e tecnologia e seus efeitos no desenvolvimento humano, a \u201cAprendizagem e Desenvolvimento\u201d que \u00e9 um processo din\u00e2mico, constante e dial\u00e9tico, n\u00e3o pensado apenas nos resultados, os \u201cprinc\u00edpios da Pedagogia e Andragogia na Sa\u00fade\u201d trazendo um panorama sobre as duas e as \u201crela\u00e7\u00f5es afetivas para os processos de intera\u00e7\u00f5es e cuidado\u201d.<\/span><\/p>\t\t\t\t\t\t\t\t<\/div>\n\t\t\t\t<\/div>\n\t\t\t\t\t<\/div>\n\t\t<\/div>\n\t\t\t\t\t<\/div>\n\t\t<\/section>\n\t\t\t\t<section class=\"elementor-section elementor-top-section elementor-element elementor-element-8a6d57e elementor-section-boxed elementor-section-height-default elementor-section-height-default\" data-id=\"8a6d57e\" data-element_type=\"section\" data-e-type=\"section\">\n\t\t\t\t\t\t<div class=\"elementor-container elementor-column-gap-default\">\n\t\t\t\t\t<div class=\"elementor-column elementor-col-100 elementor-top-column elementor-element elementor-element-9dfc9a5\" data-id=\"9dfc9a5\" data-element_type=\"column\" data-e-type=\"column\" data-settings=\"{&quot;background_background&quot;:&quot;classic&quot;}\">\n\t\t\t<div class=\"elementor-widget-wrap elementor-element-populated\">\n\t\t\t\t\t\t<div class=\"elementor-element elementor-element-cd2d9fb elementor-widget elementor-widget-video\" data-id=\"cd2d9fb\" data-element_type=\"widget\" data-e-type=\"widget\" data-settings=\"{&quot;youtube_url&quot;:&quot;https:\\\/\\\/youtu.be\\\/Mh1QsnwgxSg&quot;,&quot;video_type&quot;:&quot;youtube&quot;,&quot;controls&quot;:&quot;yes&quot;}\" data-widget_type=\"video.default\">\n\t\t\t\t<div class=\"elementor-widget-container\">\n\t\t\t\t\t\t\t<div class=\"elementor-wrapper elementor-open-inline\">\n\t\t\t<div class=\"elementor-video\"><\/div>\t\t<\/div>\n\t\t\t\t\t\t<\/div>\n\t\t\t\t<\/div>\n\t\t\t\t<div class=\"elementor-element elementor-element-7c40b45 elementor-widget elementor-widget-text-editor\" data-id=\"7c40b45\" data-element_type=\"widget\" data-e-type=\"widget\" data-widget_type=\"text-editor.default\">\n\t\t\t\t<div class=\"elementor-widget-container\">\n\t\t\t\t\t\t\t\t\t<p style=\"text-align: justify;margin: 10.0pt 0cm 8.0pt 0cm\"><span style=\"color: #454545\">O Professor Doutor Jo\u00e3o Augusto Mattar Neto, vinculado \u00e0 Pontif\u00edcia Universidade Cat\u00f3lica de S\u00e3o Paulo (PUC-SP), tem viv\u00eancia com a Educa\u00e7\u00e3o a Dist\u00e2ncia a bastante tempo. <\/span><span style=\"color: black\">Com toda sua experi\u00eancia e expertise, reflete e discute sobre o que \u00e9 a Educa\u00e7\u00e3o a Dist\u00e2ncia e suas v\u00e1rias formas e aplica\u00e7\u00f5es. Um dos pontos que o professor aborda \u00e9 sobre o ensino a dist\u00e2ncia no Ensino M\u00e9dio nos Estados Unidos, que h\u00e1 muitos anos se faz presente e que no Brasil ainda h\u00e1 bastante resist\u00eancia social. No Ensino Superior, no Brasil, o ensino a dist\u00e2ncia j\u00e1 est\u00e1 difundido, embora haja necessidade de avan\u00e7os no setor. O Prof. Acredita que o Ensino a Dist\u00e2ncia ir\u00e1 crescer muito no Brasil nos pr\u00f3ximos anos, onde a legisla\u00e7\u00e3o tem avan\u00e7ado e propiciado mudan\u00e7as a favor dessa nova modalidade. Por fim, na \u00e1rea da Sa\u00fade, o professor destaca a resist\u00eancia que muitos conselhos t\u00eam sobre a forma\u00e7\u00e3o dos cursos da sa\u00fade na modalidade semipresencial.<\/span><\/p>\t\t\t\t\t\t\t\t<\/div>\n\t\t\t\t<\/div>\n\t\t\t\t\t<\/div>\n\t\t<\/div>\n\t\t\t\t\t<\/div>\n\t\t<\/section>\n\t\t\t\t<section class=\"elementor-section elementor-top-section elementor-element elementor-element-c42edfb elementor-section-boxed elementor-section-height-default elementor-section-height-default\" data-id=\"c42edfb\" data-element_type=\"section\" data-e-type=\"section\">\n\t\t\t\t\t\t<div class=\"elementor-container elementor-column-gap-default\">\n\t\t\t\t\t<div class=\"elementor-column elementor-col-100 elementor-top-column elementor-element elementor-element-98948f1\" data-id=\"98948f1\" data-element_type=\"column\" data-e-type=\"column\">\n\t\t\t<div class=\"elementor-widget-wrap elementor-element-populated\">\n\t\t\t\t\t\t<div class=\"elementor-element elementor-element-acb4144 elementor-align-left elementor-widget elementor-widget-button\" data-id=\"acb4144\" data-element_type=\"widget\" data-e-type=\"widget\" data-widget_type=\"button.default\">\n\t\t\t\t<div class=\"elementor-widget-container\">\n\t\t\t\t\t\t\t\t\t<div class=\"elementor-button-wrapper\">\n\t\t\t\t\t<a class=\"elementor-button elementor-button-link elementor-size-sm\" href=\"https:\/\/brasilia.fiocruz.br\/maraberto\/galeria-mesa-de-debate-2019-parte-1-2\/\">\n\t\t\t\t\t\t<span class=\"elementor-button-content-wrapper\">\n\t\t\t\t\t\t\t\t\t<span class=\"elementor-button-text\">P\u00c1GINA ANTERIOR<\/span>\n\t\t\t\t\t<\/span>\n\t\t\t\t\t<\/a>\n\t\t\t\t<\/div>\n\t\t\t\t\t\t\t\t<\/div>\n\t\t\t\t<\/div>\n\t\t\t\t\t<\/div>\n\t\t<\/div>\n\t\t\t\t\t<\/div>\n\t\t<\/section>\n\t\t\t\t<section class=\"elementor-section elementor-top-section elementor-element elementor-element-a0ff331 elementor-section-boxed elementor-section-height-default elementor-section-height-default\" data-id=\"a0ff331\" data-element_type=\"section\" data-e-type=\"section\">\n\t\t\t\t\t\t<div class=\"elementor-container elementor-column-gap-default\">\n\t\t\t\t\t<div class=\"elementor-column elementor-col-100 elementor-top-column elementor-element elementor-element-ca49b56\" data-id=\"ca49b56\" data-element_type=\"column\" data-e-type=\"column\" data-settings=\"{&quot;background_background&quot;:&quot;classic&quot;}\">\n\t\t\t<div class=\"elementor-widget-wrap elementor-element-populated\">\n\t\t\t\t\t\t<div class=\"elementor-element elementor-element-b7e0fdf elementor-widget elementor-widget-heading\" data-id=\"b7e0fdf\" data-element_type=\"widget\" data-e-type=\"widget\" data-widget_type=\"heading.default\">\n\t\t\t\t<div class=\"elementor-widget-container\">\n\t\t\t\t\t<h2 class=\"elementor-heading-title elementor-size-default\">Entrevistas de 2019<\/h2>\t\t\t\t<\/div>\n\t\t\t\t<\/div>\n\t\t\t\t<div class=\"elementor-element elementor-element-fb207f0 elementor-widget elementor-widget-text-editor\" data-id=\"fb207f0\" data-element_type=\"widget\" data-e-type=\"widget\" data-widget_type=\"text-editor.default\">\n\t\t\t\t<div class=\"elementor-widget-container\">\n\t\t\t\t\t\t\t\t\t<p style=\"text-align: left\"><span style=\"color: #595959;font-family: Exo, sans-serif;font-size: 16px;font-weight: 300\"><span style=\"font-weight: 400\">Diversos especialistas foram convidados para falar de temas muito importantes no 2\u00ba Ciclo de Debates do Projeto Educa\u00e7\u00e3o, Sa\u00fade e Tecnologias em Mar Aberto.<\/span><\/span><\/p><p><strong><span style=\"color: #ff6600\"><a style=\"color: #ff6600\" href=\"https:\/\/brasilia.fiocruz.br\/maraberto\/galeria-entrevistas-de-2019-parte-1-2\/\">ASSISTIR AS ENTREVISTAS<\/a><\/span><\/strong><\/p>\t\t\t\t\t\t\t\t<\/div>\n\t\t\t\t<\/div>\n\t\t\t\t\t<\/div>\n\t\t<\/div>\n\t\t\t\t\t<\/div>\n\t\t<\/section>\n\t\t\t\t<section class=\"elementor-section elementor-top-section elementor-element elementor-element-9804b94 elementor-section-boxed elementor-section-height-default elementor-section-height-default\" data-id=\"9804b94\" data-element_type=\"section\" data-e-type=\"section\">\n\t\t\t\t\t\t<div class=\"elementor-container elementor-column-gap-default\">\n\t\t\t\t\t<div class=\"elementor-column elementor-col-100 elementor-top-column elementor-element elementor-element-eb8d9ea\" data-id=\"eb8d9ea\" data-element_type=\"column\" data-e-type=\"column\">\n\t\t\t<div class=\"elementor-widget-wrap elementor-element-populated\">\n\t\t\t\t\t\t<div class=\"elementor-element elementor-element-7967c21 elementor-widget elementor-widget-spacer\" data-id=\"7967c21\" data-element_type=\"widget\" data-e-type=\"widget\" data-widget_type=\"spacer.default\">\n\t\t\t\t<div class=\"elementor-widget-container\">\n\t\t\t\t\t\t\t<div class=\"elementor-spacer\">\n\t\t\t<div class=\"elementor-spacer-inner\"><\/div>\n\t\t<\/div>\n\t\t\t\t\t\t<\/div>\n\t\t\t\t<\/div>\n\t\t\t\t\t<\/div>\n\t\t<\/div>\n\t\t\t\t\t<\/div>\n\t\t<\/section>\n\t\t\t\t<\/div>\n\t\t","protected":false},"excerpt":{"rendered":"<p>GALERIA DO CICLO DE DEBATES 2019 &#8211; PARTE 2\/2 P\u00c1GINA ANTERIOR https:\/\/youtu.be\/jNDNsaqVcAo Por vezes, n\u00e3o temos no\u00e7\u00e3o da evolu\u00e7\u00e3o tecnol\u00f3gica que vivenciamos. Poucas d\u00e9cadas atr\u00e1s havia dificuldade para acessar livros, CDs, filmes, calculadoras, c\u00e2meras, e hoje com o avan\u00e7o da tecnologia, tudo isso est\u00e1 dispon\u00edvel a qualquer pessoa que possua um smartphone. Rafael Lacerda \u00e9 [&hellip;]<\/p>\n","protected":false},"author":2,"featured_media":0,"parent":0,"menu_order":0,"comment_status":"closed","ping_status":"closed","template":"","meta":{"footnotes":""},"class_list":["post-4101","page","type-page","status-publish","hentry"],"yoast_head":"<!-- This site is optimized with the Yoast SEO plugin v27.1.1 - https:\/\/yoast.com\/product\/yoast-seo-wordpress\/ -->\n<title>GALERIA MESA DE DEBATE 2019 - PARTE 2\/2 - Mar Aberto<\/title>\n<meta name=\"robots\" content=\"index, follow, max-snippet:-1, max-image-preview:large, max-video-preview:-1\" \/>\n<link rel=\"canonical\" href=\"https:\/\/brasilia.fiocruz.br\/maraberto\/galeria-mesa-de-debate-2019-parte-2-2\/\" \/>\n<meta property=\"og:locale\" content=\"pt_BR\" \/>\n<meta property=\"og:type\" content=\"article\" \/>\n<meta property=\"og:title\" content=\"GALERIA MESA DE DEBATE 2019 - PARTE 2\/2 - Mar Aberto\" \/>\n<meta property=\"og:description\" content=\"GALERIA DO CICLO DE DEBATES 2019 &#8211; PARTE 2\/2 P\u00c1GINA ANTERIOR https:\/\/youtu.be\/jNDNsaqVcAo Por vezes, n\u00e3o temos no\u00e7\u00e3o da evolu\u00e7\u00e3o tecnol\u00f3gica que vivenciamos. Poucas d\u00e9cadas atr\u00e1s havia dificuldade para acessar livros, CDs, filmes, calculadoras, c\u00e2meras, e hoje com o avan\u00e7o da tecnologia, tudo isso est\u00e1 dispon\u00edvel a qualquer pessoa que possua um smartphone. Rafael Lacerda \u00e9 [&hellip;]\" \/>\n<meta property=\"og:url\" content=\"https:\/\/brasilia.fiocruz.br\/maraberto\/galeria-mesa-de-debate-2019-parte-2-2\/\" \/>\n<meta property=\"og:site_name\" content=\"Mar Aberto\" \/>\n<meta property=\"article:modified_time\" content=\"2021-03-15T16:21:12+00:00\" \/>\n<meta name=\"twitter:card\" content=\"summary_large_image\" \/>\n<meta name=\"twitter:label1\" content=\"Est. tempo de leitura\" \/>\n\t<meta name=\"twitter:data1\" content=\"3 minutos\" \/>\n<script type=\"application\/ld+json\" class=\"yoast-schema-graph\">{\"@context\":\"https:\/\/schema.org\",\"@graph\":[{\"@type\":\"WebPage\",\"@id\":\"https:\/\/brasilia.fiocruz.br\/maraberto\/galeria-mesa-de-debate-2019-parte-2-2\/\",\"url\":\"https:\/\/brasilia.fiocruz.br\/maraberto\/galeria-mesa-de-debate-2019-parte-2-2\/\",\"name\":\"GALERIA MESA DE DEBATE 2019 - PARTE 2\/2 - Mar Aberto\",\"isPartOf\":{\"@id\":\"https:\/\/brasilia.fiocruz.br\/maraberto\/#website\"},\"datePublished\":\"2021-02-03T19:28:25+00:00\",\"dateModified\":\"2021-03-15T16:21:12+00:00\",\"breadcrumb\":{\"@id\":\"https:\/\/brasilia.fiocruz.br\/maraberto\/galeria-mesa-de-debate-2019-parte-2-2\/#breadcrumb\"},\"inLanguage\":\"pt-BR\",\"potentialAction\":[{\"@type\":\"ReadAction\",\"target\":[\"https:\/\/brasilia.fiocruz.br\/maraberto\/galeria-mesa-de-debate-2019-parte-2-2\/\"]}]},{\"@type\":\"BreadcrumbList\",\"@id\":\"https:\/\/brasilia.fiocruz.br\/maraberto\/galeria-mesa-de-debate-2019-parte-2-2\/#breadcrumb\",\"itemListElement\":[{\"@type\":\"ListItem\",\"position\":1,\"name\":\"In\u00edcio\",\"item\":\"https:\/\/brasilia.fiocruz.br\/maraberto\/\"},{\"@type\":\"ListItem\",\"position\":2,\"name\":\"GALERIA MESA DE DEBATE 2019 &#8211; PARTE 2\/2\"}]},{\"@type\":\"WebSite\",\"@id\":\"https:\/\/brasilia.fiocruz.br\/maraberto\/#website\",\"url\":\"https:\/\/brasilia.fiocruz.br\/maraberto\/\",\"name\":\"Mar Aberto\",\"description\":\"Educa\u00e7\u00e3o, Sa\u00fade e Tecnologias\",\"potentialAction\":[{\"@type\":\"SearchAction\",\"target\":{\"@type\":\"EntryPoint\",\"urlTemplate\":\"https:\/\/brasilia.fiocruz.br\/maraberto\/?s={search_term_string}\"},\"query-input\":{\"@type\":\"PropertyValueSpecification\",\"valueRequired\":true,\"valueName\":\"search_term_string\"}}],\"inLanguage\":\"pt-BR\"}]}<\/script>\n<!-- \/ Yoast SEO plugin. -->","yoast_head_json":{"title":"GALERIA MESA DE DEBATE 2019 - PARTE 2\/2 - Mar Aberto","robots":{"index":"index","follow":"follow","max-snippet":"max-snippet:-1","max-image-preview":"max-image-preview:large","max-video-preview":"max-video-preview:-1"},"canonical":"https:\/\/brasilia.fiocruz.br\/maraberto\/galeria-mesa-de-debate-2019-parte-2-2\/","og_locale":"pt_BR","og_type":"article","og_title":"GALERIA MESA DE DEBATE 2019 - PARTE 2\/2 - Mar Aberto","og_description":"GALERIA DO CICLO DE DEBATES 2019 &#8211; PARTE 2\/2 P\u00c1GINA ANTERIOR https:\/\/youtu.be\/jNDNsaqVcAo Por vezes, n\u00e3o temos no\u00e7\u00e3o da evolu\u00e7\u00e3o tecnol\u00f3gica que vivenciamos. Poucas d\u00e9cadas atr\u00e1s havia dificuldade para acessar livros, CDs, filmes, calculadoras, c\u00e2meras, e hoje com o avan\u00e7o da tecnologia, tudo isso est\u00e1 dispon\u00edvel a qualquer pessoa que possua um smartphone. Rafael Lacerda \u00e9 [&hellip;]","og_url":"https:\/\/brasilia.fiocruz.br\/maraberto\/galeria-mesa-de-debate-2019-parte-2-2\/","og_site_name":"Mar Aberto","article_modified_time":"2021-03-15T16:21:12+00:00","twitter_card":"summary_large_image","twitter_misc":{"Est. tempo de leitura":"3 minutos"},"schema":{"@context":"https:\/\/schema.org","@graph":[{"@type":"WebPage","@id":"https:\/\/brasilia.fiocruz.br\/maraberto\/galeria-mesa-de-debate-2019-parte-2-2\/","url":"https:\/\/brasilia.fiocruz.br\/maraberto\/galeria-mesa-de-debate-2019-parte-2-2\/","name":"GALERIA MESA DE DEBATE 2019 - PARTE 2\/2 - Mar Aberto","isPartOf":{"@id":"https:\/\/brasilia.fiocruz.br\/maraberto\/#website"},"datePublished":"2021-02-03T19:28:25+00:00","dateModified":"2021-03-15T16:21:12+00:00","breadcrumb":{"@id":"https:\/\/brasilia.fiocruz.br\/maraberto\/galeria-mesa-de-debate-2019-parte-2-2\/#breadcrumb"},"inLanguage":"pt-BR","potentialAction":[{"@type":"ReadAction","target":["https:\/\/brasilia.fiocruz.br\/maraberto\/galeria-mesa-de-debate-2019-parte-2-2\/"]}]},{"@type":"BreadcrumbList","@id":"https:\/\/brasilia.fiocruz.br\/maraberto\/galeria-mesa-de-debate-2019-parte-2-2\/#breadcrumb","itemListElement":[{"@type":"ListItem","position":1,"name":"In\u00edcio","item":"https:\/\/brasilia.fiocruz.br\/maraberto\/"},{"@type":"ListItem","position":2,"name":"GALERIA MESA DE DEBATE 2019 &#8211; PARTE 2\/2"}]},{"@type":"WebSite","@id":"https:\/\/brasilia.fiocruz.br\/maraberto\/#website","url":"https:\/\/brasilia.fiocruz.br\/maraberto\/","name":"Mar Aberto","description":"Educa\u00e7\u00e3o, Sa\u00fade e Tecnologias","potentialAction":[{"@type":"SearchAction","target":{"@type":"EntryPoint","urlTemplate":"https:\/\/brasilia.fiocruz.br\/maraberto\/?s={search_term_string}"},"query-input":{"@type":"PropertyValueSpecification","valueRequired":true,"valueName":"search_term_string"}}],"inLanguage":"pt-BR"}]}},"_links":{"self":[{"href":"https:\/\/brasilia.fiocruz.br\/maraberto\/wp-json\/wp\/v2\/pages\/4101","targetHints":{"allow":["GET"]}}],"collection":[{"href":"https:\/\/brasilia.fiocruz.br\/maraberto\/wp-json\/wp\/v2\/pages"}],"about":[{"href":"https:\/\/brasilia.fiocruz.br\/maraberto\/wp-json\/wp\/v2\/types\/page"}],"author":[{"embeddable":true,"href":"https:\/\/brasilia.fiocruz.br\/maraberto\/wp-json\/wp\/v2\/users\/2"}],"replies":[{"embeddable":true,"href":"https:\/\/brasilia.fiocruz.br\/maraberto\/wp-json\/wp\/v2\/comments?post=4101"}],"version-history":[{"count":15,"href":"https:\/\/brasilia.fiocruz.br\/maraberto\/wp-json\/wp\/v2\/pages\/4101\/revisions"}],"predecessor-version":[{"id":4347,"href":"https:\/\/brasilia.fiocruz.br\/maraberto\/wp-json\/wp\/v2\/pages\/4101\/revisions\/4347"}],"wp:attachment":[{"href":"https:\/\/brasilia.fiocruz.br\/maraberto\/wp-json\/wp\/v2\/media?parent=4101"}],"curies":[{"name":"wp","href":"https:\/\/api.w.org\/{rel}","templated":true}]}}