{"id":4274,"date":"2021-02-19T11:39:52","date_gmt":"2021-02-19T14:39:52","guid":{"rendered":"https:\/\/brasilia.fiocruz.br\/maraberto\/?page_id=4274"},"modified":"2021-03-15T13:43:43","modified_gmt":"2021-03-15T16:43:43","slug":"galeria-mesa-de-debate-2020-parte-3-3","status":"publish","type":"page","link":"https:\/\/brasilia.fiocruz.br\/maraberto\/galeria-mesa-de-debate-2020-parte-3-3\/","title":{"rendered":"GALERIA MESA DE DEBATE 2020 &#8211; PARTE 3\/3"},"content":{"rendered":"\t\t<div data-elementor-type=\"wp-page\" data-elementor-id=\"4274\" class=\"elementor elementor-4274\">\n\t\t\t\t\t\t<section class=\"elementor-section elementor-top-section elementor-element elementor-element-07909b2 elementor-section-boxed elementor-section-height-default elementor-section-height-default\" data-id=\"07909b2\" data-element_type=\"section\" data-e-type=\"section\">\n\t\t\t\t\t\t<div class=\"elementor-container elementor-column-gap-default\">\n\t\t\t\t\t<div class=\"elementor-column elementor-col-100 elementor-top-column elementor-element elementor-element-82ff468\" data-id=\"82ff468\" data-element_type=\"column\" data-e-type=\"column\">\n\t\t\t<div class=\"elementor-widget-wrap elementor-element-populated\">\n\t\t\t\t\t\t<div class=\"elementor-element elementor-element-2b95b35 elementor-widget elementor-widget-heading\" data-id=\"2b95b35\" data-element_type=\"widget\" data-e-type=\"widget\" data-widget_type=\"heading.default\">\n\t\t\t\t<div class=\"elementor-widget-container\">\n\t\t\t\t\t<h2 class=\"elementor-heading-title elementor-size-default\">GALERIA DO CICLO DE DEBATES 2020 - PARTE 2\/3<\/h2>\t\t\t\t<\/div>\n\t\t\t\t<\/div>\n\t\t\t\t\t<\/div>\n\t\t<\/div>\n\t\t\t\t\t<\/div>\n\t\t<\/section>\n\t\t\t\t<section class=\"elementor-section elementor-top-section elementor-element elementor-element-0ee5a34 elementor-section-boxed elementor-section-height-default elementor-section-height-default\" data-id=\"0ee5a34\" data-element_type=\"section\" data-e-type=\"section\">\n\t\t\t\t\t\t<div class=\"elementor-container elementor-column-gap-default\">\n\t\t\t\t\t<div class=\"elementor-column elementor-col-100 elementor-top-column elementor-element elementor-element-bca7b6e\" data-id=\"bca7b6e\" data-element_type=\"column\" data-e-type=\"column\">\n\t\t\t<div class=\"elementor-widget-wrap elementor-element-populated\">\n\t\t\t\t\t\t<div class=\"elementor-element elementor-element-256098e elementor-align-left elementor-widget elementor-widget-button\" data-id=\"256098e\" data-element_type=\"widget\" data-e-type=\"widget\" data-widget_type=\"button.default\">\n\t\t\t\t<div class=\"elementor-widget-container\">\n\t\t\t\t\t\t\t\t\t<div class=\"elementor-button-wrapper\">\n\t\t\t\t\t<a class=\"elementor-button elementor-button-link elementor-size-sm\" href=\"https:\/\/brasilia.fiocruz.br\/maraberto\/galeria-mesa-de-debate-2020-parte-2-3\/\">\n\t\t\t\t\t\t<span class=\"elementor-button-content-wrapper\">\n\t\t\t\t\t\t\t\t\t<span class=\"elementor-button-text\">P\u00c1GINA ANTERIOR<\/span>\n\t\t\t\t\t<\/span>\n\t\t\t\t\t<\/a>\n\t\t\t\t<\/div>\n\t\t\t\t\t\t\t\t<\/div>\n\t\t\t\t<\/div>\n\t\t\t\t\t<\/div>\n\t\t<\/div>\n\t\t\t\t\t<\/div>\n\t\t<\/section>\n\t\t\t\t<section class=\"elementor-section elementor-top-section elementor-element elementor-element-6faf726 elementor-section-boxed elementor-section-height-default elementor-section-height-default\" data-id=\"6faf726\" data-element_type=\"section\" data-e-type=\"section\">\n\t\t\t\t\t\t<div class=\"elementor-container elementor-column-gap-default\">\n\t\t\t\t\t<div class=\"elementor-column elementor-col-100 elementor-top-column elementor-element elementor-element-f00c705\" data-id=\"f00c705\" data-element_type=\"column\" data-e-type=\"column\" data-settings=\"{&quot;background_background&quot;:&quot;classic&quot;}\">\n\t\t\t<div class=\"elementor-widget-wrap elementor-element-populated\">\n\t\t\t\t\t\t<div class=\"elementor-element elementor-element-fe62bcc elementor-widget elementor-widget-video\" data-id=\"fe62bcc\" data-element_type=\"widget\" data-e-type=\"widget\" data-settings=\"{&quot;youtube_url&quot;:&quot;https:\\\/\\\/youtu.be\\\/bNMBj5TrC1E?list=PLPyO8qVoPmBTKlr04FpXcnpxZbUGuxRtI&quot;,&quot;video_type&quot;:&quot;youtube&quot;,&quot;controls&quot;:&quot;yes&quot;}\" data-widget_type=\"video.default\">\n\t\t\t\t<div class=\"elementor-widget-container\">\n\t\t\t\t\t\t\t<div class=\"elementor-wrapper elementor-open-inline\">\n\t\t\t<div class=\"elementor-video\"><\/div>\t\t<\/div>\n\t\t\t\t\t\t<\/div>\n\t\t\t\t<\/div>\n\t\t\t\t<div class=\"elementor-element elementor-element-ab71f74 elementor-widget elementor-widget-text-editor\" data-id=\"ab71f74\" data-element_type=\"widget\" data-e-type=\"widget\" data-widget_type=\"text-editor.default\">\n\t\t\t\t<div class=\"elementor-widget-container\">\n\t\t\t\t\t\t\t\t\t<p>O debate se iniciou com a fala da professora Alessandra, destacando que em um primeiro momento as pessoas podem entender que gamifica\u00e7\u00e3o e aprendizagem colaborativa s\u00e3o antag\u00f4nicas, o que n\u00e3o \u00e9 verdade, pois s\u00e3o m\u00e9todos complementares. A gamifica\u00e7\u00e3o tem como caracter\u00edsticas a competi\u00e7\u00e3o, a estrat\u00e9gia, a divers\u00e3o, o l\u00fadico, dentre outros, a aplica\u00e7\u00e3o de elementos de jogos em atividades que n\u00e3o s\u00e3o jogos. Apresentou alguns elementos como a competi\u00e7\u00e3o, avatares, desafios, rankings, pr\u00eamios, feedbacks instant\u00e2neos e evolu\u00e7\u00e3o e benef\u00edcios da gamifica\u00e7\u00e3o como maior intera\u00e7\u00e3o social e participa\u00e7\u00e3o dos alunos, aulas mais din\u00e2micas, entre outros. Explicou que a aprendizagem colaborativa se caracteriza por um ambiente centrado em todo o grupo e n\u00e3o somente no professor, onde este \u00faltimo tem papel de orienta\u00e7\u00e3o. Concluiu que levando esses crit\u00e9rios em considera\u00e7\u00e3o, \u00e9 poss\u00edvel utilizar a gamifica\u00e7\u00e3o e a aprendizagem colaborativa para potencializar os processos de ensino.<\/p>\t\t\t\t\t\t\t\t<\/div>\n\t\t\t\t<\/div>\n\t\t\t\t\t<\/div>\n\t\t<\/div>\n\t\t\t\t\t<\/div>\n\t\t<\/section>\n\t\t\t\t<section class=\"elementor-section elementor-top-section elementor-element elementor-element-b6e5402 elementor-section-boxed elementor-section-height-default elementor-section-height-default\" data-id=\"b6e5402\" data-element_type=\"section\" data-e-type=\"section\">\n\t\t\t\t\t\t<div class=\"elementor-container elementor-column-gap-default\">\n\t\t\t\t\t<div class=\"elementor-column elementor-col-100 elementor-top-column elementor-element elementor-element-1544d15\" data-id=\"1544d15\" data-element_type=\"column\" data-e-type=\"column\" data-settings=\"{&quot;background_background&quot;:&quot;classic&quot;}\">\n\t\t\t<div class=\"elementor-widget-wrap elementor-element-populated\">\n\t\t\t\t\t\t<div class=\"elementor-element elementor-element-a345580 elementor-widget elementor-widget-video\" data-id=\"a345580\" data-element_type=\"widget\" data-e-type=\"widget\" data-settings=\"{&quot;youtube_url&quot;:&quot;https:\\\/\\\/youtu.be\\\/pD7oMVtEjqA?list=PLPyO8qVoPmBTKlr04FpXcnpxZbUGuxRtI&quot;,&quot;video_type&quot;:&quot;youtube&quot;,&quot;controls&quot;:&quot;yes&quot;}\" data-widget_type=\"video.default\">\n\t\t\t\t<div class=\"elementor-widget-container\">\n\t\t\t\t\t\t\t<div class=\"elementor-wrapper elementor-open-inline\">\n\t\t\t<div class=\"elementor-video\"><\/div>\t\t<\/div>\n\t\t\t\t\t\t<\/div>\n\t\t\t\t<\/div>\n\t\t\t\t<div class=\"elementor-element elementor-element-c7a868e elementor-widget elementor-widget-text-editor\" data-id=\"c7a868e\" data-element_type=\"widget\" data-e-type=\"widget\" data-widget_type=\"text-editor.default\">\n\t\t\t\t<div class=\"elementor-widget-container\">\n\t\t\t\t\t\t\t\t\t<p>Em seguida, a pesquisadora Gleice apresentou a revis\u00e3o integrativa sobre \u201cEstado da arte da aplica\u00e7\u00e3o da gamifica\u00e7\u00e3o no ensino on-line direcionado para profissionais de sa\u00fade\u201d. Afirmou ser importante a defini\u00e7\u00e3o de que jogo digital n\u00e3o \u00e9 o mesmo que gamifica\u00e7\u00e3o, j\u00e1 que isso comumente causa confus\u00e3o. Aplicar o jogo na aula n\u00e3o \u00e9 torna-la gamificada, as estrat\u00e9gias de gamifica\u00e7\u00e3o abordam elementos como colabora\u00e7\u00e3o, coopera\u00e7\u00e3o, sorte, recompensas, dentre outros. Os estudos apontam um maior n\u00edvel de engajamento quando a gamifica\u00e7\u00e3o e mostraram experi\u00eancias pr\u00e1ticas da aplica\u00e7\u00e3o da gamifica\u00e7\u00e3o, como o Kaizen e o Mediktor. Por fim, faz algumas recomenda\u00e7\u00f5es importantes sobre a import\u00e2ncia de explorar tecnologias nos ambientes gamificados, treinar os professores, incorporar novos elementos de jogos e estrat\u00e9gias e direcionar os elementos do jogo de acordo com a defini\u00e7\u00e3o dos objetivos espec\u00edficos.<\/p>\t\t\t\t\t\t\t\t<\/div>\n\t\t\t\t<\/div>\n\t\t\t\t\t<\/div>\n\t\t<\/div>\n\t\t\t\t\t<\/div>\n\t\t<\/section>\n\t\t\t\t<section class=\"elementor-section elementor-top-section elementor-element elementor-element-e814a06 elementor-section-boxed elementor-section-height-default elementor-section-height-default\" data-id=\"e814a06\" data-element_type=\"section\" data-e-type=\"section\">\n\t\t\t\t\t\t<div class=\"elementor-container elementor-column-gap-default\">\n\t\t\t\t\t<div class=\"elementor-column elementor-col-100 elementor-top-column elementor-element elementor-element-7d79111\" data-id=\"7d79111\" data-element_type=\"column\" data-e-type=\"column\" data-settings=\"{&quot;background_background&quot;:&quot;classic&quot;}\">\n\t\t\t<div class=\"elementor-widget-wrap elementor-element-populated\">\n\t\t\t\t\t\t<div class=\"elementor-element elementor-element-e5b0c0e elementor-widget elementor-widget-video\" data-id=\"e5b0c0e\" data-element_type=\"widget\" data-e-type=\"widget\" data-settings=\"{&quot;youtube_url&quot;:&quot;https:\\\/\\\/youtu.be\\\/tVTJiW1qpE4?list=PLPyO8qVoPmBTKlr04FpXcnpxZbUGuxRtI&quot;,&quot;video_type&quot;:&quot;youtube&quot;,&quot;controls&quot;:&quot;yes&quot;}\" data-widget_type=\"video.default\">\n\t\t\t\t<div class=\"elementor-widget-container\">\n\t\t\t\t\t\t\t<div class=\"elementor-wrapper elementor-open-inline\">\n\t\t\t<div class=\"elementor-video\"><\/div>\t\t<\/div>\n\t\t\t\t\t\t<\/div>\n\t\t\t\t<\/div>\n\t\t\t\t<div class=\"elementor-element elementor-element-dd065a8 elementor-widget elementor-widget-text-editor\" data-id=\"dd065a8\" data-element_type=\"widget\" data-e-type=\"widget\" data-widget_type=\"text-editor.default\">\n\t\t\t\t<div class=\"elementor-widget-container\">\n\t\t\t\t\t\t\t\t\t<p>Para encerrar a terceira edi\u00e7\u00e3o do Mar Aberto, Jana\u00edna, demonstrou como utilizar a gamifica\u00e7\u00e3o para uma atividade atrav\u00e9s de um mini tutorial do aplicativo genially. Existem v\u00e1rias plataformas que permitem usu\u00e1rios comuns desenvolverem seus pr\u00f3prios games aplicados a \u00e1rea educacional. O jogo, por si s\u00f3, n\u00e3o \u00e9 gamifica\u00e7\u00e3o, mas pode fazer parte dela. Ela defendeu que a utiliza\u00e7\u00e3o de ferramentas de cria\u00e7\u00e3o colaborativa n\u00e3o significa que a atividade \u00e9 de fato colaborativa, j\u00e1 que est\u00e1 \u00e9 promovida a partir do planejamento pedag\u00f3gico. Chama aten\u00e7\u00e3o para pontos importantes nesse tipo de m\u00e9todo, como a personaliza\u00e7\u00e3o e a cocria\u00e7\u00e3o, proporcionando a aprendizagem colaborativa. A professora concluiu apontando que essas plataformas podem auxiliar professores no desenvolvimento de estrat\u00e9gias que facilitem o engajamento e aprendizagem colaborativa dos estudantes.<\/p>\t\t\t\t\t\t\t\t<\/div>\n\t\t\t\t<\/div>\n\t\t\t\t\t<\/div>\n\t\t<\/div>\n\t\t\t\t\t<\/div>\n\t\t<\/section>\n\t\t\t\t<section class=\"elementor-section elementor-top-section elementor-element elementor-element-15f9252 elementor-section-boxed elementor-section-height-default elementor-section-height-default\" data-id=\"15f9252\" data-element_type=\"section\" data-e-type=\"section\">\n\t\t\t\t\t\t<div class=\"elementor-container elementor-column-gap-default\">\n\t\t\t\t\t<div class=\"elementor-column elementor-col-100 elementor-top-column elementor-element elementor-element-f54a4f7\" data-id=\"f54a4f7\" data-element_type=\"column\" data-e-type=\"column\" data-settings=\"{&quot;background_background&quot;:&quot;classic&quot;}\">\n\t\t\t<div class=\"elementor-widget-wrap elementor-element-populated\">\n\t\t\t\t\t\t<div class=\"elementor-element elementor-element-4b43af5 elementor-widget elementor-widget-video\" data-id=\"4b43af5\" data-element_type=\"widget\" data-e-type=\"widget\" data-settings=\"{&quot;youtube_url&quot;:&quot;https:\\\/\\\/www.youtube.com\\\/watch?v=adh2Hw439Vk&amp;list=PLPyO8qVoPmBTKlr04FpXcnpxZbUGuxRtI&amp;index=65&quot;,&quot;video_type&quot;:&quot;youtube&quot;,&quot;controls&quot;:&quot;yes&quot;}\" data-widget_type=\"video.default\">\n\t\t\t\t<div class=\"elementor-widget-container\">\n\t\t\t\t\t\t\t<div class=\"elementor-wrapper elementor-open-inline\">\n\t\t\t<div class=\"elementor-video\"><\/div>\t\t<\/div>\n\t\t\t\t\t\t<\/div>\n\t\t\t\t<\/div>\n\t\t\t\t<div class=\"elementor-element elementor-element-47f54ff elementor-widget elementor-widget-text-editor\" data-id=\"47f54ff\" data-element_type=\"widget\" data-e-type=\"widget\" data-widget_type=\"text-editor.default\">\n\t\t\t\t<div class=\"elementor-widget-container\">\n\t\t\t\t\t\t\t\t\t<p>Exemplo de texto para o v\u00eddeo<\/p>\t\t\t\t\t\t\t\t<\/div>\n\t\t\t\t<\/div>\n\t\t\t\t\t<\/div>\n\t\t<\/div>\n\t\t\t\t\t<\/div>\n\t\t<\/section>\n\t\t\t\t<section class=\"elementor-section elementor-top-section elementor-element elementor-element-ad4591a elementor-section-boxed elementor-section-height-default elementor-section-height-default\" data-id=\"ad4591a\" data-element_type=\"section\" data-e-type=\"section\">\n\t\t\t\t\t\t<div class=\"elementor-container elementor-column-gap-default\">\n\t\t\t\t\t<div class=\"elementor-column elementor-col-100 elementor-top-column elementor-element elementor-element-9af6213\" data-id=\"9af6213\" data-element_type=\"column\" data-e-type=\"column\">\n\t\t\t<div class=\"elementor-widget-wrap elementor-element-populated\">\n\t\t\t\t\t\t<div class=\"elementor-element elementor-element-22671c8 elementor-align-left elementor-widget elementor-widget-button\" data-id=\"22671c8\" data-element_type=\"widget\" data-e-type=\"widget\" data-widget_type=\"button.default\">\n\t\t\t\t<div class=\"elementor-widget-container\">\n\t\t\t\t\t\t\t\t\t<div class=\"elementor-button-wrapper\">\n\t\t\t\t\t<a class=\"elementor-button elementor-button-link elementor-size-sm\" href=\"https:\/\/brasilia.fiocruz.br\/maraberto\/galeria-mesa-de-debate-2020-parte-2-3\/\">\n\t\t\t\t\t\t<span class=\"elementor-button-content-wrapper\">\n\t\t\t\t\t\t\t\t\t<span class=\"elementor-button-text\">P\u00c1GINA ANTERIOR<\/span>\n\t\t\t\t\t<\/span>\n\t\t\t\t\t<\/a>\n\t\t\t\t<\/div>\n\t\t\t\t\t\t\t\t<\/div>\n\t\t\t\t<\/div>\n\t\t\t\t\t<\/div>\n\t\t<\/div>\n\t\t\t\t\t<\/div>\n\t\t<\/section>\n\t\t\t\t<section class=\"elementor-section elementor-top-section elementor-element elementor-element-ba96b37 elementor-section-boxed elementor-section-height-default elementor-section-height-default\" data-id=\"ba96b37\" data-element_type=\"section\" data-e-type=\"section\">\n\t\t\t\t\t\t<div class=\"elementor-container elementor-column-gap-default\">\n\t\t\t\t\t<div class=\"elementor-column elementor-col-50 elementor-top-column elementor-element elementor-element-9904487\" data-id=\"9904487\" data-element_type=\"column\" data-e-type=\"column\" data-settings=\"{&quot;background_background&quot;:&quot;classic&quot;}\">\n\t\t\t<div class=\"elementor-widget-wrap elementor-element-populated\">\n\t\t\t\t\t\t<div class=\"elementor-element elementor-element-c229c54 elementor-widget elementor-widget-heading\" data-id=\"c229c54\" data-element_type=\"widget\" data-e-type=\"widget\" data-widget_type=\"heading.default\">\n\t\t\t\t<div class=\"elementor-widget-container\">\n\t\t\t\t\t<h2 class=\"elementor-heading-title elementor-size-default\">Ciclo de Debates 2017<\/h2>\t\t\t\t<\/div>\n\t\t\t\t<\/div>\n\t\t\t\t<div class=\"elementor-element elementor-element-cde3dd2 elementor-widget elementor-widget-text-editor\" data-id=\"cde3dd2\" data-element_type=\"widget\" data-e-type=\"widget\" data-widget_type=\"text-editor.default\">\n\t\t\t\t<div class=\"elementor-widget-container\">\n\t\t\t\t\t\t\t\t\t<p><span style=\"font-size: 1rem;font-family: Exo, sans-serif\">Assista as mesas com diversos especialistas debatendo temas importantes no 1\u00ba Ciclo de Debates\u00a0<\/span><span style=\"font-size: 1rem;font-family: Exo, sans-serif\">do Projeto Educa\u00e7\u00e3o, Sa\u00fade e Tecnologias em Mar Aberto.<\/span><strong><br \/><\/strong><\/p><p><strong><span style=\"color: #ff6600\"><a style=\"color: #ff6600\" href=\"https:\/\/brasilia.fiocruz.br\/maraberto\/galeria-mesa-de-debate-2017-parte-1-3\/\">ASSISTIR AOS DEBATES<\/a><\/span><\/strong><\/p>\t\t\t\t\t\t\t\t<\/div>\n\t\t\t\t<\/div>\n\t\t\t\t\t<\/div>\n\t\t<\/div>\n\t\t\t\t<div class=\"elementor-column elementor-col-50 elementor-top-column elementor-element elementor-element-44c0479\" data-id=\"44c0479\" data-element_type=\"column\" data-e-type=\"column\" data-settings=\"{&quot;background_background&quot;:&quot;classic&quot;}\">\n\t\t\t<div class=\"elementor-widget-wrap elementor-element-populated\">\n\t\t\t\t\t\t<div class=\"elementor-element elementor-element-55aef04 elementor-widget elementor-widget-heading\" data-id=\"55aef04\" data-element_type=\"widget\" data-e-type=\"widget\" data-widget_type=\"heading.default\">\n\t\t\t\t<div class=\"elementor-widget-container\">\n\t\t\t\t\t<h2 class=\"elementor-heading-title elementor-size-default\">Ciclo de Debates 2019<\/h2>\t\t\t\t<\/div>\n\t\t\t\t<\/div>\n\t\t\t\t<div class=\"elementor-element elementor-element-2a3dbe7 elementor-widget elementor-widget-text-editor\" data-id=\"2a3dbe7\" data-element_type=\"widget\" data-e-type=\"widget\" data-widget_type=\"text-editor.default\">\n\t\t\t\t<div class=\"elementor-widget-container\">\n\t\t\t\t\t\t\t\t\t<p><span style=\"font-size: 1rem;font-family: Exo, sans-serif\">Assista as mesas com diversos especialistas debatendo temas importantes no 2\u00ba Ciclo de Debates do Projeto Educa\u00e7\u00e3o, Sa\u00fade e Tecnologias em Mar Aberto.<\/span><strong><br \/><\/strong><\/p><p><strong><span style=\"color: #ff6600\"><a style=\"color: #ff6600\" href=\"https:\/\/brasilia.fiocruz.br\/maraberto\/galeria-mesa-de-debate-2019-parte-1-2\/\">ASSISTIR AOS DEBATES<\/a><\/span><\/strong><\/p>\t\t\t\t\t\t\t\t<\/div>\n\t\t\t\t<\/div>\n\t\t\t\t\t<\/div>\n\t\t<\/div>\n\t\t\t\t\t<\/div>\n\t\t<\/section>\n\t\t\t\t<\/div>\n\t\t","protected":false},"excerpt":{"rendered":"<p>GALERIA DO CICLO DE DEBATES 2020 &#8211; PARTE 2\/3 P\u00c1GINA ANTERIOR https:\/\/youtu.be\/bNMBj5TrC1E?list=PLPyO8qVoPmBTKlr04FpXcnpxZbUGuxRtI O debate se iniciou com a fala da professora Alessandra, destacando que em um primeiro momento as pessoas podem entender que gamifica\u00e7\u00e3o e aprendizagem colaborativa s\u00e3o antag\u00f4nicas, o que n\u00e3o \u00e9 verdade, pois s\u00e3o m\u00e9todos complementares. A gamifica\u00e7\u00e3o tem como caracter\u00edsticas a competi\u00e7\u00e3o, [&hellip;]<\/p>\n","protected":false},"author":2,"featured_media":0,"parent":0,"menu_order":0,"comment_status":"closed","ping_status":"closed","template":"","meta":{"footnotes":""},"class_list":["post-4274","page","type-page","status-publish","hentry"],"yoast_head":"<!-- This site is optimized with the Yoast SEO plugin v27.6 - https:\/\/yoast.com\/product\/yoast-seo-wordpress\/ -->\n<title>GALERIA MESA DE DEBATE 2020 - PARTE 3\/3 - Mar Aberto<\/title>\n<meta name=\"robots\" content=\"index, follow, max-snippet:-1, max-image-preview:large, max-video-preview:-1\" \/>\n<link rel=\"canonical\" href=\"https:\/\/brasilia.fiocruz.br\/maraberto\/galeria-mesa-de-debate-2020-parte-3-3\/\" \/>\n<meta property=\"og:locale\" content=\"pt_BR\" \/>\n<meta property=\"og:type\" content=\"article\" \/>\n<meta property=\"og:title\" content=\"GALERIA MESA DE DEBATE 2020 - PARTE 3\/3 - Mar Aberto\" \/>\n<meta property=\"og:description\" content=\"GALERIA DO CICLO DE DEBATES 2020 &#8211; PARTE 2\/3 P\u00c1GINA ANTERIOR https:\/\/youtu.be\/bNMBj5TrC1E?list=PLPyO8qVoPmBTKlr04FpXcnpxZbUGuxRtI O debate se iniciou com a fala da professora Alessandra, destacando que em um primeiro momento as pessoas podem entender que gamifica\u00e7\u00e3o e aprendizagem colaborativa s\u00e3o antag\u00f4nicas, o que n\u00e3o \u00e9 verdade, pois s\u00e3o m\u00e9todos complementares. A gamifica\u00e7\u00e3o tem como caracter\u00edsticas a competi\u00e7\u00e3o, [&hellip;]\" \/>\n<meta property=\"og:url\" content=\"https:\/\/brasilia.fiocruz.br\/maraberto\/galeria-mesa-de-debate-2020-parte-3-3\/\" \/>\n<meta property=\"og:site_name\" content=\"Mar Aberto\" \/>\n<meta property=\"article:modified_time\" content=\"2021-03-15T16:43:43+00:00\" \/>\n<meta name=\"twitter:card\" content=\"summary_large_image\" \/>\n<meta name=\"twitter:label1\" content=\"Est. tempo de leitura\" \/>\n\t<meta name=\"twitter:data1\" content=\"3 minutos\" \/>\n<script type=\"application\/ld+json\" class=\"yoast-schema-graph\">{\"@context\":\"https:\\\/\\\/schema.org\",\"@graph\":[{\"@type\":\"WebPage\",\"@id\":\"https:\\\/\\\/brasilia.fiocruz.br\\\/maraberto\\\/galeria-mesa-de-debate-2020-parte-3-3\\\/\",\"url\":\"https:\\\/\\\/brasilia.fiocruz.br\\\/maraberto\\\/galeria-mesa-de-debate-2020-parte-3-3\\\/\",\"name\":\"GALERIA MESA DE DEBATE 2020 - PARTE 3\\\/3 - Mar Aberto\",\"isPartOf\":{\"@id\":\"https:\\\/\\\/brasilia.fiocruz.br\\\/maraberto\\\/#website\"},\"datePublished\":\"2021-02-19T14:39:52+00:00\",\"dateModified\":\"2021-03-15T16:43:43+00:00\",\"breadcrumb\":{\"@id\":\"https:\\\/\\\/brasilia.fiocruz.br\\\/maraberto\\\/galeria-mesa-de-debate-2020-parte-3-3\\\/#breadcrumb\"},\"inLanguage\":\"pt-BR\",\"potentialAction\":[{\"@type\":\"ReadAction\",\"target\":[\"https:\\\/\\\/brasilia.fiocruz.br\\\/maraberto\\\/galeria-mesa-de-debate-2020-parte-3-3\\\/\"]}]},{\"@type\":\"BreadcrumbList\",\"@id\":\"https:\\\/\\\/brasilia.fiocruz.br\\\/maraberto\\\/galeria-mesa-de-debate-2020-parte-3-3\\\/#breadcrumb\",\"itemListElement\":[{\"@type\":\"ListItem\",\"position\":1,\"name\":\"In\u00edcio\",\"item\":\"https:\\\/\\\/brasilia.fiocruz.br\\\/maraberto\\\/\"},{\"@type\":\"ListItem\",\"position\":2,\"name\":\"GALERIA MESA DE DEBATE 2020 &#8211; PARTE 3\\\/3\"}]},{\"@type\":\"WebSite\",\"@id\":\"https:\\\/\\\/brasilia.fiocruz.br\\\/maraberto\\\/#website\",\"url\":\"https:\\\/\\\/brasilia.fiocruz.br\\\/maraberto\\\/\",\"name\":\"Mar Aberto\",\"description\":\"Educa\u00e7\u00e3o, Sa\u00fade e Tecnologias\",\"potentialAction\":[{\"@type\":\"SearchAction\",\"target\":{\"@type\":\"EntryPoint\",\"urlTemplate\":\"https:\\\/\\\/brasilia.fiocruz.br\\\/maraberto\\\/?s={search_term_string}\"},\"query-input\":{\"@type\":\"PropertyValueSpecification\",\"valueRequired\":true,\"valueName\":\"search_term_string\"}}],\"inLanguage\":\"pt-BR\"}]}<\/script>\n<!-- \/ Yoast SEO plugin. -->","yoast_head_json":{"title":"GALERIA MESA DE DEBATE 2020 - PARTE 3\/3 - Mar Aberto","robots":{"index":"index","follow":"follow","max-snippet":"max-snippet:-1","max-image-preview":"max-image-preview:large","max-video-preview":"max-video-preview:-1"},"canonical":"https:\/\/brasilia.fiocruz.br\/maraberto\/galeria-mesa-de-debate-2020-parte-3-3\/","og_locale":"pt_BR","og_type":"article","og_title":"GALERIA MESA DE DEBATE 2020 - PARTE 3\/3 - Mar Aberto","og_description":"GALERIA DO CICLO DE DEBATES 2020 &#8211; PARTE 2\/3 P\u00c1GINA ANTERIOR https:\/\/youtu.be\/bNMBj5TrC1E?list=PLPyO8qVoPmBTKlr04FpXcnpxZbUGuxRtI O debate se iniciou com a fala da professora Alessandra, destacando que em um primeiro momento as pessoas podem entender que gamifica\u00e7\u00e3o e aprendizagem colaborativa s\u00e3o antag\u00f4nicas, o que n\u00e3o \u00e9 verdade, pois s\u00e3o m\u00e9todos complementares. A gamifica\u00e7\u00e3o tem como caracter\u00edsticas a competi\u00e7\u00e3o, [&hellip;]","og_url":"https:\/\/brasilia.fiocruz.br\/maraberto\/galeria-mesa-de-debate-2020-parte-3-3\/","og_site_name":"Mar Aberto","article_modified_time":"2021-03-15T16:43:43+00:00","twitter_card":"summary_large_image","twitter_misc":{"Est. tempo de leitura":"3 minutos"},"schema":{"@context":"https:\/\/schema.org","@graph":[{"@type":"WebPage","@id":"https:\/\/brasilia.fiocruz.br\/maraberto\/galeria-mesa-de-debate-2020-parte-3-3\/","url":"https:\/\/brasilia.fiocruz.br\/maraberto\/galeria-mesa-de-debate-2020-parte-3-3\/","name":"GALERIA MESA DE DEBATE 2020 - PARTE 3\/3 - Mar Aberto","isPartOf":{"@id":"https:\/\/brasilia.fiocruz.br\/maraberto\/#website"},"datePublished":"2021-02-19T14:39:52+00:00","dateModified":"2021-03-15T16:43:43+00:00","breadcrumb":{"@id":"https:\/\/brasilia.fiocruz.br\/maraberto\/galeria-mesa-de-debate-2020-parte-3-3\/#breadcrumb"},"inLanguage":"pt-BR","potentialAction":[{"@type":"ReadAction","target":["https:\/\/brasilia.fiocruz.br\/maraberto\/galeria-mesa-de-debate-2020-parte-3-3\/"]}]},{"@type":"BreadcrumbList","@id":"https:\/\/brasilia.fiocruz.br\/maraberto\/galeria-mesa-de-debate-2020-parte-3-3\/#breadcrumb","itemListElement":[{"@type":"ListItem","position":1,"name":"In\u00edcio","item":"https:\/\/brasilia.fiocruz.br\/maraberto\/"},{"@type":"ListItem","position":2,"name":"GALERIA MESA DE DEBATE 2020 &#8211; PARTE 3\/3"}]},{"@type":"WebSite","@id":"https:\/\/brasilia.fiocruz.br\/maraberto\/#website","url":"https:\/\/brasilia.fiocruz.br\/maraberto\/","name":"Mar Aberto","description":"Educa\u00e7\u00e3o, Sa\u00fade e Tecnologias","potentialAction":[{"@type":"SearchAction","target":{"@type":"EntryPoint","urlTemplate":"https:\/\/brasilia.fiocruz.br\/maraberto\/?s={search_term_string}"},"query-input":{"@type":"PropertyValueSpecification","valueRequired":true,"valueName":"search_term_string"}}],"inLanguage":"pt-BR"}]}},"_links":{"self":[{"href":"https:\/\/brasilia.fiocruz.br\/maraberto\/wp-json\/wp\/v2\/pages\/4274","targetHints":{"allow":["GET"]}}],"collection":[{"href":"https:\/\/brasilia.fiocruz.br\/maraberto\/wp-json\/wp\/v2\/pages"}],"about":[{"href":"https:\/\/brasilia.fiocruz.br\/maraberto\/wp-json\/wp\/v2\/types\/page"}],"author":[{"embeddable":true,"href":"https:\/\/brasilia.fiocruz.br\/maraberto\/wp-json\/wp\/v2\/users\/2"}],"replies":[{"embeddable":true,"href":"https:\/\/brasilia.fiocruz.br\/maraberto\/wp-json\/wp\/v2\/comments?post=4274"}],"version-history":[{"count":5,"href":"https:\/\/brasilia.fiocruz.br\/maraberto\/wp-json\/wp\/v2\/pages\/4274\/revisions"}],"predecessor-version":[{"id":4355,"href":"https:\/\/brasilia.fiocruz.br\/maraberto\/wp-json\/wp\/v2\/pages\/4274\/revisions\/4355"}],"wp:attachment":[{"href":"https:\/\/brasilia.fiocruz.br\/maraberto\/wp-json\/wp\/v2\/media?parent=4274"}],"curies":[{"name":"wp","href":"https:\/\/api.w.org\/{rel}","templated":true}]}}