{"id":12105,"date":"2026-03-17T11:48:09","date_gmt":"2026-03-17T14:48:09","guid":{"rendered":"https:\/\/brasilia.fiocruz.br\/nosnarede\/?page_id=12105"},"modified":"2026-04-16T09:15:08","modified_gmt":"2026-04-16T12:15:08","slug":"emissao-de-declaracao","status":"publish","type":"page","link":"https:\/\/brasilia.fiocruz.br\/nosnarede\/emissao-de-declaracao\/","title":{"rendered":"Emiss\u00e3o de declara\u00e7\u00e3o"},"content":{"rendered":"\n<div class=\"wp-block-group is-layout-constrained wp-container-core-group-is-layout-92ef7b19 wp-block-group-is-layout-constrained\">\n<h2 class=\"wp-block-heading has-text-align-center\">Emiss\u00e3o de declara\u00e7\u00e3o<\/h2>\n\n\n\n<p>A comprova\u00e7\u00e3o de atua\u00e7\u00e3o no curso \u201cN\u00f3s na Rede\u201d pode ser obtida por meio da emiss\u00e3o de uma declara\u00e7\u00e3o oficial disponibilizada pela equipe do projeto. Preencha as informa\u00e7\u00f5es solicitadas e gere seu comprovante de forma r\u00e1pida e segura.<\/p>\n\n\n\n<p style=\"margin-top:var(--wp--preset--spacing--20);margin-bottom:var(--wp--preset--spacing--20)\">D\u00favidas? Consulte o <a href=\"https:\/\/brasilia.fiocruz.br\/nosnarede\/wp-content\/uploads\/sites\/10\/2026\/04\/Tutorial-Emissao-Declaracao.pdf\" target=\"_blank\" rel=\"noreferrer noopener\">tutorial de como emitir a declara\u00e7\u00e3o<\/a>.<\/p>\n\n\n        <div class=\"dp-form-container\">\n            <form id=\"dp-cpf-form\">\n                <div class=\"dp-input-group\">\n                    <label for=\"dp-cpf\">Informe seu CPF para emitir a declara\u00e7\u00e3o:<\/label>\n                    <input type=\"text\" id=\"dp-cpf\" name=\"cpf\" placeholder=\"000.000.000-00\" required>\n                <\/div>\n                <div class=\"dp-input-group\">\n                    <label for=\"dp-email\">Informe o e-mail cadastrado na Fiotec:<\/label>\n                    <input type=\"email\" id=\"dp-email\" name=\"email\" placeholder=\"seu@email.com\" required>\n                <\/div>\n                <button type=\"submit\" id=\"dp-submit-btn\">Consultar<\/button>\n                <div id=\"dp-message\"><\/div>\n            <\/form>\n        <\/div>\n        \n<\/div>\n","protected":false},"excerpt":{"rendered":"<p>Emiss\u00e3o de declara\u00e7\u00e3o A comprova\u00e7\u00e3o de atua\u00e7\u00e3o no curso \u201cN\u00f3s na Rede\u201d pode ser obtida por meio da emiss\u00e3o de uma declara\u00e7\u00e3o oficial disponibilizada pela equipe do projeto. Preencha as informa\u00e7\u00f5es solicitadas e gere seu comprovante de forma r\u00e1pida e segura. D\u00favidas? Consulte o tutorial de como emitir a declara\u00e7\u00e3o.<\/p>\n","protected":false},"author":13,"featured_media":0,"parent":0,"menu_order":0,"comment_status":"closed","ping_status":"closed","template":"","meta":{"_equipe_uf_key":"","_equipe_cidade_key":"","footnotes":""},"class_list":["post-12105","page","type-page","status-publish","hentry"],"yoast_head":"<!-- This site is optimized with the Yoast SEO plugin v27.1.1 - https:\/\/yoast.com\/product\/yoast-seo-wordpress\/ -->\n<title>Emiss\u00e3o de declara\u00e7\u00e3o - N\u00f3s Na Rede<\/title>\n<meta name=\"robots\" content=\"index, follow, max-snippet:-1, max-image-preview:large, max-video-preview:-1\" \/>\n<link rel=\"canonical\" href=\"https:\/\/brasilia.fiocruz.br\/nosnarede\/emissao-de-declaracao\/\" \/>\n<meta property=\"og:locale\" content=\"pt_BR\" \/>\n<meta property=\"og:type\" content=\"article\" \/>\n<meta property=\"og:title\" content=\"Emiss\u00e3o de declara\u00e7\u00e3o - N\u00f3s Na Rede\" \/>\n<meta property=\"og:description\" content=\"Emiss\u00e3o de declara\u00e7\u00e3o A comprova\u00e7\u00e3o de atua\u00e7\u00e3o no curso \u201cN\u00f3s na Rede\u201d pode ser obtida por meio da emiss\u00e3o de uma declara\u00e7\u00e3o oficial disponibilizada pela equipe do projeto. Preencha as informa\u00e7\u00f5es solicitadas e gere seu comprovante de forma r\u00e1pida e segura. D\u00favidas? Consulte o tutorial de como emitir a declara\u00e7\u00e3o.\" \/>\n<meta property=\"og:url\" content=\"https:\/\/brasilia.fiocruz.br\/nosnarede\/emissao-de-declaracao\/\" \/>\n<meta property=\"og:site_name\" content=\"N\u00f3s Na Rede\" \/>\n<meta property=\"article:modified_time\" content=\"2026-04-16T12:15:08+00:00\" \/>\n<meta name=\"twitter:card\" content=\"summary_large_image\" \/>\n<meta name=\"twitter:label1\" content=\"Est. tempo de leitura\" \/>\n\t<meta name=\"twitter:data1\" content=\"1 minuto\" \/>\n<script type=\"application\/ld+json\" class=\"yoast-schema-graph\">{\"@context\":\"https:\/\/schema.org\",\"@graph\":[{\"@type\":\"WebPage\",\"@id\":\"https:\/\/brasilia.fiocruz.br\/nosnarede\/emissao-de-declaracao\/\",\"url\":\"https:\/\/brasilia.fiocruz.br\/nosnarede\/emissao-de-declaracao\/\",\"name\":\"Emiss\u00e3o de declara\u00e7\u00e3o - N\u00f3s Na Rede\",\"isPartOf\":{\"@id\":\"https:\/\/brasilia.fiocruz.br\/nosnarede\/#website\"},\"datePublished\":\"2026-03-17T14:48:09+00:00\",\"dateModified\":\"2026-04-16T12:15:08+00:00\",\"breadcrumb\":{\"@id\":\"https:\/\/brasilia.fiocruz.br\/nosnarede\/emissao-de-declaracao\/#breadcrumb\"},\"inLanguage\":\"pt-BR\",\"potentialAction\":[{\"@type\":\"ReadAction\",\"target\":[\"https:\/\/brasilia.fiocruz.br\/nosnarede\/emissao-de-declaracao\/\"]}]},{\"@type\":\"BreadcrumbList\",\"@id\":\"https:\/\/brasilia.fiocruz.br\/nosnarede\/emissao-de-declaracao\/#breadcrumb\",\"itemListElement\":[{\"@type\":\"ListItem\",\"position\":1,\"name\":\"In\u00edcio\",\"item\":\"https:\/\/brasilia.fiocruz.br\/nosnarede\/\"},{\"@type\":\"ListItem\",\"position\":2,\"name\":\"Emiss\u00e3o de declara\u00e7\u00e3o\"}]},{\"@type\":\"WebSite\",\"@id\":\"https:\/\/brasilia.fiocruz.br\/nosnarede\/#website\",\"url\":\"https:\/\/brasilia.fiocruz.br\/nosnarede\/\",\"name\":\"N\u00f3s Na Rede\",\"description\":\"\",\"publisher\":{\"@id\":\"https:\/\/brasilia.fiocruz.br\/nosnarede\/#organization\"},\"potentialAction\":[{\"@type\":\"SearchAction\",\"target\":{\"@type\":\"EntryPoint\",\"urlTemplate\":\"https:\/\/brasilia.fiocruz.br\/nosnarede\/?s={search_term_string}\"},\"query-input\":{\"@type\":\"PropertyValueSpecification\",\"valueRequired\":true,\"valueName\":\"search_term_string\"}}],\"inLanguage\":\"pt-BR\"},{\"@type\":\"Organization\",\"@id\":\"https:\/\/brasilia.fiocruz.br\/nosnarede\/#organization\",\"name\":\"N\u00f3s Na Rede\",\"url\":\"https:\/\/brasilia.fiocruz.br\/nosnarede\/\",\"logo\":{\"@type\":\"ImageObject\",\"inLanguage\":\"pt-BR\",\"@id\":\"https:\/\/brasilia.fiocruz.br\/nosnarede\/#\/schema\/logo\/image\/\",\"url\":\"https:\/\/brasilia.fiocruz.br\/nosnarede\/wp-content\/uploads\/sites\/10\/2025\/01\/nos-na-rede-logo.png\",\"contentUrl\":\"https:\/\/brasilia.fiocruz.br\/nosnarede\/wp-content\/uploads\/sites\/10\/2025\/01\/nos-na-rede-logo.png\",\"width\":421,\"height\":159,\"caption\":\"N\u00f3s Na Rede\"},\"image\":{\"@id\":\"https:\/\/brasilia.fiocruz.br\/nosnarede\/#\/schema\/logo\/image\/\"}}]}<\/script>\n<!-- \/ Yoast SEO plugin. -->","yoast_head_json":{"title":"Emiss\u00e3o de declara\u00e7\u00e3o - N\u00f3s Na Rede","robots":{"index":"index","follow":"follow","max-snippet":"max-snippet:-1","max-image-preview":"max-image-preview:large","max-video-preview":"max-video-preview:-1"},"canonical":"https:\/\/brasilia.fiocruz.br\/nosnarede\/emissao-de-declaracao\/","og_locale":"pt_BR","og_type":"article","og_title":"Emiss\u00e3o de declara\u00e7\u00e3o - N\u00f3s Na Rede","og_description":"Emiss\u00e3o de declara\u00e7\u00e3o A comprova\u00e7\u00e3o de atua\u00e7\u00e3o no curso \u201cN\u00f3s na Rede\u201d pode ser obtida por meio da emiss\u00e3o de uma declara\u00e7\u00e3o oficial disponibilizada pela equipe do projeto. Preencha as informa\u00e7\u00f5es solicitadas e gere seu comprovante de forma r\u00e1pida e segura. D\u00favidas? Consulte o tutorial de como emitir a declara\u00e7\u00e3o.","og_url":"https:\/\/brasilia.fiocruz.br\/nosnarede\/emissao-de-declaracao\/","og_site_name":"N\u00f3s Na Rede","article_modified_time":"2026-04-16T12:15:08+00:00","twitter_card":"summary_large_image","twitter_misc":{"Est. tempo de leitura":"1 minuto"},"schema":{"@context":"https:\/\/schema.org","@graph":[{"@type":"WebPage","@id":"https:\/\/brasilia.fiocruz.br\/nosnarede\/emissao-de-declaracao\/","url":"https:\/\/brasilia.fiocruz.br\/nosnarede\/emissao-de-declaracao\/","name":"Emiss\u00e3o de declara\u00e7\u00e3o - N\u00f3s Na Rede","isPartOf":{"@id":"https:\/\/brasilia.fiocruz.br\/nosnarede\/#website"},"datePublished":"2026-03-17T14:48:09+00:00","dateModified":"2026-04-16T12:15:08+00:00","breadcrumb":{"@id":"https:\/\/brasilia.fiocruz.br\/nosnarede\/emissao-de-declaracao\/#breadcrumb"},"inLanguage":"pt-BR","potentialAction":[{"@type":"ReadAction","target":["https:\/\/brasilia.fiocruz.br\/nosnarede\/emissao-de-declaracao\/"]}]},{"@type":"BreadcrumbList","@id":"https:\/\/brasilia.fiocruz.br\/nosnarede\/emissao-de-declaracao\/#breadcrumb","itemListElement":[{"@type":"ListItem","position":1,"name":"In\u00edcio","item":"https:\/\/brasilia.fiocruz.br\/nosnarede\/"},{"@type":"ListItem","position":2,"name":"Emiss\u00e3o de declara\u00e7\u00e3o"}]},{"@type":"WebSite","@id":"https:\/\/brasilia.fiocruz.br\/nosnarede\/#website","url":"https:\/\/brasilia.fiocruz.br\/nosnarede\/","name":"N\u00f3s Na Rede","description":"","publisher":{"@id":"https:\/\/brasilia.fiocruz.br\/nosnarede\/#organization"},"potentialAction":[{"@type":"SearchAction","target":{"@type":"EntryPoint","urlTemplate":"https:\/\/brasilia.fiocruz.br\/nosnarede\/?s={search_term_string}"},"query-input":{"@type":"PropertyValueSpecification","valueRequired":true,"valueName":"search_term_string"}}],"inLanguage":"pt-BR"},{"@type":"Organization","@id":"https:\/\/brasilia.fiocruz.br\/nosnarede\/#organization","name":"N\u00f3s Na Rede","url":"https:\/\/brasilia.fiocruz.br\/nosnarede\/","logo":{"@type":"ImageObject","inLanguage":"pt-BR","@id":"https:\/\/brasilia.fiocruz.br\/nosnarede\/#\/schema\/logo\/image\/","url":"https:\/\/brasilia.fiocruz.br\/nosnarede\/wp-content\/uploads\/sites\/10\/2025\/01\/nos-na-rede-logo.png","contentUrl":"https:\/\/brasilia.fiocruz.br\/nosnarede\/wp-content\/uploads\/sites\/10\/2025\/01\/nos-na-rede-logo.png","width":421,"height":159,"caption":"N\u00f3s Na Rede"},"image":{"@id":"https:\/\/brasilia.fiocruz.br\/nosnarede\/#\/schema\/logo\/image\/"}}]}},"_links":{"self":[{"href":"https:\/\/brasilia.fiocruz.br\/nosnarede\/wp-json\/wp\/v2\/pages\/12105","targetHints":{"allow":["GET"]}}],"collection":[{"href":"https:\/\/brasilia.fiocruz.br\/nosnarede\/wp-json\/wp\/v2\/pages"}],"about":[{"href":"https:\/\/brasilia.fiocruz.br\/nosnarede\/wp-json\/wp\/v2\/types\/page"}],"author":[{"embeddable":true,"href":"https:\/\/brasilia.fiocruz.br\/nosnarede\/wp-json\/wp\/v2\/users\/13"}],"replies":[{"embeddable":true,"href":"https:\/\/brasilia.fiocruz.br\/nosnarede\/wp-json\/wp\/v2\/comments?post=12105"}],"version-history":[{"count":4,"href":"https:\/\/brasilia.fiocruz.br\/nosnarede\/wp-json\/wp\/v2\/pages\/12105\/revisions"}],"predecessor-version":[{"id":12134,"href":"https:\/\/brasilia.fiocruz.br\/nosnarede\/wp-json\/wp\/v2\/pages\/12105\/revisions\/12134"}],"wp:attachment":[{"href":"https:\/\/brasilia.fiocruz.br\/nosnarede\/wp-json\/wp\/v2\/media?parent=12105"}],"curies":[{"name":"wp","href":"https:\/\/api.w.org\/{rel}","templated":true}]}}