{"id":8543,"date":"2025-02-28T21:32:40","date_gmt":"2025-03-01T00:32:40","guid":{"rendered":"https:\/\/brasilia.fiocruz.br\/nosnarede\/?page_id=8543"},"modified":"2025-03-28T20:29:07","modified_gmt":"2025-03-28T23:29:07","slug":"conheca-a-equipe-do-nusmad-que-desenvolve-o-projeto-nos-na-rede-2","status":"publish","type":"page","link":"https:\/\/brasilia.fiocruz.br\/nosnarede\/conheca-a-equipe-do-nusmad-que-desenvolve-o-projeto-nos-na-rede-2\/","title":{"rendered":"Conhe\u00e7a a equipe do Nusmad que desenvolve o Projeto N\u00f3s na Rede"},"content":{"rendered":"\n<div class=\"wp-block-group is-layout-constrained wp-container-core-group-is-layout-704e782a wp-block-group-is-layout-constrained\">\n<h2 class=\"wp-block-heading\">Conhe\u00e7a a equipe do Nusmad que desenvolve o Projeto N\u00f3s na Rede<\/h2>\n\n\n\n<hr class=\"wp-block-separator has-alpha-channel-opacity is-style-dots\" style=\"margin-top:var(--wp--preset--spacing--30);margin-bottom:var(--wp--preset--spacing--30)\" \/>\n\n\n\n<p style=\"font-size:16px\"><strong>FUNDA\u00c7\u00c3O OSWALDO CRUZ \u2013 FIOCRUZ<\/strong><\/p>\n\n\n\n<p style=\"font-size:16px\"><strong>Presidente<\/strong><br>M\u00e1rio Moreira<br>Fiocruz Bras\u00edlia \u2013 Gereb<\/p>\n\n\n\n<p style=\"font-size:16px\"><strong>Diretora<\/strong><br>Maria Fabiana Dam\u00e1sio Passos<\/p>\n\n\n\n<p style=\"font-size:16px\"><br><strong>Escola de Governo Fiocruz Bras\u00edlia \u2013 EGF<\/strong><\/p>\n\n\n\n<p style=\"font-size:16px\"><strong>Diretora Executiva<br><\/strong>Luciana Sep\u00falveda K\u00f6ptcke<\/p>\n\n\n\n<p style=\"font-size:16px\"><strong>EQUIPE NACIONAL DO PROJETO<\/strong><\/p>\n\n\n\n<p style=\"font-size:16px\"><strong>Coordena\u00e7\u00e3o do N\u00facleo de Sa\u00fade Mental, \u00c1lcool e outras Drogas<\/strong><\/p>\n\n\n\n<p style=\"font-size:16px\">Andr\u00e9 Vin\u00edcius Pires Guerrero<\/p>\n\n\n\n<p><strong>Coordena\u00e7\u00e3o Executiva<\/strong><\/p>\n\n\n\n<p>Francini Lube Guizardi<\/p>\n\n\n\n<p>Caroline Zamboni de Souza<\/p>\n\n\n\n<p><strong>Equipe Executiva<\/strong><\/p>\n\n\n\n<p>Ana Beatriz Barbosa Barreiros<\/p>\n\n\n\n<p>Daiana Silva de Brito<\/p>\n\n\n\n<p>Amanda de Ara\u00fajo Moreira<\/p>\n\n\n\n<p><strong>Equipe de comunica\u00e7\u00e3o<\/strong><\/p>\n\n\n\n<p>Gustavo Pozzobon de Albuquerque Lima<\/p>\n\n\n\n<p>Vanessa Bernardes Souza Rocha<\/p>\n\n\n\n<p>Doriv\u00e2ndia Ribeiro Torres <\/p>\n\n\n\n<p><strong>Desenvolvimento do site <\/strong><\/p>\n\n\n\n<p>Augusto Yamamoto<\/p>\n\n\n\n<p>Assun\u00e7\u00e3o Jr<\/p>\n\n\n\n<p>Marcos Piovesan<\/p>\n\n\n\n<p><br><strong>Apoiadoras Nacionais<\/strong><\/p>\n\n\n\n<p>Mariane Pontes da Silva<\/p>\n\n\n\n<p>Marla Borges de Castro<\/p>\n\n\n\n<p>Ol\u00edvia Albuquerque Ugarte<\/p>\n\n\n\n<p>Raquel Gonsalves Ritter<\/p>\n\n\n\n<p>Vanessa Rosa Bastos da Silva<\/p>\n\n\n\n<p><strong>Assessoria T\u00e9cnica<\/strong><\/p>\n\n\n\n<p>Barbara Coelho Vaz<\/p>\n\n\n\n<p>Cintya Azevedo Goncalves<\/p>\n\n\n\n<p>Edvaldo J\u00fanior Virote da Silva<\/p>\n\n\n\n<p>Gisele Seabra Fernandes<\/p>\n\n\n\n<p>Graziella Barbosa Barreiros<\/p>\n\n\n\n<p>Larrucia Laize De Castro Peretti<\/p>\n\n\n\n<p>Livia Dias J\u00e1come Reis<\/p>\n\n\n\n<p>Raquel Aguiar Alves<\/p>\n\n\n\n<p><br><strong>N\u00facleo de Educa\u00e7\u00e3o \u00e0 Dist\u00e2ncia<\/strong><\/p>\n\n\n\n<p>Samuel Leandro Pereira Dourado<\/p>\n\n\n\n<p>Rafael Cotrim Henriques<\/p>\n\n\n\n<p>Meirirene Moslaves Meira<\/p>\n\n\n\n<p>Thiago Xavier da Silva<\/p>\n\n\n\n<p>Trevor Furtado Souza<\/p>\n\n\n\n<p>Vando Carvalho Rodrigues Pinto<\/p>\n\n\n\n<p><br><strong>EQUIPE ESTADUAL<br>Mobilizadores<\/strong><\/p>\n\n\n\n<ul class=\"wp-block-list\">\n<li>Ana Elizabeth Sousa Reis<\/li>\n\n\n\n<li>Ana Maria Thom\u00e9 De Oliveira<\/li>\n\n\n\n<li>Angela Maria S\u00e1tiro Da N\u00f3brega Felix<\/li>\n\n\n\n<li>Annie Louise Saboya Prado<\/li>\n\n\n\n<li>B\u00e1rbara Coelho Ferreira<\/li>\n\n\n\n<li>Cesar Gustavo Moraes Ramos<\/li>\n\n\n\n<li>Claudine Carneiro Aguiar<\/li>\n\n\n\n<li>Cleiana Francisca Bezerra Mesquita<\/li>\n\n\n\n<li>Daniela Ferrugem<\/li>\n\n\n\n<li>D\u00e9borah Santos Concei\u00e7\u00e3o<\/li>\n\n\n\n<li>Denise Miyamoto De Oliveira<\/li>\n\n\n\n<li>Edna Mara Mendon\u00e7a<\/li>\n\n\n\n<li>Elaine Fernandes Da Cunha Mesquita<\/li>\n\n\n\n<li>Fernanda Nogueira<\/li>\n\n\n\n<li>Fl\u00e1via Fasciotti Macedo Azevedo<\/li>\n\n\n\n<li>Guilherme Daniel Pupo<\/li>\n\n\n\n<li>Hamilton Roberto Mota da Silva<\/li>\n\n\n\n<li>Jayane Pinheiro Trindade<\/li>\n\n\n\n<li>Kellen Da Costa Barbosa<\/li>\n\n\n\n<li>L\u00edlian Patr\u00edcia Silva de Souza<\/li>\n\n\n\n<li>L\u00facia Maria Pissolatti Da Silva Navarro<\/li>\n\n\n\n<li>Luciana Cordeiro<\/li>\n\n\n\n<li>Luiz Alberto dos Santos Ferreira<\/li>\n\n\n\n<li>Luana Izabel Da Silva Nunes<\/li>\n\n\n\n<li>Ma\u00edra de Mello Cabral e Matos<\/li>\n\n\n\n<li>Mara Isa De Vasconcelos Coracini<\/li>\n\n\n\n<li>Maria Clerismar Pereira Dos Santos<\/li>\n\n\n\n<li>Maria do Socorro Vieira Marques<\/li>\n\n\n\n<li>Maria Leonete Simioli Da Paz Louzan<\/li>\n\n\n\n<li>Nic\u00e9ia Maria Malheiros Castelo Branco<\/li>\n\n\n\n<li>On\u00e9zimo Tadeu D&#8217;Assun\u00e7\u00e3o<\/li>\n\n\n\n<li>Pedro Ivo Freitas De Carvalho Yahn<\/li>\n\n\n\n<li>Rafael Silva West<\/li>\n\n\n\n<li>Regina Cl\u00e1udia Barroso Cavalcante<\/li>\n\n\n\n<li>Regina Juliana Sousa da Silva<\/li>\n\n\n\n<li>Rita de Cassia Acioli Barbosa<\/li>\n\n\n\n<li>Riva Karla Vieira Da Silva<\/li>\n\n\n\n<li>Rosangela Elias<\/li>\n\n\n\n<li>Sandra Lucia Vitorino<\/li>\n\n\n\n<li>Sandra Maciel de Carvalho<\/li>\n\n\n\n<li>Selma de F\u00e1tima da Silva Bueno<\/li>\n\n\n\n<li>Simone Alves Cotrin Moreira<\/li>\n\n\n\n<li>Soraya Danniza Barbosa Miter Simon<\/li>\n\n\n\n<li>Stellamaris Pinheiro de Souza Nascimento<\/li>\n\n\n\n<li>Suely das Gra\u00e7as Alves Pinto<\/li>\n\n\n\n<li>Thalita Dutra de Abreu<\/li>\n\n\n\n<li>Tiago Ribeiro da Silva<\/li>\n\n\n\n<li>Uyara Br\u00e1z Soares<\/li>\n<\/ul>\n\n\n\n<p><\/p>\n<\/div>\n","protected":false},"excerpt":{"rendered":"<p>Conhe\u00e7a a equipe do Nusmad que desenvolve o Projeto N\u00f3s na Rede FUNDA\u00c7\u00c3O OSWALDO CRUZ \u2013 FIOCRUZ PresidenteM\u00e1rio MoreiraFiocruz Bras\u00edlia \u2013 Gereb DiretoraMaria Fabiana Dam\u00e1sio Passos Escola de Governo Fiocruz Bras\u00edlia \u2013 EGF Diretora ExecutivaLuciana Sep\u00falveda K\u00f6ptcke EQUIPE NACIONAL DO PROJETO Coordena\u00e7\u00e3o do N\u00facleo de Sa\u00fade Mental, \u00c1lcool e outras Drogas Andr\u00e9 Vin\u00edcius Pires Guerrero [&hellip;]<\/p>\n","protected":false},"author":13,"featured_media":0,"parent":0,"menu_order":0,"comment_status":"closed","ping_status":"closed","template":"","meta":{"_equipe_uf_key":"","_equipe_cidade_key":"","footnotes":""},"class_list":["post-8543","page","type-page","status-publish","hentry"],"yoast_head":"<!-- This site is optimized with the Yoast SEO plugin v27.6 - https:\/\/yoast.com\/product\/yoast-seo-wordpress\/ -->\n<title>Conhe\u00e7a a equipe do Nusmad que desenvolve o Projeto N\u00f3s na Rede - N\u00f3s Na Rede<\/title>\n<meta name=\"robots\" content=\"index, follow, max-snippet:-1, max-image-preview:large, max-video-preview:-1\" \/>\n<link rel=\"canonical\" href=\"https:\/\/brasilia.fiocruz.br\/nosnarede\/conheca-a-equipe-do-nusmad-que-desenvolve-o-projeto-nos-na-rede-2\/\" \/>\n<meta property=\"og:locale\" content=\"pt_BR\" \/>\n<meta property=\"og:type\" content=\"article\" \/>\n<meta property=\"og:title\" content=\"Conhe\u00e7a a equipe do Nusmad que desenvolve o Projeto N\u00f3s na Rede - N\u00f3s Na Rede\" \/>\n<meta property=\"og:description\" content=\"Conhe\u00e7a a equipe do Nusmad que desenvolve o Projeto N\u00f3s na Rede FUNDA\u00c7\u00c3O OSWALDO CRUZ \u2013 FIOCRUZ PresidenteM\u00e1rio MoreiraFiocruz Bras\u00edlia \u2013 Gereb DiretoraMaria Fabiana Dam\u00e1sio Passos Escola de Governo Fiocruz Bras\u00edlia \u2013 EGF Diretora ExecutivaLuciana Sep\u00falveda K\u00f6ptcke EQUIPE NACIONAL DO PROJETO Coordena\u00e7\u00e3o do N\u00facleo de Sa\u00fade Mental, \u00c1lcool e outras Drogas Andr\u00e9 Vin\u00edcius Pires Guerrero [&hellip;]\" \/>\n<meta property=\"og:url\" content=\"https:\/\/brasilia.fiocruz.br\/nosnarede\/conheca-a-equipe-do-nusmad-que-desenvolve-o-projeto-nos-na-rede-2\/\" \/>\n<meta property=\"og:site_name\" content=\"N\u00f3s Na Rede\" \/>\n<meta property=\"article:modified_time\" content=\"2025-03-28T23:29:07+00:00\" \/>\n<meta name=\"twitter:card\" content=\"summary_large_image\" \/>\n<meta name=\"twitter:label1\" content=\"Est. tempo de leitura\" \/>\n\t<meta name=\"twitter:data1\" content=\"3 minutos\" \/>\n<script type=\"application\/ld+json\" class=\"yoast-schema-graph\">{\"@context\":\"https:\\\/\\\/schema.org\",\"@graph\":[{\"@type\":\"WebPage\",\"@id\":\"https:\\\/\\\/brasilia.fiocruz.br\\\/nosnarede\\\/conheca-a-equipe-do-nusmad-que-desenvolve-o-projeto-nos-na-rede-2\\\/\",\"url\":\"https:\\\/\\\/brasilia.fiocruz.br\\\/nosnarede\\\/conheca-a-equipe-do-nusmad-que-desenvolve-o-projeto-nos-na-rede-2\\\/\",\"name\":\"Conhe\u00e7a a equipe do Nusmad que desenvolve o Projeto N\u00f3s na Rede - N\u00f3s Na Rede\",\"isPartOf\":{\"@id\":\"https:\\\/\\\/brasilia.fiocruz.br\\\/nosnarede\\\/#website\"},\"datePublished\":\"2025-03-01T00:32:40+00:00\",\"dateModified\":\"2025-03-28T23:29:07+00:00\",\"breadcrumb\":{\"@id\":\"https:\\\/\\\/brasilia.fiocruz.br\\\/nosnarede\\\/conheca-a-equipe-do-nusmad-que-desenvolve-o-projeto-nos-na-rede-2\\\/#breadcrumb\"},\"inLanguage\":\"pt-BR\",\"potentialAction\":[{\"@type\":\"ReadAction\",\"target\":[\"https:\\\/\\\/brasilia.fiocruz.br\\\/nosnarede\\\/conheca-a-equipe-do-nusmad-que-desenvolve-o-projeto-nos-na-rede-2\\\/\"]}]},{\"@type\":\"BreadcrumbList\",\"@id\":\"https:\\\/\\\/brasilia.fiocruz.br\\\/nosnarede\\\/conheca-a-equipe-do-nusmad-que-desenvolve-o-projeto-nos-na-rede-2\\\/#breadcrumb\",\"itemListElement\":[{\"@type\":\"ListItem\",\"position\":1,\"name\":\"In\u00edcio\",\"item\":\"https:\\\/\\\/brasilia.fiocruz.br\\\/nosnarede\\\/\"},{\"@type\":\"ListItem\",\"position\":2,\"name\":\"Conhe\u00e7a a equipe do Nusmad que desenvolve o Projeto N\u00f3s na Rede\"}]},{\"@type\":\"WebSite\",\"@id\":\"https:\\\/\\\/brasilia.fiocruz.br\\\/nosnarede\\\/#website\",\"url\":\"https:\\\/\\\/brasilia.fiocruz.br\\\/nosnarede\\\/\",\"name\":\"N\u00f3s Na Rede\",\"description\":\"\",\"publisher\":{\"@id\":\"https:\\\/\\\/brasilia.fiocruz.br\\\/nosnarede\\\/#organization\"},\"potentialAction\":[{\"@type\":\"SearchAction\",\"target\":{\"@type\":\"EntryPoint\",\"urlTemplate\":\"https:\\\/\\\/brasilia.fiocruz.br\\\/nosnarede\\\/?s={search_term_string}\"},\"query-input\":{\"@type\":\"PropertyValueSpecification\",\"valueRequired\":true,\"valueName\":\"search_term_string\"}}],\"inLanguage\":\"pt-BR\"},{\"@type\":\"Organization\",\"@id\":\"https:\\\/\\\/brasilia.fiocruz.br\\\/nosnarede\\\/#organization\",\"name\":\"N\u00f3s Na Rede\",\"url\":\"https:\\\/\\\/brasilia.fiocruz.br\\\/nosnarede\\\/\",\"logo\":{\"@type\":\"ImageObject\",\"inLanguage\":\"pt-BR\",\"@id\":\"https:\\\/\\\/brasilia.fiocruz.br\\\/nosnarede\\\/#\\\/schema\\\/logo\\\/image\\\/\",\"url\":\"https:\\\/\\\/brasilia.fiocruz.br\\\/nosnarede\\\/wp-content\\\/uploads\\\/sites\\\/10\\\/2025\\\/01\\\/nos-na-rede-logo.png\",\"contentUrl\":\"https:\\\/\\\/brasilia.fiocruz.br\\\/nosnarede\\\/wp-content\\\/uploads\\\/sites\\\/10\\\/2025\\\/01\\\/nos-na-rede-logo.png\",\"width\":421,\"height\":159,\"caption\":\"N\u00f3s Na Rede\"},\"image\":{\"@id\":\"https:\\\/\\\/brasilia.fiocruz.br\\\/nosnarede\\\/#\\\/schema\\\/logo\\\/image\\\/\"}}]}<\/script>\n<!-- \/ Yoast SEO plugin. -->","yoast_head_json":{"title":"Conhe\u00e7a a equipe do Nusmad que desenvolve o Projeto N\u00f3s na Rede - N\u00f3s Na Rede","robots":{"index":"index","follow":"follow","max-snippet":"max-snippet:-1","max-image-preview":"max-image-preview:large","max-video-preview":"max-video-preview:-1"},"canonical":"https:\/\/brasilia.fiocruz.br\/nosnarede\/conheca-a-equipe-do-nusmad-que-desenvolve-o-projeto-nos-na-rede-2\/","og_locale":"pt_BR","og_type":"article","og_title":"Conhe\u00e7a a equipe do Nusmad que desenvolve o Projeto N\u00f3s na Rede - N\u00f3s Na Rede","og_description":"Conhe\u00e7a a equipe do Nusmad que desenvolve o Projeto N\u00f3s na Rede FUNDA\u00c7\u00c3O OSWALDO CRUZ \u2013 FIOCRUZ PresidenteM\u00e1rio MoreiraFiocruz Bras\u00edlia \u2013 Gereb DiretoraMaria Fabiana Dam\u00e1sio Passos Escola de Governo Fiocruz Bras\u00edlia \u2013 EGF Diretora ExecutivaLuciana Sep\u00falveda K\u00f6ptcke EQUIPE NACIONAL DO PROJETO Coordena\u00e7\u00e3o do N\u00facleo de Sa\u00fade Mental, \u00c1lcool e outras Drogas Andr\u00e9 Vin\u00edcius Pires Guerrero [&hellip;]","og_url":"https:\/\/brasilia.fiocruz.br\/nosnarede\/conheca-a-equipe-do-nusmad-que-desenvolve-o-projeto-nos-na-rede-2\/","og_site_name":"N\u00f3s Na Rede","article_modified_time":"2025-03-28T23:29:07+00:00","twitter_card":"summary_large_image","twitter_misc":{"Est. tempo de leitura":"3 minutos"},"schema":{"@context":"https:\/\/schema.org","@graph":[{"@type":"WebPage","@id":"https:\/\/brasilia.fiocruz.br\/nosnarede\/conheca-a-equipe-do-nusmad-que-desenvolve-o-projeto-nos-na-rede-2\/","url":"https:\/\/brasilia.fiocruz.br\/nosnarede\/conheca-a-equipe-do-nusmad-que-desenvolve-o-projeto-nos-na-rede-2\/","name":"Conhe\u00e7a a equipe do Nusmad que desenvolve o Projeto N\u00f3s na Rede - N\u00f3s Na Rede","isPartOf":{"@id":"https:\/\/brasilia.fiocruz.br\/nosnarede\/#website"},"datePublished":"2025-03-01T00:32:40+00:00","dateModified":"2025-03-28T23:29:07+00:00","breadcrumb":{"@id":"https:\/\/brasilia.fiocruz.br\/nosnarede\/conheca-a-equipe-do-nusmad-que-desenvolve-o-projeto-nos-na-rede-2\/#breadcrumb"},"inLanguage":"pt-BR","potentialAction":[{"@type":"ReadAction","target":["https:\/\/brasilia.fiocruz.br\/nosnarede\/conheca-a-equipe-do-nusmad-que-desenvolve-o-projeto-nos-na-rede-2\/"]}]},{"@type":"BreadcrumbList","@id":"https:\/\/brasilia.fiocruz.br\/nosnarede\/conheca-a-equipe-do-nusmad-que-desenvolve-o-projeto-nos-na-rede-2\/#breadcrumb","itemListElement":[{"@type":"ListItem","position":1,"name":"In\u00edcio","item":"https:\/\/brasilia.fiocruz.br\/nosnarede\/"},{"@type":"ListItem","position":2,"name":"Conhe\u00e7a a equipe do Nusmad que desenvolve o Projeto N\u00f3s na Rede"}]},{"@type":"WebSite","@id":"https:\/\/brasilia.fiocruz.br\/nosnarede\/#website","url":"https:\/\/brasilia.fiocruz.br\/nosnarede\/","name":"N\u00f3s Na Rede","description":"","publisher":{"@id":"https:\/\/brasilia.fiocruz.br\/nosnarede\/#organization"},"potentialAction":[{"@type":"SearchAction","target":{"@type":"EntryPoint","urlTemplate":"https:\/\/brasilia.fiocruz.br\/nosnarede\/?s={search_term_string}"},"query-input":{"@type":"PropertyValueSpecification","valueRequired":true,"valueName":"search_term_string"}}],"inLanguage":"pt-BR"},{"@type":"Organization","@id":"https:\/\/brasilia.fiocruz.br\/nosnarede\/#organization","name":"N\u00f3s Na Rede","url":"https:\/\/brasilia.fiocruz.br\/nosnarede\/","logo":{"@type":"ImageObject","inLanguage":"pt-BR","@id":"https:\/\/brasilia.fiocruz.br\/nosnarede\/#\/schema\/logo\/image\/","url":"https:\/\/brasilia.fiocruz.br\/nosnarede\/wp-content\/uploads\/sites\/10\/2025\/01\/nos-na-rede-logo.png","contentUrl":"https:\/\/brasilia.fiocruz.br\/nosnarede\/wp-content\/uploads\/sites\/10\/2025\/01\/nos-na-rede-logo.png","width":421,"height":159,"caption":"N\u00f3s Na Rede"},"image":{"@id":"https:\/\/brasilia.fiocruz.br\/nosnarede\/#\/schema\/logo\/image\/"}}]}},"_links":{"self":[{"href":"https:\/\/brasilia.fiocruz.br\/nosnarede\/wp-json\/wp\/v2\/pages\/8543","targetHints":{"allow":["GET"]}}],"collection":[{"href":"https:\/\/brasilia.fiocruz.br\/nosnarede\/wp-json\/wp\/v2\/pages"}],"about":[{"href":"https:\/\/brasilia.fiocruz.br\/nosnarede\/wp-json\/wp\/v2\/types\/page"}],"author":[{"embeddable":true,"href":"https:\/\/brasilia.fiocruz.br\/nosnarede\/wp-json\/wp\/v2\/users\/13"}],"replies":[{"embeddable":true,"href":"https:\/\/brasilia.fiocruz.br\/nosnarede\/wp-json\/wp\/v2\/comments?post=8543"}],"version-history":[{"count":6,"href":"https:\/\/brasilia.fiocruz.br\/nosnarede\/wp-json\/wp\/v2\/pages\/8543\/revisions"}],"predecessor-version":[{"id":10466,"href":"https:\/\/brasilia.fiocruz.br\/nosnarede\/wp-json\/wp\/v2\/pages\/8543\/revisions\/10466"}],"wp:attachment":[{"href":"https:\/\/brasilia.fiocruz.br\/nosnarede\/wp-json\/wp\/v2\/media?parent=8543"}],"curies":[{"name":"wp","href":"https:\/\/api.w.org\/{rel}","templated":true}]}}