{"id":8547,"date":"2025-02-28T21:36:27","date_gmt":"2025-03-01T00:36:27","guid":{"rendered":"https:\/\/brasilia.fiocruz.br\/nosnarede\/?page_id=8547"},"modified":"2025-05-23T23:15:41","modified_gmt":"2025-05-24T02:15:41","slug":"conheca-os-integrantes-do-grupo-condutor-do-projeto-nos-na-rede","status":"publish","type":"page","link":"https:\/\/brasilia.fiocruz.br\/nosnarede\/conheca-os-integrantes-do-grupo-condutor-do-projeto-nos-na-rede\/","title":{"rendered":"Conhe\u00e7a os integrantes do Grupo Condutor do Projeto N\u00f3s na Rede"},"content":{"rendered":"\n<div class=\"wp-block-group is-layout-constrained wp-container-core-group-is-layout-704e782a wp-block-group-is-layout-constrained\">\n<h2 class=\"wp-block-heading\">Conhe\u00e7a os integrantes do Grupo Condutor do Projeto N\u00f3s na Rede<\/h2>\n\n\n\n<hr class=\"wp-block-separator has-alpha-channel-opacity is-style-dots\" \/>\n\n\n\n<ul style=\"font-size:16px;line-height:1.8\" class=\"wp-block-list\">\n<li>Amanda de Ara\u00fajo Moreira &#8211; Equipe Executiva Projeto N\u00f3s na Rede &#8211; NUSMAD\/ Fiocruz Bras\u00edlia<\/li>\n\n\n\n<li>Ana Beatriz Barbosa Barreiros \u2013 Equipe Executiva Projeto N\u00f3s na Rede &#8211; NUSMAD\/ Fiocruz Bras\u00edlia<\/li>\n\n\n\n<li>Andr\u00e9 Vin\u00edcius Pires Guerrero \u2013 Coordena\u00e7\u00e3o NUSMAD\/ Fiocruz Bras\u00edlia<\/li>\n\n\n\n<li>Bethania Ramos Meireles &#8211; Equipe CAES\/DEGES\/SGTES\/MS<\/li>\n\n\n\n<li>Caroline Zamboni de Souza \u2013 Coordena\u00e7\u00e3o executiva Projeto N\u00f3s na Rede. NUSMAD\/ Fiocruz Bras\u00edlia<\/li>\n\n\n\n<li>Claudia Cristiane Moura S. Souza \u2013 Escola de Sa\u00fade P\u00fablica da Bahia &#8211; Representante da Regi\u00e3o Nordeste<\/li>\n\n\n\n<li>Claudia Regina de Moraes e Abreu \u2013 Escola Municipal de Sa\u00fade de S\u00e3o Paulo &#8211; Representante da Regi\u00e3o Sudeste<\/li>\n\n\n\n<li>Cleide Anzil \u2013 Secret\u00e1ria de Sa\u00fade de Alto Paraguai\/MT &#8211; Conasems<\/li>\n\n\n\n<li>\u00c9rika Almeida &#8211; Coordenadora-Geral de A\u00e7\u00f5es Estrat\u00e9gicas de Educa\u00e7\u00e3o na Sa\u00fade- CGAES\/DEGES\/SGTES<\/li>\n\n\n\n<li>Fl\u00e1vio \u00c1lvares \u2013 Assessor T\u00e9cnico &#8211; Conasems<\/li>\n\n\n\n<li>Francini Lube Guizardi &#8211; Coordena\u00e7\u00e3o executiva Projeto N\u00f3s na Rede. NUSMAD\/ Fiocruz Bras\u00edlia<\/li>\n\n\n\n<li>Gustavo Nanni &#8211; Equipe CAIN\/CGESCO\/DESCO\/SAPS\/MS<\/li>\n\n\n\n<li>Jessica Rodrigues Machado &#8211; Equipe CAES\/DEGES\/SGTES\/MS<\/li>\n\n\n\n<li>Joana Thiesen &#8211; Desmad\/SAES\/MS<\/li>\n\n\n\n<li>Jo\u00e3o Mendes Lima J\u00fanior \u2013 Coordena\u00e7\u00e3o Geral de Desinstitucionaliza\u00e7\u00e3o e Direitos Humanos da Rede de Sa\u00fade Mental &#8211; Desmad\/SAPS\/MS<\/li>\n\n\n\n<li>Larissa Correia Nunes Dantas &#8211; Equipe CAES\/DEGES\/SGTES\/MS<\/li>\n\n\n\n<li>Livia Mello &#8211; Diretora do Departamento de Gest\u00e3o da Educa\u00e7\u00e3o &#8211; DEGES\/SGTES<\/li>\n\n\n\n<li>Lorena Albuquerque &#8211; Coordenadora-Geral de A\u00e7\u00f5es Estrat\u00e9gicas de Educa\u00e7\u00e3o na Sa\u00fade, substituta &#8211; CGAES\/DEGES\/SGTES<\/li>\n\n\n\n<li>Luciana Vieira \u2013 Assessora T\u00e9cnica &#8211; Conass<\/li>\n\n\n\n<li>M\u00e1rcia Oliveira &#8211; Assessora do Departamento de Sa\u00fade Mental, \u00c1lcool e Outras Drogas -Desmad\/SAPS\/MS<\/li>\n\n\n\n<li>Nath\u00e1lia dos Santos Silva &#8211; Secretaria da Sa\u00fade do Governo de Goi\u00e1s \u2013 Conass<\/li>\n\n\n\n<li>Neli Maria Castro de Almeida &#8211; Coordena\u00e7\u00e3o Geral de Gest\u00e3o e Avalia\u00e7\u00e3o da Rede de Aten\u00e7\u00e3o Psicossocial &#8211; CGGAE\/DESMAD\/SAES\/MS<\/li>\n\n\n\n<li>Olivia Lucena de Medeiros &#8211; Coodenadora de a\u00e7\u00f5es interprofissionais -CAIN\/CGESCO\/DESCO\/SAPS\/MS<\/li>\n\n\n\n<li>Raimunda Fortaleza \u2013 Escola Tocantinense do Sistema \u00danico de Sa\u00fade Dr. Gismar Gomes \u2013 Representante da Regi\u00e3o Norte<\/li>\n\n\n\n<li>Silvia Aparecida Tomaz \u2013 Escola de Sa\u00fade P\u00fablica do Estado de Mato Grosso &#8211; Representante da Regi\u00e3o Centro-Oeste<\/li>\n\n\n\n<li>Solange Roth Bara &#8211; Equipe ESPP \u2013 CFRH &#8211; Representante da Regi\u00e3o Sul<\/li>\n<\/ul>\n<\/div>\n\n\n\n<p><\/p>\n","protected":false},"excerpt":{"rendered":"<p>Conhe\u00e7a os integrantes do Grupo Condutor do Projeto N\u00f3s na Rede<\/p>\n","protected":false},"author":13,"featured_media":0,"parent":0,"menu_order":0,"comment_status":"closed","ping_status":"closed","template":"","meta":{"_equipe_uf_key":"","_equipe_cidade_key":"","footnotes":""},"class_list":["post-8547","page","type-page","status-publish","hentry"],"yoast_head":"<!-- This site is optimized with the Yoast SEO plugin v27.1.1 - https:\/\/yoast.com\/product\/yoast-seo-wordpress\/ -->\n<title>Conhe\u00e7a os integrantes do Grupo Condutor do Projeto N\u00f3s na Rede - N\u00f3s Na Rede<\/title>\n<meta name=\"robots\" content=\"index, follow, max-snippet:-1, max-image-preview:large, max-video-preview:-1\" \/>\n<link rel=\"canonical\" href=\"https:\/\/brasilia.fiocruz.br\/nosnarede\/conheca-os-integrantes-do-grupo-condutor-do-projeto-nos-na-rede\/\" \/>\n<meta property=\"og:locale\" content=\"pt_BR\" \/>\n<meta property=\"og:type\" content=\"article\" \/>\n<meta property=\"og:title\" content=\"Conhe\u00e7a os integrantes do Grupo Condutor do Projeto N\u00f3s na Rede - N\u00f3s Na Rede\" \/>\n<meta property=\"og:description\" content=\"Conhe\u00e7a os integrantes do Grupo Condutor do Projeto N\u00f3s na Rede\" \/>\n<meta property=\"og:url\" content=\"https:\/\/brasilia.fiocruz.br\/nosnarede\/conheca-os-integrantes-do-grupo-condutor-do-projeto-nos-na-rede\/\" \/>\n<meta property=\"og:site_name\" content=\"N\u00f3s Na Rede\" \/>\n<meta property=\"article:modified_time\" content=\"2025-05-24T02:15:41+00:00\" \/>\n<meta name=\"twitter:card\" content=\"summary_large_image\" \/>\n<meta name=\"twitter:label1\" content=\"Est. tempo de leitura\" \/>\n\t<meta name=\"twitter:data1\" content=\"2 minutos\" \/>\n<script type=\"application\/ld+json\" class=\"yoast-schema-graph\">{\"@context\":\"https:\/\/schema.org\",\"@graph\":[{\"@type\":\"WebPage\",\"@id\":\"https:\/\/brasilia.fiocruz.br\/nosnarede\/conheca-os-integrantes-do-grupo-condutor-do-projeto-nos-na-rede\/\",\"url\":\"https:\/\/brasilia.fiocruz.br\/nosnarede\/conheca-os-integrantes-do-grupo-condutor-do-projeto-nos-na-rede\/\",\"name\":\"Conhe\u00e7a os integrantes do Grupo Condutor do Projeto N\u00f3s na Rede - N\u00f3s Na Rede\",\"isPartOf\":{\"@id\":\"https:\/\/brasilia.fiocruz.br\/nosnarede\/#website\"},\"datePublished\":\"2025-03-01T00:36:27+00:00\",\"dateModified\":\"2025-05-24T02:15:41+00:00\",\"breadcrumb\":{\"@id\":\"https:\/\/brasilia.fiocruz.br\/nosnarede\/conheca-os-integrantes-do-grupo-condutor-do-projeto-nos-na-rede\/#breadcrumb\"},\"inLanguage\":\"pt-BR\",\"potentialAction\":[{\"@type\":\"ReadAction\",\"target\":[\"https:\/\/brasilia.fiocruz.br\/nosnarede\/conheca-os-integrantes-do-grupo-condutor-do-projeto-nos-na-rede\/\"]}]},{\"@type\":\"BreadcrumbList\",\"@id\":\"https:\/\/brasilia.fiocruz.br\/nosnarede\/conheca-os-integrantes-do-grupo-condutor-do-projeto-nos-na-rede\/#breadcrumb\",\"itemListElement\":[{\"@type\":\"ListItem\",\"position\":1,\"name\":\"In\u00edcio\",\"item\":\"https:\/\/brasilia.fiocruz.br\/nosnarede\/\"},{\"@type\":\"ListItem\",\"position\":2,\"name\":\"Conhe\u00e7a os integrantes do Grupo Condutor do Projeto N\u00f3s na Rede\"}]},{\"@type\":\"WebSite\",\"@id\":\"https:\/\/brasilia.fiocruz.br\/nosnarede\/#website\",\"url\":\"https:\/\/brasilia.fiocruz.br\/nosnarede\/\",\"name\":\"N\u00f3s Na Rede\",\"description\":\"\",\"publisher\":{\"@id\":\"https:\/\/brasilia.fiocruz.br\/nosnarede\/#organization\"},\"potentialAction\":[{\"@type\":\"SearchAction\",\"target\":{\"@type\":\"EntryPoint\",\"urlTemplate\":\"https:\/\/brasilia.fiocruz.br\/nosnarede\/?s={search_term_string}\"},\"query-input\":{\"@type\":\"PropertyValueSpecification\",\"valueRequired\":true,\"valueName\":\"search_term_string\"}}],\"inLanguage\":\"pt-BR\"},{\"@type\":\"Organization\",\"@id\":\"https:\/\/brasilia.fiocruz.br\/nosnarede\/#organization\",\"name\":\"N\u00f3s Na Rede\",\"url\":\"https:\/\/brasilia.fiocruz.br\/nosnarede\/\",\"logo\":{\"@type\":\"ImageObject\",\"inLanguage\":\"pt-BR\",\"@id\":\"https:\/\/brasilia.fiocruz.br\/nosnarede\/#\/schema\/logo\/image\/\",\"url\":\"https:\/\/brasilia.fiocruz.br\/nosnarede\/wp-content\/uploads\/sites\/10\/2025\/01\/nos-na-rede-logo.png\",\"contentUrl\":\"https:\/\/brasilia.fiocruz.br\/nosnarede\/wp-content\/uploads\/sites\/10\/2025\/01\/nos-na-rede-logo.png\",\"width\":421,\"height\":159,\"caption\":\"N\u00f3s Na Rede\"},\"image\":{\"@id\":\"https:\/\/brasilia.fiocruz.br\/nosnarede\/#\/schema\/logo\/image\/\"}}]}<\/script>\n<!-- \/ Yoast SEO plugin. -->","yoast_head_json":{"title":"Conhe\u00e7a os integrantes do Grupo Condutor do Projeto N\u00f3s na Rede - N\u00f3s Na Rede","robots":{"index":"index","follow":"follow","max-snippet":"max-snippet:-1","max-image-preview":"max-image-preview:large","max-video-preview":"max-video-preview:-1"},"canonical":"https:\/\/brasilia.fiocruz.br\/nosnarede\/conheca-os-integrantes-do-grupo-condutor-do-projeto-nos-na-rede\/","og_locale":"pt_BR","og_type":"article","og_title":"Conhe\u00e7a os integrantes do Grupo Condutor do Projeto N\u00f3s na Rede - N\u00f3s Na Rede","og_description":"Conhe\u00e7a os integrantes do Grupo Condutor do Projeto N\u00f3s na Rede","og_url":"https:\/\/brasilia.fiocruz.br\/nosnarede\/conheca-os-integrantes-do-grupo-condutor-do-projeto-nos-na-rede\/","og_site_name":"N\u00f3s Na Rede","article_modified_time":"2025-05-24T02:15:41+00:00","twitter_card":"summary_large_image","twitter_misc":{"Est. tempo de leitura":"2 minutos"},"schema":{"@context":"https:\/\/schema.org","@graph":[{"@type":"WebPage","@id":"https:\/\/brasilia.fiocruz.br\/nosnarede\/conheca-os-integrantes-do-grupo-condutor-do-projeto-nos-na-rede\/","url":"https:\/\/brasilia.fiocruz.br\/nosnarede\/conheca-os-integrantes-do-grupo-condutor-do-projeto-nos-na-rede\/","name":"Conhe\u00e7a os integrantes do Grupo Condutor do Projeto N\u00f3s na Rede - N\u00f3s Na Rede","isPartOf":{"@id":"https:\/\/brasilia.fiocruz.br\/nosnarede\/#website"},"datePublished":"2025-03-01T00:36:27+00:00","dateModified":"2025-05-24T02:15:41+00:00","breadcrumb":{"@id":"https:\/\/brasilia.fiocruz.br\/nosnarede\/conheca-os-integrantes-do-grupo-condutor-do-projeto-nos-na-rede\/#breadcrumb"},"inLanguage":"pt-BR","potentialAction":[{"@type":"ReadAction","target":["https:\/\/brasilia.fiocruz.br\/nosnarede\/conheca-os-integrantes-do-grupo-condutor-do-projeto-nos-na-rede\/"]}]},{"@type":"BreadcrumbList","@id":"https:\/\/brasilia.fiocruz.br\/nosnarede\/conheca-os-integrantes-do-grupo-condutor-do-projeto-nos-na-rede\/#breadcrumb","itemListElement":[{"@type":"ListItem","position":1,"name":"In\u00edcio","item":"https:\/\/brasilia.fiocruz.br\/nosnarede\/"},{"@type":"ListItem","position":2,"name":"Conhe\u00e7a os integrantes do Grupo Condutor do Projeto N\u00f3s na Rede"}]},{"@type":"WebSite","@id":"https:\/\/brasilia.fiocruz.br\/nosnarede\/#website","url":"https:\/\/brasilia.fiocruz.br\/nosnarede\/","name":"N\u00f3s Na Rede","description":"","publisher":{"@id":"https:\/\/brasilia.fiocruz.br\/nosnarede\/#organization"},"potentialAction":[{"@type":"SearchAction","target":{"@type":"EntryPoint","urlTemplate":"https:\/\/brasilia.fiocruz.br\/nosnarede\/?s={search_term_string}"},"query-input":{"@type":"PropertyValueSpecification","valueRequired":true,"valueName":"search_term_string"}}],"inLanguage":"pt-BR"},{"@type":"Organization","@id":"https:\/\/brasilia.fiocruz.br\/nosnarede\/#organization","name":"N\u00f3s Na Rede","url":"https:\/\/brasilia.fiocruz.br\/nosnarede\/","logo":{"@type":"ImageObject","inLanguage":"pt-BR","@id":"https:\/\/brasilia.fiocruz.br\/nosnarede\/#\/schema\/logo\/image\/","url":"https:\/\/brasilia.fiocruz.br\/nosnarede\/wp-content\/uploads\/sites\/10\/2025\/01\/nos-na-rede-logo.png","contentUrl":"https:\/\/brasilia.fiocruz.br\/nosnarede\/wp-content\/uploads\/sites\/10\/2025\/01\/nos-na-rede-logo.png","width":421,"height":159,"caption":"N\u00f3s Na Rede"},"image":{"@id":"https:\/\/brasilia.fiocruz.br\/nosnarede\/#\/schema\/logo\/image\/"}}]}},"_links":{"self":[{"href":"https:\/\/brasilia.fiocruz.br\/nosnarede\/wp-json\/wp\/v2\/pages\/8547","targetHints":{"allow":["GET"]}}],"collection":[{"href":"https:\/\/brasilia.fiocruz.br\/nosnarede\/wp-json\/wp\/v2\/pages"}],"about":[{"href":"https:\/\/brasilia.fiocruz.br\/nosnarede\/wp-json\/wp\/v2\/types\/page"}],"author":[{"embeddable":true,"href":"https:\/\/brasilia.fiocruz.br\/nosnarede\/wp-json\/wp\/v2\/users\/13"}],"replies":[{"embeddable":true,"href":"https:\/\/brasilia.fiocruz.br\/nosnarede\/wp-json\/wp\/v2\/comments?post=8547"}],"version-history":[{"count":2,"href":"https:\/\/brasilia.fiocruz.br\/nosnarede\/wp-json\/wp\/v2\/pages\/8547\/revisions"}],"predecessor-version":[{"id":8555,"href":"https:\/\/brasilia.fiocruz.br\/nosnarede\/wp-json\/wp\/v2\/pages\/8547\/revisions\/8555"}],"wp:attachment":[{"href":"https:\/\/brasilia.fiocruz.br\/nosnarede\/wp-json\/wp\/v2\/media?parent=8547"}],"curies":[{"name":"wp","href":"https:\/\/api.w.org\/{rel}","templated":true}]}}